{"id":24066,"date":"2023-12-06T21:09:18","date_gmt":"2023-12-06T18:09:18","guid":{"rendered":"https:\/\/prelive2.pomello.ee\/toode\/nikk-mole-rosemary-puhdistusvaahtoa\/"},"modified":"2024-03-30T10:31:29","modified_gmt":"2024-03-30T07:31:29","slug":"nikk-mole-rosemary-puhdistusvaahtoa","status":"publish","type":"product","link":"https:\/\/prelive2.pomello.ee\/fi\/toode\/nikk-mole-rosemary-puhdistusvaahtoa\/","title":{"rendered":"NIKK MOLE Rosemary puhdistusvaahtoa"},"content":{"rendered":"<p><strong>K\u00e4ytt\u00f6ohje<\/strong>: Levit\u00e4 shampoo kulmakarvojen alueelle ja hiero hell\u00e4varaisesti py\u00f6rivin liikkein. K\u00e4sittele alue harjalla tai sormenp\u00e4ill\u00e4, huuhtele vedell\u00e4.<\/p>\n<p><strong>Koko:<\/strong> 150 ml<\/p>\n<p><strong>L\u00e4ht\u00f6maa:<\/strong> Ukraina<\/p>\n","protected":false},"excerpt":{"rendered":"<p>NIKK MOLE Rosemary puhdistusvaahto kulmille, ripsille ja kasvoille!<\/p>\n<p>&nbsp;<\/p>\n<p>T\u00e4m\u00e4 kevyt ja ilmava puhdistusvaahto on suunniteltu kulmakarvoille, ripsille ja kasvoille, se puhdistaa poistamalla hell\u00e4varaisesti \u00f6ljyn sek\u00e4 iholta ett\u00e4 hiuksista. Hell\u00e4varaisen kuorivan vaikutuksensa ansiosta shampoo poistaa hell\u00e4sti kuolleet ihosolut ja auttaa hennaa tarttumaan ihoon paremmin. Puhdistusvaahto sis\u00e4lt\u00e4\u00e4 luonnollista aloe-mehua, joka ei ainoastaan \u200b\u200bkosteuta ihoa, vaan my\u00f6s stimuloi hiusten ja ripsien kasvua, t\u00e4ytt\u00e4\u00e4 ne vahvuudella ja antaa niille terveen kiillon. Tuote ei sis\u00e4ll\u00e4 keinotekoisia ainesosia eik\u00e4 kuivata silm\u00e4luomien ihoa. Se on ihanteellinen jokap\u00e4iv\u00e4iseen k\u00e4ytt\u00f6\u00f6n niin kotona kuin ammattik\u00e4sity\u00f6l\u00e4isellekin.<\/p>\n<p>&nbsp;<\/p>\n<p>Huolellisesti valitut aktiiviset ainesosat auttavat palauttamaan ihon suojan tasapainon:<\/p>\n<ul>\n<li>100 % rosmariinin eteerinen \u00f6ljy s\u00e4vytt\u00e4\u00e4 ihoa ja tasoittaa sen v\u00e4ri\u00e4;<\/li>\n<li>Bergamotti puhdistaa ja kirist\u00e4\u00e4 huokosia;<\/li>\n<li>Ylang-ylang rauhoittaa ja aktivoi solujen uudistumisprosesseja;<\/li>\n<li>Luonnollisella betaiinilla on rauhoittava vaikutus;<\/li>\n<li>Provitamiini B suojaa ja edist\u00e4\u00e4 ihosolujen uusiutumista.<\/li>\n<\/ul>\n","protected":false},"featured_media":22987,"comment_status":"open","ping_status":"closed","template":"","meta":{"_monsterinsights_skip_tracking":false,"_monsterinsights_sitenote_active":false,"_monsterinsights_sitenote_note":"","_monsterinsights_sitenote_category":0},"product_cat":[476,520,475],"product_tag":[],"class_list":{"0":"post-24066","1":"product","2":"type-product","3":"status-publish","4":"has-post-thumbnail","6":"product_cat-kulmakarvat","7":"product_cat-puhdistustuotteet","8":"product_cat-ripset","9":"pa_brand-nikk-mole-fi","10":"pa_suurus-150-ml-fi","12":"first","13":"instock","14":"taxable","15":"shipping-taxable","16":"purchasable","17":"product-type-simple"},"_links":{"self":[{"href":"https:\/\/prelive2.pomello.ee\/fi\/wp-json\/wp\/v2\/product\/24066","targetHints":{"allow":["GET"]}}],"collection":[{"href":"https:\/\/prelive2.pomello.ee\/fi\/wp-json\/wp\/v2\/product"}],"about":[{"href":"https:\/\/prelive2.pomello.ee\/fi\/wp-json\/wp\/v2\/types\/product"}],"replies":[{"embeddable":true,"href":"https:\/\/prelive2.pomello.ee\/fi\/wp-json\/wp\/v2\/comments?post=24066"}],"version-history":[{"count":0,"href":"https:\/\/prelive2.pomello.ee\/fi\/wp-json\/wp\/v2\/product\/24066\/revisions"}],"wp:featuredmedia":[{"embeddable":true,"href":"https:\/\/prelive2.pomello.ee\/fi\/wp-json\/wp\/v2\/media\/22987"}],"wp:attachment":[{"href":"https:\/\/prelive2.pomello.ee\/fi\/wp-json\/wp\/v2\/media?parent=24066"}],"wp:term":[{"taxonomy":"product_cat","embeddable":true,"href":"https:\/\/prelive2.pomello.ee\/fi\/wp-json\/wp\/v2\/product_cat?post=24066"},{"taxonomy":"product_tag","embeddable":true,"href":"https:\/\/prelive2.pomello.ee\/fi\/wp-json\/wp\/v2\/product_tag?post=24066"}],"curies":[{"name":"wp","href":"https:\/\/api.w.org\/{rel}","templated":true}]}}