{"id":24064,"date":"2023-12-22T10:58:14","date_gmt":"2023-12-22T07:58:14","guid":{"rendered":"https:\/\/prelive2.pomello.ee\/toode\/maxymova-lamipad\/"},"modified":"2023-12-22T10:58:14","modified_gmt":"2023-12-22T07:58:14","slug":"maxymova-lamipad","status":"publish","type":"product","link":"https:\/\/prelive2.pomello.ee\/fi\/toode\/maxymova-lamipad\/","title":{"rendered":"MAXYMOVA LamiPad"},"content":{"rendered":"<p>MAXYMOVA Silicone LamiPad on pehme\u00e4, joustava ja eritt\u00e4in helppok\u00e4ytt\u00f6inen ty\u00f6paikalla, asiakkaan p\u00e4\u00e4n vieress\u00e4 tai ripsityynyll\u00e4.<\/p>\n<p>&nbsp;<\/p>\n<p>Ammattilaisille v\u00e4ltt\u00e4m\u00e4t\u00f6n!<\/p>\n<p>&nbsp;<\/p>\n<p>\u2705 Paletilla on k\u00e4tev\u00e4 annostella ripsien ja kulmakarvojen laminointituotteita, \u00f6ljyj\u00e4, voiteita, keratiinia ja paljon muuta.<\/p>\n<p>\u2705 Varmistaa p\u00f6yd\u00e4n puhtauden ja mukavan k\u00e4yt\u00f6n.<\/p>\n<p>\u2705 Ymp\u00e4rist\u00f6yst\u00e4v\u00e4llinen.<\/p>\n<p>\u2705 Eritt\u00e4in helppo puhdistaa vedell\u00e4. Paletti voidaan desinfioida ja steriloida.<\/p>\n<p>\u2705 Laadukas ei-huokoinen silikoni, ei tahroja j\u00e4\u00e4 v\u00e4rien k\u00e4yt\u00f6n j\u00e4lkeen.<\/p>\n<p>\u2705 8 uraa, joten voit k\u00e4ytt\u00e4\u00e4 sit\u00e4 samanaikaisesti.<\/p>\n<p>&nbsp;<\/p>\n<p>Mitat: 10 cm x 15 cm<\/p>\n<p>V\u00e4ri musta<\/p>\n","protected":false},"excerpt":{"rendered":"<p>MAXYMOVA LamiPad on suunniteltu kosmetologille, joka suorittaa kulmakarvojen laminointia ja ripsien kohotusta. LamiPad on varustettu kahdeksalla rei\u00e4ll\u00e4, joihin voidaan levitt\u00e4\u00e4 emulsioita, puhdistusvaahtoa ja liimaa, jolloin useita tuotteita voidaan s\u00e4ilytt\u00e4\u00e4 samanaikaisesti. T\u00e4m\u00e4 ominaisuus tekee toimenpiteist\u00e4 nopeampia ja k\u00e4tev\u00e4mpi\u00e4 kosmetologille.<\/p>\n<p>&nbsp;<\/p>\n<p>Lis\u00e4ksi LamiPad on k\u00e4tev\u00e4 apuv\u00e4line my\u00f6s kulmakarvojen hoitoon, sill\u00e4 siihen mahtuu esimerkiksi vanulappuja, puhdistusvaahtoa ja kulmakarvojen v\u00e4riainetta.<\/p>\n<p>&nbsp;<\/p>\n<p>Ymp\u00e4rist\u00f6yst\u00e4v\u00e4llinen korkealaatuinen silikoni mahdollistaa t\u00e4m\u00e4n tuotteen toistuvan k\u00e4yt\u00f6n.<\/p>\n","protected":false},"featured_media":23002,"comment_status":"open","ping_status":"closed","template":"","meta":{"_monsterinsights_skip_tracking":false,"_monsterinsights_sitenote_active":false,"_monsterinsights_sitenote_note":"","_monsterinsights_sitenote_category":0},"product_cat":[511,541,540,544],"product_tag":[],"class_list":{"0":"post-24064","1":"product","2":"type-product","3":"status-publish","4":"has-post-thumbnail","6":"product_cat-kulmakarvojen-tarvikkeet","7":"product_cat-muut-tyokalut-fi","8":"product_cat-tarvikkeet","9":"product_cat-tarvikkeet-fi","10":"pa_brand-maxymova-fi","12":"first","13":"instock","14":"taxable","15":"shipping-taxable","16":"purchasable","17":"product-type-simple"},"_links":{"self":[{"href":"https:\/\/prelive2.pomello.ee\/fi\/wp-json\/wp\/v2\/product\/24064","targetHints":{"allow":["GET"]}}],"collection":[{"href":"https:\/\/prelive2.pomello.ee\/fi\/wp-json\/wp\/v2\/product"}],"about":[{"href":"https:\/\/prelive2.pomello.ee\/fi\/wp-json\/wp\/v2\/types\/product"}],"replies":[{"embeddable":true,"href":"https:\/\/prelive2.pomello.ee\/fi\/wp-json\/wp\/v2\/comments?post=24064"}],"version-history":[{"count":0,"href":"https:\/\/prelive2.pomello.ee\/fi\/wp-json\/wp\/v2\/product\/24064\/revisions"}],"wp:featuredmedia":[{"embeddable":true,"href":"https:\/\/prelive2.pomello.ee\/fi\/wp-json\/wp\/v2\/media\/23002"}],"wp:attachment":[{"href":"https:\/\/prelive2.pomello.ee\/fi\/wp-json\/wp\/v2\/media?parent=24064"}],"wp:term":[{"taxonomy":"product_cat","embeddable":true,"href":"https:\/\/prelive2.pomello.ee\/fi\/wp-json\/wp\/v2\/product_cat?post=24064"},{"taxonomy":"product_tag","embeddable":true,"href":"https:\/\/prelive2.pomello.ee\/fi\/wp-json\/wp\/v2\/product_tag?post=24064"}],"curies":[{"name":"wp","href":"https:\/\/api.w.org\/{rel}","templated":true}]}}