{"id":24061,"date":"2023-12-22T11:15:18","date_gmt":"2023-12-22T08:15:18","guid":{"rendered":"https:\/\/prelive2.pomello.ee\/toode\/zola-express-brush-cleanser-siveltimen-puhdistusaine-250ml\/"},"modified":"2024-03-30T10:28:58","modified_gmt":"2024-03-30T07:28:58","slug":"zola-express-brush-cleanser-siveltimen-puhdistusaine-250ml","status":"publish","type":"product","link":"https:\/\/prelive2.pomello.ee\/fi\/toode\/zola-express-brush-cleanser-siveltimen-puhdistusaine-250ml\/","title":{"rendered":"ZOLA Express Brush Cleanser siveltimen puhdistusaine 250ml"},"content":{"rendered":"","protected":false},"excerpt":{"rendered":"<p>ZOLA Express Brush Cleanser on professionaalne kiire pintslite puhastusvahend, mis puhastab ja desinfitseerib harjad t\u00f5husalt. Ty\u00f6kalu sopii kaikentyyppisille harjoille, ja se poistaa hell\u00e4varaisesti kaikki vedenpit\u00e4v\u00e4t tekstuurit vahingoittamatta kuituja.<\/p>\n<p>&nbsp;<\/p>\n<p>T\u00e4ydellinen meikkitaiteilijoille, kulmakarvojen hoidon ammattilaisille ja meikkisiveltimien puhdistamiseen kotona.<\/p>\n<p>&nbsp;<\/p>\n<p>Ei lyhenn\u00e4 harjasten k\u00e4ytt\u00f6ik\u00e4\u00e4. Ei tarvitse huuhdella vedell\u00e4.<\/p>\n<p>&nbsp;<\/p>\n<p><strong>K\u00e4ytt\u00f6<\/strong>: levit\u00e4 pieni m\u00e4\u00e4r\u00e4 tuotetta siveltimelle ja puhdista vanulapulla tai talouspaperilla. Huuhtelu ei ole tarpeen.<\/p>\n<p>&nbsp;<\/p>\n<p>S\u00e4ilyvyys: 24 kuukautta<\/p>\n<p>&nbsp;<\/p>\n<p>Koko: 250 ml<\/p>\n","protected":false},"featured_media":23004,"comment_status":"open","ping_status":"closed","template":"","meta":{"_monsterinsights_skip_tracking":false,"_monsterinsights_sitenote_active":false,"_monsterinsights_sitenote_note":"","_monsterinsights_sitenote_category":0},"product_cat":[515,511,557,546,540],"product_tag":[],"class_list":{"0":"post-24061","1":"product","2":"type-product","3":"status-publish","4":"has-post-thumbnail","6":"product_cat-hygienia-ripset-fi","7":"product_cat-kulmakarvojen-tarvikkeet","8":"product_cat-desinfiointi","9":"product_cat-ripsien-tarvikkeet","10":"product_cat-tarvikkeet","11":"pa_brand-zola-fi","12":"pa_suurus-250-ml-fi","14":"first","15":"outofstock","16":"taxable","17":"shipping-taxable","18":"purchasable","19":"product-type-simple"},"_links":{"self":[{"href":"https:\/\/prelive2.pomello.ee\/fi\/wp-json\/wp\/v2\/product\/24061","targetHints":{"allow":["GET"]}}],"collection":[{"href":"https:\/\/prelive2.pomello.ee\/fi\/wp-json\/wp\/v2\/product"}],"about":[{"href":"https:\/\/prelive2.pomello.ee\/fi\/wp-json\/wp\/v2\/types\/product"}],"replies":[{"embeddable":true,"href":"https:\/\/prelive2.pomello.ee\/fi\/wp-json\/wp\/v2\/comments?post=24061"}],"version-history":[{"count":1,"href":"https:\/\/prelive2.pomello.ee\/fi\/wp-json\/wp\/v2\/product\/24061\/revisions"}],"predecessor-version":[{"id":24062,"href":"https:\/\/prelive2.pomello.ee\/fi\/wp-json\/wp\/v2\/product\/24061\/revisions\/24062"}],"wp:featuredmedia":[{"embeddable":true,"href":"https:\/\/prelive2.pomello.ee\/fi\/wp-json\/wp\/v2\/media\/23004"}],"wp:attachment":[{"href":"https:\/\/prelive2.pomello.ee\/fi\/wp-json\/wp\/v2\/media?parent=24061"}],"wp:term":[{"taxonomy":"product_cat","embeddable":true,"href":"https:\/\/prelive2.pomello.ee\/fi\/wp-json\/wp\/v2\/product_cat?post=24061"},{"taxonomy":"product_tag","embeddable":true,"href":"https:\/\/prelive2.pomello.ee\/fi\/wp-json\/wp\/v2\/product_tag?post=24061"}],"curies":[{"name":"wp","href":"https:\/\/api.w.org\/{rel}","templated":true}]}}