{"id":24059,"date":"2023-12-29T09:14:52","date_gmt":"2023-12-29T06:14:52","guid":{"rendered":"https:\/\/prelive2.pomello.ee\/toode\/sekoituskulho-harjastelineella\/"},"modified":"2023-12-29T09:14:52","modified_gmt":"2023-12-29T06:14:52","slug":"sekoituskulho-harjastelineella","status":"publish","type":"product","link":"https:\/\/prelive2.pomello.ee\/fi\/toode\/sekoituskulho-harjastelineella\/","title":{"rendered":"Sekoituskulho harjastelineell\u00e4"},"content":{"rendered":"","protected":false},"excerpt":{"rendered":"<p>Muovinen sekoituskulho harjastelineell\u00e4. Kulho ja pintin pidike on helppo puhdistaa ja pest\u00e4. Harjat voidaan sijoittaa pidikkeen p\u00e4\u00e4lle, mik\u00e4 tekee ty\u00f6st\u00e4 mukavampaa ja nopeampaa. Sekoituskulhoa voidaan k\u00e4ytt\u00e4\u00e4 kulmakarvojen v\u00e4riaineen sekoittamiseen, nesteiden varastointiin tai muihin tarpeellisiin tarkoituksiin.<\/p>\n<p>&nbsp;<\/p>\n<p>Tuotteissa voi olla yksitt\u00e4isi\u00e4 naarmuja, mutta t\u00e4m\u00e4 ei haittaa tuotteen k\u00e4ytt\u00f6\u00e4.<\/p>\n<p>&nbsp;<\/p>\n<p>V\u00e4ri musta<\/p>\n","protected":false},"featured_media":23006,"comment_status":"open","ping_status":"closed","template":"","meta":{"_monsterinsights_skip_tracking":false,"_monsterinsights_sitenote_active":false,"_monsterinsights_sitenote_note":"","_monsterinsights_sitenote_category":0},"product_cat":[476,511,550,549,475,546,540,544],"product_tag":[],"class_list":{"0":"post-24059","1":"product","2":"type-product","3":"status-publish","4":"has-post-thumbnail","6":"product_cat-kulmakarvat","7":"product_cat-kulmakarvojen-tarvikkeet","8":"product_cat-kupit-ja-kulhot","9":"product_cat-pullot-kupit-ja-kulhot","10":"product_cat-ripset","11":"product_cat-ripsien-tarvikkeet","12":"product_cat-tarvikkeet","13":"product_cat-tarvikkeet-fi","15":"first","16":"instock","17":"taxable","18":"shipping-taxable","19":"purchasable","20":"product-type-simple"},"_links":{"self":[{"href":"https:\/\/prelive2.pomello.ee\/fi\/wp-json\/wp\/v2\/product\/24059","targetHints":{"allow":["GET"]}}],"collection":[{"href":"https:\/\/prelive2.pomello.ee\/fi\/wp-json\/wp\/v2\/product"}],"about":[{"href":"https:\/\/prelive2.pomello.ee\/fi\/wp-json\/wp\/v2\/types\/product"}],"replies":[{"embeddable":true,"href":"https:\/\/prelive2.pomello.ee\/fi\/wp-json\/wp\/v2\/comments?post=24059"}],"version-history":[{"count":0,"href":"https:\/\/prelive2.pomello.ee\/fi\/wp-json\/wp\/v2\/product\/24059\/revisions"}],"wp:featuredmedia":[{"embeddable":true,"href":"https:\/\/prelive2.pomello.ee\/fi\/wp-json\/wp\/v2\/media\/23006"}],"wp:attachment":[{"href":"https:\/\/prelive2.pomello.ee\/fi\/wp-json\/wp\/v2\/media?parent=24059"}],"wp:term":[{"taxonomy":"product_cat","embeddable":true,"href":"https:\/\/prelive2.pomello.ee\/fi\/wp-json\/wp\/v2\/product_cat?post=24059"},{"taxonomy":"product_tag","embeddable":true,"href":"https:\/\/prelive2.pomello.ee\/fi\/wp-json\/wp\/v2\/product_tag?post=24059"}],"curies":[{"name":"wp","href":"https:\/\/api.w.org\/{rel}","templated":true}]}}