{"id":24053,"date":"2024-01-02T11:56:01","date_gmt":"2024-01-02T08:56:01","guid":{"rendered":"https:\/\/prelive2.pomello.ee\/toode\/silikoniteippi-4mm\/"},"modified":"2024-04-02T20:44:32","modified_gmt":"2024-04-02T17:44:32","slug":"silikoniteippi-4mm","status":"publish","type":"product","link":"https:\/\/prelive2.pomello.ee\/fi\/toode\/silikoniteippi-4mm\/","title":{"rendered":"Silikoniteippi 4mm"},"content":{"rendered":"","protected":false},"excerpt":{"rendered":"<p>Silikoniteippi on eritt\u00e4in ohut, joustaa hyvin ja on helposti rep\u00e4ist\u00e4viss\u00e4 tai saksilla leikattavissa. Silikoniteippi\u00e4 voidaan k\u00e4ytt\u00e4\u00e4 silm\u00e4luomien nostamiseen, mik\u00e4 on suosittu teippi ripsiteknikkojen ja ripsien kohotusmestareiden keskuudessa.<\/p>\n<p>&nbsp;<\/p>\n<p>Teippi on valmistettu innovatiivisesta materiaalista, joka hengitt\u00e4\u00e4 hyvin ja on eritt\u00e4in miellytt\u00e4v\u00e4 asiakkaan iholle, mik\u00e4 tekee iholta poistamisesta pehme\u00e4n ja miellytt\u00e4v\u00e4n.<\/p>\n<p>&nbsp;<\/p>\n<p>Mitat: 4mm x 9m.<\/p>\n","protected":false},"featured_media":23009,"comment_status":"open","ping_status":"closed","template":"","meta":{"_monsterinsights_skip_tracking":false,"_monsterinsights_sitenote_active":false,"_monsterinsights_sitenote_note":"","_monsterinsights_sitenote_category":0},"product_cat":[516,541,546,544,540],"product_tag":[],"class_list":{"0":"post-24053","1":"product","2":"type-product","3":"status-publish","4":"has-post-thumbnail","6":"product_cat-lash-lift-fi","7":"product_cat-muut-tyokalut-fi","8":"product_cat-ripsien-tarvikkeet","9":"product_cat-tarvikkeet-fi","10":"product_cat-tarvikkeet","11":"pa_brand-pomello-fi","13":"first","14":"instock","15":"taxable","16":"shipping-taxable","17":"purchasable","18":"product-type-simple"},"_links":{"self":[{"href":"https:\/\/prelive2.pomello.ee\/fi\/wp-json\/wp\/v2\/product\/24053","targetHints":{"allow":["GET"]}}],"collection":[{"href":"https:\/\/prelive2.pomello.ee\/fi\/wp-json\/wp\/v2\/product"}],"about":[{"href":"https:\/\/prelive2.pomello.ee\/fi\/wp-json\/wp\/v2\/types\/product"}],"replies":[{"embeddable":true,"href":"https:\/\/prelive2.pomello.ee\/fi\/wp-json\/wp\/v2\/comments?post=24053"}],"version-history":[{"count":1,"href":"https:\/\/prelive2.pomello.ee\/fi\/wp-json\/wp\/v2\/product\/24053\/revisions"}],"predecessor-version":[{"id":25388,"href":"https:\/\/prelive2.pomello.ee\/fi\/wp-json\/wp\/v2\/product\/24053\/revisions\/25388"}],"wp:featuredmedia":[{"embeddable":true,"href":"https:\/\/prelive2.pomello.ee\/fi\/wp-json\/wp\/v2\/media\/23009"}],"wp:attachment":[{"href":"https:\/\/prelive2.pomello.ee\/fi\/wp-json\/wp\/v2\/media?parent=24053"}],"wp:term":[{"taxonomy":"product_cat","embeddable":true,"href":"https:\/\/prelive2.pomello.ee\/fi\/wp-json\/wp\/v2\/product_cat?post=24053"},{"taxonomy":"product_tag","embeddable":true,"href":"https:\/\/prelive2.pomello.ee\/fi\/wp-json\/wp\/v2\/product_tag?post=24053"}],"curies":[{"name":"wp","href":"https:\/\/api.w.org\/{rel}","templated":true}]}}