{"id":24034,"date":"2024-01-08T16:09:11","date_gmt":"2024-01-08T13:09:11","guid":{"rendered":"https:\/\/prelive2.pomello.ee\/toode\/elan-after-wax-repair-serum-50ml\/"},"modified":"2024-04-12T15:56:22","modified_gmt":"2024-04-12T12:56:22","slug":"elan-after-wax-repair-serum-50ml","status":"publish","type":"product","link":"https:\/\/prelive2.pomello.ee\/fi\/toode\/elan-after-wax-repair-serum-50ml\/","title":{"rendered":"ELAN After Wax Repair Serum 50ml"},"content":{"rendered":"<p><strong>ELAN After Wax Repair -seerumin t\u00e4rkeimm\u00e4t ainesosat:<\/strong><\/p>\n<p>&nbsp;<\/p>\n<ol>\n<li><strong>Lohik\u00e4\u00e4rmeen veri (Croton Lechler -uute):<\/strong> Regeneratiivisista ominaisuuksistaan \u200b\u200btunnettu lohik\u00e4\u00e4rmeen veri auttaa edist\u00e4m\u00e4\u00e4n ihon uusiutumista ja elinvoimaa.<\/li>\n<li><strong>PRODEW 500 Amino Acid Complex:<\/strong> Tehokas aminohapposekoitus, joka tukee ihon luonnollista kimmoisuutta ja edist\u00e4\u00e4 tervett\u00e4, hehkuvaa ihoa.<\/li>\n<li><strong>Aloeuute:<\/strong> Rauhoittavista ominaisuuksistaan \u200b\u200btunnettu aloeuute auttaa rauhoittamaan ihoa ja v\u00e4hent\u00e4m\u00e4\u00e4n \u00e4rsytyst\u00e4 tarjoten virkist\u00e4v\u00e4n kokemuksen.<\/li>\n<\/ol>\n<p>&nbsp;<\/p>\n<p><strong>K\u00e4ytt\u00f6:<\/strong> Levit\u00e4 tarvittava m\u00e4\u00e4r\u00e4 seerumia iholle vahauksen j\u00e4lkeen ja anna vaikuttaa kunnes se on t\u00e4ysin imeytynyt.<\/p>\n<p>&nbsp;<\/p>\n<p>50 ml.<\/p>\n<p>&nbsp;<\/p>\n<p>S\u00e4ilyvyys: 24 kuukautta.<\/p>\n<p>&nbsp;<\/p>\n<p>S\u00e4ilyvyys avaamisen j\u00e4lkeen: 6 kuukautta.<\/p>\n","protected":false},"excerpt":{"rendered":"<p>ELAN After Wax Repair Serum on erityisesti kehitetty ihonhoitotuotteeksi vahauksen j\u00e4lkeen, ja se on huolellisesti suunniteltu t\u00e4ydent\u00e4m\u00e4\u00e4n ihon hehkua ihonhoitorutiinisi karvanpoiston j\u00e4lkeen. Seerumin ainutlaatuinen sekoitus on suunniteltu est\u00e4m\u00e4\u00e4n punoitusta, rauhoittamaan ihoa ja tarjoamaan v\u00e4ltt\u00e4m\u00e4t\u00f6nt\u00e4 kosteutusta varmistaen hoitavan kokemuksen karvanpoistotoimenpiteen j\u00e4lkeen.<\/p>\n<p>&nbsp;<\/p>\n<p>50 ml.<\/p>\n<p>&nbsp;<\/p>\n<p>S\u00e4ilyvyys: 24 kuukautta.<\/p>\n<p>&nbsp;<\/p>\n<p>S\u00e4ilyvyys avaamisen j\u00e4lkeen: 6 kuukautta.<\/p>\n","protected":false},"featured_media":23011,"comment_status":"open","ping_status":"closed","template":"","meta":{"_monsterinsights_skip_tracking":false,"_monsterinsights_sitenote_active":false,"_monsterinsights_sitenote_note":"","_monsterinsights_sitenote_category":0},"product_cat":[552,507,542,476],"product_tag":[],"class_list":{"0":"post-24034","1":"product","2":"type-product","3":"status-publish","4":"has-post-thumbnail","6":"product_cat-jalkihuolto","7":"product_cat-karvanpoisto","8":"product_cat-karvanpoisto-tarvikkeet-fi","9":"product_cat-kulmakarvat","10":"pa_brand-elan-fi","11":"pa_suurus-50-ml-fi","13":"first","14":"outofstock","15":"taxable","16":"shipping-taxable","17":"purchasable","18":"product-type-simple"},"_links":{"self":[{"href":"https:\/\/prelive2.pomello.ee\/fi\/wp-json\/wp\/v2\/product\/24034","targetHints":{"allow":["GET"]}}],"collection":[{"href":"https:\/\/prelive2.pomello.ee\/fi\/wp-json\/wp\/v2\/product"}],"about":[{"href":"https:\/\/prelive2.pomello.ee\/fi\/wp-json\/wp\/v2\/types\/product"}],"replies":[{"embeddable":true,"href":"https:\/\/prelive2.pomello.ee\/fi\/wp-json\/wp\/v2\/comments?post=24034"}],"version-history":[{"count":1,"href":"https:\/\/prelive2.pomello.ee\/fi\/wp-json\/wp\/v2\/product\/24034\/revisions"}],"predecessor-version":[{"id":25386,"href":"https:\/\/prelive2.pomello.ee\/fi\/wp-json\/wp\/v2\/product\/24034\/revisions\/25386"}],"wp:featuredmedia":[{"embeddable":true,"href":"https:\/\/prelive2.pomello.ee\/fi\/wp-json\/wp\/v2\/media\/23011"}],"wp:attachment":[{"href":"https:\/\/prelive2.pomello.ee\/fi\/wp-json\/wp\/v2\/media?parent=24034"}],"wp:term":[{"taxonomy":"product_cat","embeddable":true,"href":"https:\/\/prelive2.pomello.ee\/fi\/wp-json\/wp\/v2\/product_cat?post=24034"},{"taxonomy":"product_tag","embeddable":true,"href":"https:\/\/prelive2.pomello.ee\/fi\/wp-json\/wp\/v2\/product_tag?post=24034"}],"curies":[{"name":"wp","href":"https:\/\/api.w.org\/{rel}","templated":true}]}}