{"id":24032,"date":"2024-01-08T16:29:50","date_gmt":"2024-01-08T13:29:50","guid":{"rendered":"https:\/\/prelive2.pomello.ee\/toode\/elan-after-wax-skin-protection-cream\/"},"modified":"2024-04-02T20:41:31","modified_gmt":"2024-04-02T17:41:31","slug":"elan-after-wax-skin-protection-cream","status":"publish","type":"product","link":"https:\/\/prelive2.pomello.ee\/fi\/toode\/elan-after-wax-skin-protection-cream\/","title":{"rendered":"ELAN After Wax Skin Protection Cream"},"content":{"rendered":"<p>ELAN After Wax Skin Protection Cream sis\u00e4lt\u00e4\u00e4 rikki\u00e4 ja kaoliinia hoitamaan ja suojaamaan ihoa, kun taas sinkki ehk\u00e4isee ultraviolettis\u00e4teilyn liiallisia vaikutuksia.<\/p>\n<p>&nbsp;<\/p>\n<p>K\u00e4ytt\u00f6: Levit\u00e4 suojavoidetta vahattulle alueelle, ei tarvitse pest\u00e4 pois.<\/p>\n","protected":false},"excerpt":{"rendered":"<p>ELAN After Wax on ihoa suojaava voide kulmakarvojen vahauksen j\u00e4lkeen. T\u00e4m\u00e4 tuote auttaa rauhoittamaan ihoa, minimoi huokoset ja suojaa UV-s\u00e4teilt\u00e4. Rikin ja kaoliinin kaltaisten ainesosien ansiosta naamio tarjoaa sek\u00e4 ihoa hoitavaa ett\u00e4 suojaavaa ihoa.<\/p>\n<p>&nbsp;<\/p>\n<p>25 ml<\/p>\n<p>S\u00e4ilyvyys: 24 kuukautta.<\/p>\n<p>S\u00e4ilyvyys avaamisen j\u00e4lkeen: 6 kuukautta.<\/p>\n","protected":false},"featured_media":23014,"comment_status":"open","ping_status":"closed","template":"","meta":{"_monsterinsights_skip_tracking":false,"_monsterinsights_sitenote_active":false,"_monsterinsights_sitenote_note":"","_monsterinsights_sitenote_category":0},"product_cat":[552,507,542,476],"product_tag":[],"class_list":{"0":"post-24032","1":"product","2":"type-product","3":"status-publish","4":"has-post-thumbnail","6":"product_cat-jalkihuolto","7":"product_cat-karvanpoisto","8":"product_cat-karvanpoisto-tarvikkeet-fi","9":"product_cat-kulmakarvat","10":"pa_brand-elan-fi","11":"pa_suurus-25-ml-fi","13":"first","14":"instock","15":"taxable","16":"shipping-taxable","17":"purchasable","18":"product-type-simple"},"_links":{"self":[{"href":"https:\/\/prelive2.pomello.ee\/fi\/wp-json\/wp\/v2\/product\/24032","targetHints":{"allow":["GET"]}}],"collection":[{"href":"https:\/\/prelive2.pomello.ee\/fi\/wp-json\/wp\/v2\/product"}],"about":[{"href":"https:\/\/prelive2.pomello.ee\/fi\/wp-json\/wp\/v2\/types\/product"}],"replies":[{"embeddable":true,"href":"https:\/\/prelive2.pomello.ee\/fi\/wp-json\/wp\/v2\/comments?post=24032"}],"version-history":[{"count":1,"href":"https:\/\/prelive2.pomello.ee\/fi\/wp-json\/wp\/v2\/product\/24032\/revisions"}],"predecessor-version":[{"id":25384,"href":"https:\/\/prelive2.pomello.ee\/fi\/wp-json\/wp\/v2\/product\/24032\/revisions\/25384"}],"wp:featuredmedia":[{"embeddable":true,"href":"https:\/\/prelive2.pomello.ee\/fi\/wp-json\/wp\/v2\/media\/23014"}],"wp:attachment":[{"href":"https:\/\/prelive2.pomello.ee\/fi\/wp-json\/wp\/v2\/media?parent=24032"}],"wp:term":[{"taxonomy":"product_cat","embeddable":true,"href":"https:\/\/prelive2.pomello.ee\/fi\/wp-json\/wp\/v2\/product_cat?post=24032"},{"taxonomy":"product_tag","embeddable":true,"href":"https:\/\/prelive2.pomello.ee\/fi\/wp-json\/wp\/v2\/product_tag?post=24032"}],"curies":[{"name":"wp","href":"https:\/\/api.w.org\/{rel}","templated":true}]}}