{"id":24028,"date":"2023-11-12T14:39:45","date_gmt":"2023-11-12T11:39:45","guid":{"rendered":"https:\/\/prelive2.pomello.ee\/toode\/my-lamination-color-ripsi-ja-kulmavarit\/"},"modified":"2023-11-12T14:39:45","modified_gmt":"2023-11-12T11:39:45","slug":"my-lamination-color-ripsi-ja-kulmavarit","status":"publish","type":"product","link":"https:\/\/prelive2.pomello.ee\/fi\/toode\/my-lamination-color-ripsi-ja-kulmavarit\/","title":{"rendered":"My Lamination Color Ripsi- ja kulmav\u00e4rit"},"content":{"rendered":"<p>On k\u00e4ytett\u00e4v\u00e4 <a href=\"https:\/\/prelive2.pomello.ee\/toode\/my-lamination-kreemvesinik-2\/\">My Lamination Color Developer.<\/a><\/p>\n<p>Koko: 20 ml<\/p>\n<p>Tuotteen s\u00e4ilyvyys avaamisen j\u00e4lkeen: 5 kuukautta<\/p>\n<p>&nbsp;<\/p>\n<p>VAIN AMMATTIMAISEEN K\u00c4YTT\u00d6\u00d6N<\/p>\n","protected":false},"excerpt":{"rendered":"<p>My Lamination Color Collection ripsi- ja kulmav\u00e4rit<\/p>\n<p>&nbsp;<\/p>\n<p>My Lamination Color -v\u00e4rit on suunniteltu v\u00e4rj\u00e4\u00e4m\u00e4\u00e4n ripset ja kulmakarvat laminoinnin aikana kuivattamatta ripsi\u00e4 ja kulmakarvoja. V\u00e4rivalikoima sis\u00e4lt\u00e4\u00e4 5 s\u00e4vy\u00e4, joita voidaan sekoittaa kesken\u00e4\u00e4n luodaksesi ainutlaatuisen s\u00e4vyn, joka parhaiten sopii tarpeisiisi.<\/p>\n<p>&nbsp;<\/p>\n<p>Mik\u00e4 tekee t\u00e4st\u00e4 v\u00e4rist\u00e4 erityisen? My Lamination Color -maalit eiv\u00e4t kuivata ripsi\u00e4 ja kulmakarvoja, vaan lis\u00e4\u00e4v\u00e4t kosteutta ja \u00f6ljyj\u00e4 takaisin hiuksiin, jotka v\u00e4heniv\u00e4t kemiallisen toimenpiteen aikana. V\u00e4rit sis\u00e4lt\u00e4v\u00e4t risiini\u00f6ljy\u00e4, Limnanthes Alba \u00f6ljy\u00e4, pantenolia ja keratiinia, jotka auttavat parantamaan hiusten terveytt\u00e4.<\/p>\n<p>&nbsp;<\/p>\n","protected":false},"featured_media":22952,"comment_status":"open","ping_status":"closed","template":"","meta":{"_monsterinsights_skip_tracking":false,"_monsterinsights_sitenote_active":false,"_monsterinsights_sitenote_note":"","_monsterinsights_sitenote_category":0},"product_cat":[909,476,475,478,479],"product_tag":[],"class_list":{"0":"post-24028","1":"product","2":"type-product","3":"status-publish","4":"has-post-thumbnail","6":"product_cat-kestovari","7":"product_cat-kulmakarvat","8":"product_cat-ripset","9":"product_cat-ripsien-ja-kulmakarvojen-varit","10":"product_cat-ripsien-ja-kulmakarvojen-varit-fi","11":"pa_brand-my-lamination-fi","12":"pa_varv-blue-black-fi","13":"pa_varv-brown-fi","14":"pa_varv-chestnut-fi","15":"pa_varv-graphite-fi","16":"pa_varv-light-brown-fi","18":"first","19":"instock","20":"taxable","21":"shipping-taxable","22":"purchasable","23":"product-type-variable"},"_links":{"self":[{"href":"https:\/\/prelive2.pomello.ee\/fi\/wp-json\/wp\/v2\/product\/24028","targetHints":{"allow":["GET"]}}],"collection":[{"href":"https:\/\/prelive2.pomello.ee\/fi\/wp-json\/wp\/v2\/product"}],"about":[{"href":"https:\/\/prelive2.pomello.ee\/fi\/wp-json\/wp\/v2\/types\/product"}],"replies":[{"embeddable":true,"href":"https:\/\/prelive2.pomello.ee\/fi\/wp-json\/wp\/v2\/comments?post=24028"}],"version-history":[{"count":0,"href":"https:\/\/prelive2.pomello.ee\/fi\/wp-json\/wp\/v2\/product\/24028\/revisions"}],"wp:featuredmedia":[{"embeddable":true,"href":"https:\/\/prelive2.pomello.ee\/fi\/wp-json\/wp\/v2\/media\/22952"}],"wp:attachment":[{"href":"https:\/\/prelive2.pomello.ee\/fi\/wp-json\/wp\/v2\/media?parent=24028"}],"wp:term":[{"taxonomy":"product_cat","embeddable":true,"href":"https:\/\/prelive2.pomello.ee\/fi\/wp-json\/wp\/v2\/product_cat?post=24028"},{"taxonomy":"product_tag","embeddable":true,"href":"https:\/\/prelive2.pomello.ee\/fi\/wp-json\/wp\/v2\/product_tag?post=24028"}],"curies":[{"name":"wp","href":"https:\/\/api.w.org\/{rel}","templated":true}]}}