{"id":23984,"date":"2024-01-08T17:01:30","date_gmt":"2024-01-08T14:01:30","guid":{"rendered":"https:\/\/prelive2.pomello.ee\/toode\/elan-dense-wax-kasvojen-depilaatioon\/"},"modified":"2024-04-02T20:40:16","modified_gmt":"2024-04-02T17:40:16","slug":"elan-dense-wax-kasvojen-depilaatioon","status":"publish","type":"product","link":"https:\/\/prelive2.pomello.ee\/fi\/toode\/elan-dense-wax-kasvojen-depilaatioon\/","title":{"rendered":"ELAN DENSE WAX Kasvojen depilaatioon"},"content":{"rendered":"<p>ELAN DENSE WAX Face Karvanpoistoon luodun vahan joustavuus takaa miellytt\u00e4v\u00e4n levitt\u00e4misen kasvojen lievitysalueille. Vaha voidaan levitt\u00e4\u00e4 ja poistaa eri suuntiin karvan kasvusuunnasta riippumatta. Tarvittaessa vahaus voidaan toistaa (2-3 kertaa).<\/p>\n<p>&nbsp;<\/p>\n<p><strong>VAIHE ASKELTA KASVOKARVOJEN POISTAMINEN<\/strong><\/p>\n<p><strong>1) Ei-toivotun karvanpoistotoimenpiteen valmistelut<\/strong><\/p>\n<p><strong>1.1<\/strong> Kuumenna vaha k\u00e4ytt\u00f6l\u00e4mp\u00f6tilaan 38-39\u00b0C.<\/p>\n<p><em>HUOMAUTUS! L\u00e4mp\u00f6tilaj\u00e4rjestelm\u00e4n noudattamatta j\u00e4tt\u00e4minen voi aiheuttaa \u00e4rsytyst\u00e4 tai vaurioita iholle.<\/em><\/p>\n<p><strong>1.2<\/strong> K\u00e4yt\u00e4 Pre-Wax Refreshing Lotion -tuotteita ihon puhdistamiseen ja rasvan poistamiseen ennen vahausta. Kanna Lotion vatipadjale ja puhasta vajalikud nahapiirkonnad, kohe enne karvaeemaldamise protseduuri alustamist. Anna kuivua.<\/p>\n<p><strong>1.3<\/strong> Levit\u00e4 tarvittaessa pieni m\u00e4\u00e4r\u00e4 talkkia karvanpoistoalueen iholle.<\/p>\n<p><strong>2) Vahan levitt\u00e4minen <\/strong><\/p>\n<p><strong>2.1<\/strong> Levit\u00e4 kerros vahaa iholle lastalla karvan kasvusuunnasta riippumatta.<\/p>\n<p><em>HUOMAUTUS! Levityksen aikana ihoa tulee vet\u00e4\u00e4 kevyesti lastalla vastakkaiseen suuntaan.<\/em><\/p>\n<p><em>HUOMAUTUS! Kovettunut vaha on k\u00e4tev\u00e4mpi poistaa iholta j\u00e4tt\u00e4m\u00e4ll\u00e4 siihen pieni &#8221;kruunu&#8221; (tarrattava my\u00f6hemmin) tai kiinnitt\u00e4m\u00e4ll\u00e4 se lastalla.<\/em><\/p>\n<p><strong>2.2<\/strong> Kovettumisen j\u00e4lkeen (8-10 sekuntia) poista vaha nopealla liikkeell\u00e4 vet\u00e4m\u00e4ll\u00e4 ihoa vastakkaiseen suuntaan.<\/p>\n<p><em>HUOMAUTUS! Valmis vaha ei saa olla pehme\u00e4\u00e4 tai tahmeaa kosketukseen.<\/em><\/p>\n<p><em>HUOMAUTUS! Vahan poistamisen j\u00e4lkeen ihossa voi esiinty\u00e4 liev\u00e4\u00e4 punoitusta, mik\u00e4 on normaali ihoreaktio.<\/em><\/p>\n<p><strong>2.3<\/strong> Korda protseduuri j\u00e4rgmisel piirkonnal vajaduse korral.<\/p>\n<p><strong>3) Ihonhoito ei-toivottujen karvojen poiston j\u00e4lkeen<\/strong><\/p>\n<p><strong>3.1<\/strong> K\u00e4yt\u00e4 karvanpoiston j\u00e4lkeen AFTER WAX REPAIR SERUM palauttavaa seerumia hoitamaan ihoa ja v\u00e4hent\u00e4m\u00e4\u00e4n punoitusta. Levit\u00e4 seerumia iholle ja anna, kunnes se on t\u00e4ysin imeytynyt.<\/p>\n<p><strong>3.2<\/strong> K\u00e4yt\u00e4 AFTER WAX PROTECTION MASKia supistamaan huokoset ei-toivotun karvanpoistotoimenpiteen j\u00e4lkeen ja suojaamaan UV-s\u00e4teilylt\u00e4. Levit\u00e4 kermanaamio ohuena kerroksena &#8211; hierovin liikkein &#8211; iholle ja anna, kunnes se on t\u00e4ysin imeytynyt.<\/p>\n<p><strong>SUOSITUKSET ENNEN JA J\u00c4LKEEN KASVAKARVIEN POISTON<\/strong><\/p>\n<p>Noudata seuraavia suosituksia ennen ja j\u00e4lkeen kasvojen karvojen poiston:<\/p>\n<p>! V\u00e4lt\u00e4 koskettamasta kasvojasi karvanpoistoalueella v\u00e4hint\u00e4\u00e4n 30 minuutin ajan toimenpiteen j\u00e4lkeen.<\/p>\n<p>! V\u00e4lt\u00e4 k\u00e4ytt\u00e4m\u00e4st\u00e4 mit\u00e4\u00e4n meikkikosmetiikkaa, mukaan lukien s\u00e4vytetyt meikkipohjat, BB\/CC-voiteet ja peitevoide, k\u00e4sitellyll\u00e4 alueella 12 tunnin ajan toimenpiteen j\u00e4lkeen.<\/p>\n<p>! \u00c4l\u00e4 k\u00e4yt\u00e4 aggressiivisia kosmeettisia tuotteita tai toimenpiteit\u00e4, kuten kuorinta, kemiallinen kuorinta tai laserhoito 24 tunnin ajan toimenpiteen j\u00e4lkeen.<\/p>\n<p>! Minimeerige p\u00e4ikesekiirguse ja UV-kiirgusega kokkupuude 24 tundi enne ja p\u00e4rast protseduuri naha kaitsmiseks.<\/p>\n<p><strong>RAJOITUKSET KASVOPARvojen POISTOON:<\/strong><\/p>\n<p>Ei-toivotulla karvanpoistomenettelyll\u00e4 on ehdottomia rajoituksia, mukaan lukien:<\/p>\n<p>! Yksil\u00f6llinen herkkyys ainesosille.<\/p>\n<p>! \u00c4rsytyst\u00e4 esiintyy ihoalueella, jolle suunnitellaan ei-toivottua karvanpoistoa.<\/p>\n<p>! Couperoosi (vahva kapillaariverkko), syntym\u00e4merkit ja syyl\u00e4t karvanpoistoalueella.<\/p>\n<p>! Viimeaikainen aggressiivisten kosmeettisten tuotteiden, kuten kulmakarvojen laminointi, valkaisu jne., k\u00e4ytt\u00f6 karvanpoiston alueella.<\/p>\n","protected":false},"excerpt":{"rendered":"<p>ELAN DENSE WAX Kasvojen karvanpoistoon on ammattimainen kalvovaha, joka on suunniteltu tehokkaaseen kasvojen karvojen poistoon. Alhaisen sulamispisteens\u00e4 ansiosta vaha ei aiheuta ep\u00e4mukavuutta tai vahingoita ihoa. Sopii kaikille ihotyypeille, erityisesti herk\u00e4lle ja herk\u00e4lle iholle, sek\u00e4 kaikille hiustyypeille &#8211; karkeille, keskipaksuille ja ohuille. Nopea kovettuminen.<\/p>\n<p>&nbsp;<\/p>\n<p>Paketinsis\u00e4lt\u00f6:<\/p>\n<ul>\n<li>Vahalohko: 1 x 100 g;<\/li>\n<li>K\u00e4ytt\u00f6ohje: 1 kpl.<\/li>\n<\/ul>\n<p>&nbsp;<\/p>\n<p>Valmistettu Turkissa.<\/p>\n<p>&nbsp;<\/p>\n<p>S\u00e4ilyvyys: 30 kuukautta.<\/p>\n","protected":false},"featured_media":23015,"comment_status":"open","ping_status":"closed","template":"","meta":{"_monsterinsights_skip_tracking":false,"_monsterinsights_sitenote_active":false,"_monsterinsights_sitenote_note":"","_monsterinsights_sitenote_category":0},"product_cat":[507,542,476,555],"product_tag":[],"class_list":{"0":"post-23984","1":"product","2":"type-product","3":"status-publish","4":"has-post-thumbnail","6":"product_cat-karvanpoisto","7":"product_cat-karvanpoisto-tarvikkeet-fi","8":"product_cat-kulmakarvat","9":"product_cat-vahat","10":"pa_brand-elan-fi","11":"pa_suurus-100-g-fi","13":"first","14":"instock","15":"taxable","16":"shipping-taxable","17":"purchasable","18":"product-type-simple"},"_links":{"self":[{"href":"https:\/\/prelive2.pomello.ee\/fi\/wp-json\/wp\/v2\/product\/23984","targetHints":{"allow":["GET"]}}],"collection":[{"href":"https:\/\/prelive2.pomello.ee\/fi\/wp-json\/wp\/v2\/product"}],"about":[{"href":"https:\/\/prelive2.pomello.ee\/fi\/wp-json\/wp\/v2\/types\/product"}],"replies":[{"embeddable":true,"href":"https:\/\/prelive2.pomello.ee\/fi\/wp-json\/wp\/v2\/comments?post=23984"}],"version-history":[{"count":1,"href":"https:\/\/prelive2.pomello.ee\/fi\/wp-json\/wp\/v2\/product\/23984\/revisions"}],"predecessor-version":[{"id":25382,"href":"https:\/\/prelive2.pomello.ee\/fi\/wp-json\/wp\/v2\/product\/23984\/revisions\/25382"}],"wp:featuredmedia":[{"embeddable":true,"href":"https:\/\/prelive2.pomello.ee\/fi\/wp-json\/wp\/v2\/media\/23015"}],"wp:attachment":[{"href":"https:\/\/prelive2.pomello.ee\/fi\/wp-json\/wp\/v2\/media?parent=23984"}],"wp:term":[{"taxonomy":"product_cat","embeddable":true,"href":"https:\/\/prelive2.pomello.ee\/fi\/wp-json\/wp\/v2\/product_cat?post=23984"},{"taxonomy":"product_tag","embeddable":true,"href":"https:\/\/prelive2.pomello.ee\/fi\/wp-json\/wp\/v2\/product_tag?post=23984"}],"curies":[{"name":"wp","href":"https:\/\/api.w.org\/{rel}","templated":true}]}}