{"id":23982,"date":"2024-01-08T17:17:07","date_gmt":"2024-01-08T14:17:07","guid":{"rendered":"https:\/\/prelive2.pomello.ee\/toode\/elan-pre-wax-refreshing-lotion\/"},"modified":"2024-04-02T20:39:06","modified_gmt":"2024-04-02T17:39:06","slug":"elan-pre-wax-refreshing-lotion","status":"publish","type":"product","link":"https:\/\/prelive2.pomello.ee\/fi\/toode\/elan-pre-wax-refreshing-lotion\/","title":{"rendered":"ELAN Pre-Wax Refreshing Lotion"},"content":{"rendered":"<p>ELAN Pre-Wax Refreshing Lotionin aktiivisten ainesosien ominaisuudet:<\/p>\n<p>&nbsp;<\/p>\n<ul>\n<li><strong>Mentoli<\/strong> tarjoaa virkist\u00e4v\u00e4n ja suojaavan vaikutuksen herk\u00e4lle kasvojen iholle ei-toivotun karvanpoistoprosessin aikana.<\/li>\n<li><strong>Aloe vera -uute ja pantenoli<\/strong> pehment\u00e4v\u00e4t ja kosteuttavat ihoa.<\/li>\n<li><strong>Sitruunahappo<\/strong> auttaa saavuttamaan hell\u00e4varaisen puhdistavan vaikutuksen.<\/li>\n<\/ul>\n<p>&nbsp;<\/p>\n<p><strong>K\u00e4ytt\u00f6<\/strong>: Puhdista tarvittavat ihoalueet v\u00e4litt\u00f6m\u00e4sti ennen ei-toivotun karvanpoistoa voiteen kostutetulla vanulapulla.<\/p>\n","protected":false},"excerpt":{"rendered":"<p>ELAN Pre-Wax Refreshing Lotion on suunniteltu hell\u00e4varaiseen ja tehokkaaseen kasvojen ihon puhdistukseen ja rasvanpoistoon ennen karvanpoistoa. T\u00e4m\u00e4 tuote on monipuolinen ja tarjoaa kosteuttavia, suojaavia ja virkist\u00e4vi\u00e4 vaikutuksia. Tuotteessa on ihana tuoksu, mik\u00e4 tekee kasvojen karvanpoistosta erityisen ylellisen.<\/p>\n<p>&nbsp;<\/p>\n<p>S\u00e4ilyvyys: 24 kuukautta.<\/p>\n<p>S\u00e4ilyvyys avaamisen j\u00e4lkeen: 6 kuukautta.<\/p>\n<p>Koko: 200ml<\/p>\n","protected":false},"featured_media":23017,"comment_status":"open","ping_status":"closed","template":"","meta":{"_monsterinsights_skip_tracking":false,"_monsterinsights_sitenote_active":false,"_monsterinsights_sitenote_note":"","_monsterinsights_sitenote_category":0},"product_cat":[480,507,542,476],"product_tag":[],"class_list":{"0":"post-23982","1":"product","2":"type-product","3":"status-publish","4":"has-post-thumbnail","6":"product_cat-esihoito","7":"product_cat-karvanpoisto","8":"product_cat-karvanpoisto-tarvikkeet-fi","9":"product_cat-kulmakarvat","10":"pa_brand-elan-fi","11":"pa_suurus-200-ml-fi","13":"first","14":"instock","15":"taxable","16":"shipping-taxable","17":"purchasable","18":"product-type-simple"},"_links":{"self":[{"href":"https:\/\/prelive2.pomello.ee\/fi\/wp-json\/wp\/v2\/product\/23982","targetHints":{"allow":["GET"]}}],"collection":[{"href":"https:\/\/prelive2.pomello.ee\/fi\/wp-json\/wp\/v2\/product"}],"about":[{"href":"https:\/\/prelive2.pomello.ee\/fi\/wp-json\/wp\/v2\/types\/product"}],"replies":[{"embeddable":true,"href":"https:\/\/prelive2.pomello.ee\/fi\/wp-json\/wp\/v2\/comments?post=23982"}],"version-history":[{"count":1,"href":"https:\/\/prelive2.pomello.ee\/fi\/wp-json\/wp\/v2\/product\/23982\/revisions"}],"predecessor-version":[{"id":25380,"href":"https:\/\/prelive2.pomello.ee\/fi\/wp-json\/wp\/v2\/product\/23982\/revisions\/25380"}],"wp:featuredmedia":[{"embeddable":true,"href":"https:\/\/prelive2.pomello.ee\/fi\/wp-json\/wp\/v2\/media\/23017"}],"wp:attachment":[{"href":"https:\/\/prelive2.pomello.ee\/fi\/wp-json\/wp\/v2\/media?parent=23982"}],"wp:term":[{"taxonomy":"product_cat","embeddable":true,"href":"https:\/\/prelive2.pomello.ee\/fi\/wp-json\/wp\/v2\/product_cat?post=23982"},{"taxonomy":"product_tag","embeddable":true,"href":"https:\/\/prelive2.pomello.ee\/fi\/wp-json\/wp\/v2\/product_tag?post=23982"}],"curies":[{"name":"wp","href":"https:\/\/api.w.org\/{rel}","templated":true}]}}