{"id":23976,"date":"2023-10-22T14:11:08","date_gmt":"2023-10-22T11:11:08","guid":{"rendered":"https:\/\/prelive2.pomello.ee\/toode\/my-lamination-mineral-scrub-gel-kuorinta\/"},"modified":"2024-04-04T20:19:23","modified_gmt":"2024-04-04T17:19:23","slug":"my-lamination-mineral-scrub-gel-kuorinta","status":"publish","type":"product","link":"https:\/\/prelive2.pomello.ee\/fi\/toode\/my-lamination-mineral-scrub-gel-kuorinta\/","title":{"rendered":"My Lamination Mineral Scrub Gel kuorinta"},"content":{"rendered":"<p id=\"tw-target-text\" class=\"tw-data-text tw-text-large tw-ta\" dir=\"ltr\" data-placeholder=\"Traducci\u00f3n\" data-ved=\"2ahUKEwjrs-Sko-aBAxUQdqQEHY2nCUEQ3ewLegQIBhAQ\"><span class=\"Y2IQFc\" lang=\"et\"><strong>K\u00e4ytt\u00f6<\/strong>: Levit\u00e4 tarvittava m\u00e4\u00e4r\u00e4 kosteisiin kasvoihin ja\/tai kulmakarvoihin. Hiero hell\u00e4varaisesti py\u00f6rivin liikkein ja huuhtele l\u00e4mpim\u00e4ll\u00e4 vedell\u00e4.<\/span><\/p>\n","protected":false},"excerpt":{"rendered":"<p id=\"tw-target-text\" class=\"tw-data-text tw-text-large tw-ta\" dir=\"ltr\" data-placeholder=\"Traducci\u00f3n\" data-ved=\"2ahUKEwjrs-Sko-aBAxUQdqQEHY2nCUEQ3ewLegQIBhAQ\"><span class=\"Y2IQFc\" lang=\"et\">My Lamination Mineral Scrub on kasvojen ja kulmien kuorinta.<\/span><\/p>\n<p dir=\"ltr\" data-placeholder=\"Traducci\u00f3n\" data-ved=\"2ahUKEwjrs-Sko-aBAxUQdqQEHY2nCUEQ3ewLegQIBhAQ\">Geelikuorija on ihanteellinen k\u00e4ytett\u00e4v\u00e4ksi ennen hennalla k\u00e4sittely\u00e4 kulmakarvojen alueella.<\/p>\n<p class=\"tw-data-text tw-text-large tw-ta\" dir=\"ltr\" data-placeholder=\"Traducci\u00f3n\" data-ved=\"2ahUKEwjrs-Sko-aBAxUQdqQEHY2nCUEQ3ewLegQIBhAQ\"><span class=\"Y2IQFc\" lang=\"et\">Poistaa kuolleet solut kasvojen ihon ja kulmakarvojen pinnalta. Sis\u00e4lt\u00e4\u00e4 Kuolleenmeren suoloja, Hamamelis- ja granaattiomenauutetta, joilla on remineralisoiva, virkist\u00e4v\u00e4 ja virkist\u00e4v\u00e4 vaikutus.<\/span><\/p>\n<p class=\"tw-data-text tw-text-large tw-ta\" dir=\"ltr\" data-placeholder=\"Traducci\u00f3n\" data-ved=\"2ahUKEwjrs-Sko-aBAxUQdqQEHY2nCUEQ3ewLegQIBhAQ\"><span class=\"Y2IQFc\" lang=\"et\">Viikkok\u00e4ytt\u00f6\u00f6n. <\/span><\/p>\n<p class=\"tw-data-text tw-text-large tw-ta\" dir=\"ltr\" data-placeholder=\"Traducci\u00f3n\" data-ved=\"2ahUKEwjrs-Sko-aBAxUQdqQEHY2nCUEQ3ewLegQIBhAQ\">\n","protected":false},"featured_media":22898,"comment_status":"open","ping_status":"closed","template":"","meta":{"_monsterinsights_skip_tracking":false,"_monsterinsights_sitenote_active":false,"_monsterinsights_sitenote_note":"","_monsterinsights_sitenote_category":0},"product_cat":[915,476,918],"product_tag":[],"class_list":{"0":"post-23976","1":"product","2":"type-product","3":"status-publish","4":"has-post-thumbnail","6":"product_cat-esi-ja-jalkihoito","7":"product_cat-kulmakarvat","8":"product_cat-kuorijat","9":"pa_brand-my-lamination-fi","10":"pa_suurus-75ml-fi","12":"first","13":"instock","14":"taxable","15":"shipping-taxable","16":"purchasable","17":"product-type-simple"},"_links":{"self":[{"href":"https:\/\/prelive2.pomello.ee\/fi\/wp-json\/wp\/v2\/product\/23976","targetHints":{"allow":["GET"]}}],"collection":[{"href":"https:\/\/prelive2.pomello.ee\/fi\/wp-json\/wp\/v2\/product"}],"about":[{"href":"https:\/\/prelive2.pomello.ee\/fi\/wp-json\/wp\/v2\/types\/product"}],"replies":[{"embeddable":true,"href":"https:\/\/prelive2.pomello.ee\/fi\/wp-json\/wp\/v2\/comments?post=23976"}],"version-history":[{"count":0,"href":"https:\/\/prelive2.pomello.ee\/fi\/wp-json\/wp\/v2\/product\/23976\/revisions"}],"wp:featuredmedia":[{"embeddable":true,"href":"https:\/\/prelive2.pomello.ee\/fi\/wp-json\/wp\/v2\/media\/22898"}],"wp:attachment":[{"href":"https:\/\/prelive2.pomello.ee\/fi\/wp-json\/wp\/v2\/media?parent=23976"}],"wp:term":[{"taxonomy":"product_cat","embeddable":true,"href":"https:\/\/prelive2.pomello.ee\/fi\/wp-json\/wp\/v2\/product_cat?post=23976"},{"taxonomy":"product_tag","embeddable":true,"href":"https:\/\/prelive2.pomello.ee\/fi\/wp-json\/wp\/v2\/product_tag?post=23976"}],"curies":[{"name":"wp","href":"https:\/\/api.w.org\/{rel}","templated":true}]}}