{"id":23974,"date":"2023-10-22T14:30:59","date_gmt":"2023-10-22T11:30:59","guid":{"rendered":"https:\/\/prelive2.pomello.ee\/toode\/taytepullo-60ml\/"},"modified":"2023-10-22T14:30:59","modified_gmt":"2023-10-22T11:30:59","slug":"taytepullo-60ml","status":"publish","type":"product","link":"https:\/\/prelive2.pomello.ee\/fi\/toode\/taytepullo-60ml\/","title":{"rendered":"T\u00e4ytepullo 60ml"},"content":{"rendered":"","protected":false},"excerpt":{"rendered":"<p>T\u00e4ytepullo 60ml.<\/p>\n<p>&nbsp;<\/p>\n<p>Ihanteellinen tuote tislatun veden p\u00e4\u00e4lle kaatamiseen hennan kanssa ty\u00f6skentelemiseen.<\/p>\n<p>&nbsp;<\/p>\n<p>&nbsp;<\/p>\n","protected":false},"featured_media":22899,"comment_status":"open","ping_status":"closed","template":"","meta":{"_monsterinsights_skip_tracking":false,"_monsterinsights_sitenote_active":false,"_monsterinsights_sitenote_note":"","_monsterinsights_sitenote_category":0},"product_cat":[476,511,549,540],"product_tag":[],"class_list":{"0":"post-23974","1":"product","2":"type-product","3":"status-publish","4":"has-post-thumbnail","6":"product_cat-kulmakarvat","7":"product_cat-kulmakarvojen-tarvikkeet","8":"product_cat-pullot-kupit-ja-kulhot","9":"product_cat-tarvikkeet","10":"pa_brand-pomello-fi","11":"pa_suurus-60ml-fi","13":"first","14":"instock","15":"taxable","16":"shipping-taxable","17":"purchasable","18":"product-type-simple"},"_links":{"self":[{"href":"https:\/\/prelive2.pomello.ee\/fi\/wp-json\/wp\/v2\/product\/23974","targetHints":{"allow":["GET"]}}],"collection":[{"href":"https:\/\/prelive2.pomello.ee\/fi\/wp-json\/wp\/v2\/product"}],"about":[{"href":"https:\/\/prelive2.pomello.ee\/fi\/wp-json\/wp\/v2\/types\/product"}],"replies":[{"embeddable":true,"href":"https:\/\/prelive2.pomello.ee\/fi\/wp-json\/wp\/v2\/comments?post=23974"}],"version-history":[{"count":0,"href":"https:\/\/prelive2.pomello.ee\/fi\/wp-json\/wp\/v2\/product\/23974\/revisions"}],"wp:featuredmedia":[{"embeddable":true,"href":"https:\/\/prelive2.pomello.ee\/fi\/wp-json\/wp\/v2\/media\/22899"}],"wp:attachment":[{"href":"https:\/\/prelive2.pomello.ee\/fi\/wp-json\/wp\/v2\/media?parent=23974"}],"wp:term":[{"taxonomy":"product_cat","embeddable":true,"href":"https:\/\/prelive2.pomello.ee\/fi\/wp-json\/wp\/v2\/product_cat?post=23974"},{"taxonomy":"product_tag","embeddable":true,"href":"https:\/\/prelive2.pomello.ee\/fi\/wp-json\/wp\/v2\/product_tag?post=23974"}],"curies":[{"name":"wp","href":"https:\/\/api.w.org\/{rel}","templated":true}]}}