{"id":23972,"date":"2023-10-26T22:11:54","date_gmt":"2023-10-26T19:11:54","guid":{"rendered":"https:\/\/prelive2.pomello.ee\/toode\/inlei-tiziano-sivellin\/"},"modified":"2023-10-26T22:11:54","modified_gmt":"2023-10-26T19:11:54","slug":"inlei-tiziano-sivellin","status":"publish","type":"product","link":"https:\/\/prelive2.pomello.ee\/fi\/toode\/inlei-tiziano-sivellin\/","title":{"rendered":"InLei\u00ae TIZIANO sivellin"},"content":{"rendered":"<ul>\n<li>100% valmistettu Italiassa<\/li>\n<li>Vedenkest\u00e4v\u00e4<\/li>\n<li>Helppo desinfioida<\/li>\n<li>Kohtalaisen j\u00e4yk\u00e4t harjakset<\/li>\n<li>Synteettiset harjakset ovat joustavia ja helpottavat liukumista (ei ime tuotetta liikaa)<\/li>\n<li>Innovatiivinen koivupuukahva, jossa musta satiiniviimeistely<\/li>\n<li>Kevyt, k\u00e4yt\u00e4nn\u00f6llinen ja kest\u00e4v\u00e4<\/li>\n<\/ul>\n<p>&nbsp;<\/p>\n<p><strong>Kuinka puhdistaa ja desinfioida InLei\u00ae-harjat:<\/strong><\/p>\n<ol>\n<li>Harjan k\u00e4yt\u00f6n j\u00e4lkeen huuhtele se juoksevan veden alla neutraalilla saippualla tuotteen j\u00e4\u00e4mien poistamiseksi.<\/li>\n<li>Liota harjan k\u00e4rke\u00e4 desinfiointiaineessa 10-15 minuuttia.<\/li>\n<li>Huuhtele harja vesijohtovedell\u00e4 ja kuivaa se huolellisesti liinalla tai talouspaperilla.<\/li>\n<li>Anna harjan kuivua kokonaan pit\u00e4en harjakset alasp\u00e4in suojellaksesi harjan sis\u00e4ist\u00e4 liimaa ja pident\u00e4\u00e4ksesi harjojen k\u00e4ytt\u00f6ik\u00e4\u00e4.<\/li>\n<\/ol>\n","protected":false},"excerpt":{"rendered":"<p>T\u00e4m\u00e4 on jotain uutta! InLei\u00ae TIZIANO on erityisesti suunniteltu sivellin, joka auttaa ripsien kohotustoimenpiteess\u00e4 asettamaan ripset t\u00e4ydellisesti silikonityynylle!<\/p>\n<p>&nbsp;<\/p>\n<p>InLei\u00ae TIZIANO on etsim\u00e4si innovaatio! T\u00e4m\u00e4n harjan harjakset on suunniteltu puolij\u00e4ykkiksi hell\u00e4varaiseksi mutta tehokkaaksi ty\u00f6kaluksi ripsien kiinnitt\u00e4miseen silikonityynylle hoitojen aikana.<\/p>\n<p>&nbsp;<\/p>\n<p>Kuka on haaveillut ripsien saamisesta silikonityynylle yksinkertaisella vaivalla, nyt se on mahdollista <span class=\"s1\">\ud83d\ude80<\/span><\/p>\n","protected":false},"featured_media":22900,"comment_status":"open","ping_status":"closed","template":"","meta":{"_monsterinsights_skip_tracking":false,"_monsterinsights_sitenote_active":false,"_monsterinsights_sitenote_note":"","_monsterinsights_sitenote_category":0},"product_cat":[516,475,563,544,540],"product_tag":[],"class_list":{"0":"post-23972","1":"product","2":"type-product","3":"status-publish","4":"has-post-thumbnail","6":"product_cat-lash-lift-fi","7":"product_cat-ripset","8":"product_cat-siveltimet","9":"product_cat-tarvikkeet-fi","10":"product_cat-tarvikkeet","11":"pa_brand-inlei-fi","13":"first","14":"outofstock","15":"taxable","16":"shipping-taxable","17":"purchasable","18":"product-type-simple"},"_links":{"self":[{"href":"https:\/\/prelive2.pomello.ee\/fi\/wp-json\/wp\/v2\/product\/23972","targetHints":{"allow":["GET"]}}],"collection":[{"href":"https:\/\/prelive2.pomello.ee\/fi\/wp-json\/wp\/v2\/product"}],"about":[{"href":"https:\/\/prelive2.pomello.ee\/fi\/wp-json\/wp\/v2\/types\/product"}],"replies":[{"embeddable":true,"href":"https:\/\/prelive2.pomello.ee\/fi\/wp-json\/wp\/v2\/comments?post=23972"}],"version-history":[{"count":0,"href":"https:\/\/prelive2.pomello.ee\/fi\/wp-json\/wp\/v2\/product\/23972\/revisions"}],"wp:featuredmedia":[{"embeddable":true,"href":"https:\/\/prelive2.pomello.ee\/fi\/wp-json\/wp\/v2\/media\/22900"}],"wp:attachment":[{"href":"https:\/\/prelive2.pomello.ee\/fi\/wp-json\/wp\/v2\/media?parent=23972"}],"wp:term":[{"taxonomy":"product_cat","embeddable":true,"href":"https:\/\/prelive2.pomello.ee\/fi\/wp-json\/wp\/v2\/product_cat?post=23972"},{"taxonomy":"product_tag","embeddable":true,"href":"https:\/\/prelive2.pomello.ee\/fi\/wp-json\/wp\/v2\/product_tag?post=23972"}],"curies":[{"name":"wp","href":"https:\/\/api.w.org\/{rel}","templated":true}]}}