{"id":23970,"date":"2023-10-28T12:00:45","date_gmt":"2023-10-28T09:00:45","guid":{"rendered":"https:\/\/prelive2.pomello.ee\/toode\/eye-do-glue-balm-lash-lift-liima-5g\/"},"modified":"2023-10-28T12:00:45","modified_gmt":"2023-10-28T09:00:45","slug":"eye-do-glue-balm-lash-lift-liima-5g","status":"publish","type":"product","link":"https:\/\/prelive2.pomello.ee\/fi\/toode\/eye-do-glue-balm-lash-lift-liima-5g\/","title":{"rendered":"EYE.DO Glue Balm Lash Lift liima 5g"},"content":{"rendered":"<p><strong>EYE.DO Glue-Balm eelised:<\/strong><\/p>\n<p>&nbsp;<\/p>\n<ul>\n<li>Turvallinen, kosteuttava koostumus<\/li>\n<li>Erinomainen imukyky<\/li>\n<li>Nopea ja helppo liimaus silikonityynyyn<\/li>\n<li>Ei kuivu kokonaan<\/li>\n<li>Ylim\u00e4\u00e4r\u00e4ist\u00e4 liimaa ei tarvitse poistaa<\/li>\n<li>Kevyt tuoksu<\/li>\n<li>Alaripset eiv\u00e4t tartu yl\u00e4ripsiin<\/li>\n<li>Sopii kaikille ripsille<\/li>\n<\/ul>\n<p>&nbsp;<\/p>\n<p>Liimaa k\u00e4ytet\u00e4\u00e4n parhaiten Laminator lash lift -harjan tai Y-kamman kanssa.<\/p>\n","protected":false},"excerpt":{"rendered":"<p>EYE.DO Lash Lift Glue Balm -liima on suunniteltu nopeuttamaan ripsien liimaamista silikonityynyyn. EYE.do Glue Balmin etuna on, ett\u00e4 se ei ole vain helppo levitt\u00e4\u00e4 ohuena kerroksena silikonin p\u00e4\u00e4lle, vaan se varmistaa my\u00f6s tuotteen maksimaalisen imeytymisen. Lis\u00e4ksi se lyhent\u00e4\u00e4 toimenpiteeseen kuluvaa aikaa.<\/p>\n<p>&nbsp;<\/p>\n<p>EYE.do Glue Balmia voidaan kutsua liimaksi, mutta se on itse asiassa paljon enemm\u00e4n! Se toimii liimana, joka pit\u00e4\u00e4 luonnolliset ripset suojassa, mutta my\u00f6s ravitsee kuin hoitoaine. Yksi harvoista markkinoilla olevista liimoista, joka sis\u00e4lt\u00e4\u00e4 kosteuttavan vaiheen ensimm\u00e4isess\u00e4 vaiheessa, Glue-Balm sis\u00e4lt\u00e4\u00e4 runsaasti vitamiineja ja ravintoaineita sis\u00e4lt\u00e4vi\u00e4 ainesosia, jotka est\u00e4v\u00e4t ripsien kuivumista.<\/p>\n<p>&nbsp;<\/p>\n<p>S\u00e4ilyvyys:<\/p>\n<p>18 kuukautta valmistusp\u00e4iv\u00e4st\u00e4<\/p>\n<p>S\u00e4ilyy 6 kuukautta avaamisen j\u00e4lkeen<\/p>\n","protected":false},"featured_media":22903,"comment_status":"open","ping_status":"closed","template":"","meta":{"_monsterinsights_skip_tracking":false,"_monsterinsights_sitenote_active":false,"_monsterinsights_sitenote_note":"","_monsterinsights_sitenote_category":0},"product_cat":[516,519,475],"product_tag":[],"class_list":{"0":"post-23970","1":"product","2":"type-product","3":"status-publish","4":"has-post-thumbnail","6":"product_cat-lash-lift-fi","7":"product_cat-liimat","8":"product_cat-ripset","9":"pa_brand-eye-do-fi","10":"pa_suurus-5-g-fi","12":"first","13":"instock","14":"taxable","15":"shipping-taxable","16":"purchasable","17":"product-type-simple"},"_links":{"self":[{"href":"https:\/\/prelive2.pomello.ee\/fi\/wp-json\/wp\/v2\/product\/23970","targetHints":{"allow":["GET"]}}],"collection":[{"href":"https:\/\/prelive2.pomello.ee\/fi\/wp-json\/wp\/v2\/product"}],"about":[{"href":"https:\/\/prelive2.pomello.ee\/fi\/wp-json\/wp\/v2\/types\/product"}],"replies":[{"embeddable":true,"href":"https:\/\/prelive2.pomello.ee\/fi\/wp-json\/wp\/v2\/comments?post=23970"}],"version-history":[{"count":0,"href":"https:\/\/prelive2.pomello.ee\/fi\/wp-json\/wp\/v2\/product\/23970\/revisions"}],"wp:featuredmedia":[{"embeddable":true,"href":"https:\/\/prelive2.pomello.ee\/fi\/wp-json\/wp\/v2\/media\/22903"}],"wp:attachment":[{"href":"https:\/\/prelive2.pomello.ee\/fi\/wp-json\/wp\/v2\/media?parent=23970"}],"wp:term":[{"taxonomy":"product_cat","embeddable":true,"href":"https:\/\/prelive2.pomello.ee\/fi\/wp-json\/wp\/v2\/product_cat?post=23970"},{"taxonomy":"product_tag","embeddable":true,"href":"https:\/\/prelive2.pomello.ee\/fi\/wp-json\/wp\/v2\/product_tag?post=23970"}],"curies":[{"name":"wp","href":"https:\/\/api.w.org\/{rel}","templated":true}]}}