{"id":23968,"date":"2023-10-28T12:43:22","date_gmt":"2023-10-28T09:43:22","guid":{"rendered":"https:\/\/prelive2.pomello.ee\/toode\/ic-factory-one-step-lamination-system\/"},"modified":"2023-10-28T12:43:22","modified_gmt":"2023-10-28T09:43:22","slug":"ic-factory-one-step-lamination-system","status":"publish","type":"product","link":"https:\/\/prelive2.pomello.ee\/fi\/toode\/ic-factory-one-step-lamination-system\/","title":{"rendered":"IC Factory ONE STEP Lamination System"},"content":{"rendered":"<p><strong>ONE STEP BOND BUILDER IC FACTORY<\/strong><\/p>\n<p>&nbsp;<\/p>\n<p>Ripsien kihartamisen ensimm\u00e4isess\u00e4 vaiheessa k\u00e4ytet\u00e4\u00e4n ripsien laminointiemulsiota.<\/p>\n<p>&nbsp;<\/p>\n<p>Vaikuttava ainesosa on innovatiivinen kapseloitu kysteamiinikompleksi. Rikastettu hoitavien komponenttien kompleksilla:<\/p>\n<p>Hydrolysoitu keratiini, hydrolysoitu vehn\u00e4proteiini, hydrolysoitu silkki &#8211; ravitsevat karvatupeita, stimuloivat hiusten uusiutumista.<\/p>\n<p>Kapryyli \/ kapriinihappotriglyseridi, Butyrospermum Parkii tai Persea Gratissima \u00f6ljy &#8211; \u00f6ljypohjainen kompleksi, jolla on seuraavat hoitavat ominaisuudet: yll\u00e4pit\u00e4\u00e4 kosteutta hiussoluissa, s\u00e4\u00e4telee vesitasapainoa, suojaa karvatupeita solutasolla.<\/p>\n<p>Arginiini, kysteiini, glysiini &#8211; erityisesti valittu aminohappokompleksi, joka kosteuttaa ja hoitaa hiuksia, vahvistaa rakennetta, palauttaa ja auttaa s\u00e4ilytt\u00e4m\u00e4\u00e4n v\u00e4rin v\u00e4rj\u00e4yksen j\u00e4lkeen.<\/p>\n<p>Natriumhyaluronaatti, allantoiini &#8211; niill\u00e4 on korjaavia ominaisuuksia.<\/p>\n<p>Ceramide NG &#8211; palauttaa keratiinikerroksen ripsien koko pituudelta.<\/p>\n<p>Tocopheryl Acetate &#8211; vitamiini, antioksidantti.<\/p>\n<p><strong>Ei sis\u00e4ll\u00e4 ep\u00e4miellytt\u00e4v\u00e4\u00e4 hajua.<\/strong> Kulutus &#8211; 30 menettely\u00e4. Jokainen er\u00e4 k\u00e4y l\u00e4pi useita testausvaiheita.<\/p>\n<p>&nbsp;<\/p>\n<p><strong>ONE STEP VOLUME FILLER IC FACTORY<\/strong><\/p>\n<p>K\u00e4ytet\u00e4\u00e4n ripsien yll\u00e4pitoon, palauttamiseen ja suojaamiseen toimenpiteen loppuvaiheessa. Lis\u00e4\u00e4 volyymia ja lis\u00e4\u00e4 kiiltoa hiuksiin.<\/p>\n<p>&nbsp;<\/p>\n<p>Geelirakenne peitt\u00e4\u00e4 jokaisen ripsen ja tasoittaa hiuksia. Vesipohjan avulla voit my\u00f6s puhdistaa ripset liimasta ja maalij\u00e4\u00e4mist\u00e4.<\/p>\n<p>Biotinoyl Tripeptide-1 on keskeinen hoitoaine, joka voi v\u00e4hent\u00e4\u00e4 hiustenl\u00e4ht\u00f6\u00e4, tehd\u00e4 ripsist\u00e4 paksumpia ja pidempi\u00e4, ravitsee ja vahvistaa karvatuppea sek\u00e4 hidastaa hiusten ik\u00e4\u00e4ntymisprosessia.<\/p>\n<p>Hydrolysoitu keratiini, hydrolysoitu silkki &#8211; ravitsevat karvatupeita, stimuloivat hiusten kasvua ja uusiutumista.<\/p>\n<p>Arginiini, glysiini &#8211; erityisesti valittu aminohappokompleksi, joka kosteuttaa ja hoitaa hiuksia, vahvistaa rakennetta, palauttaa ja auttaa s\u00e4ilytt\u00e4m\u00e4\u00e4n v\u00e4rin v\u00e4rj\u00e4yksen j\u00e4lkeen.<\/p>\n<p>Allantoiini &#8211; palauttaa hauraat ja heikentyneet hiukset, pehment\u00e4\u00e4 kovia hiuksia.<\/p>\n<p><strong>Sarjasta voidaan suorittaa 30 toimenpidett\u00e4. <\/strong><\/p>\n<p>&nbsp;<\/p>\n<p><strong>Tehokkaat ajat ja ty\u00f6nkulku:<\/strong><\/p>\n<p>Puhdista ripset<\/p>\n<p>Liimaa ripset silikonityynyyn<\/p>\n<p>Emulsiot toimivat mink\u00e4 tahansa liiman kanssa<\/p>\n<p>Ensimm\u00e4inen vaihe on One Step 01 5-12 min ripstyypist\u00e4 riippuen<\/p>\n<p>Toinen vaihe on kemiallinen v\u00e4rj\u00e4ys 3-8 min<\/p>\n<p>Kolmas vaihe on p\u00e4\u00e4lle j\u00e4tett\u00e4v\u00e4 One Step 03 -tuote, jota ei tarvitse pest\u00e4 pois<\/p>\n<p><iframe title=\"ONE STEP LAMINATION IC FACTORY: LASH LAMINATION IN JUST 30 MINUTES!\" width=\"1170\" height=\"658\" src=\"https:\/\/www.youtube.com\/embed\/3nsnxmuw4Aw?feature=oembed\" frameborder=\"0\" allow=\"accelerometer; autoplay; clipboard-write; encrypted-media; gyroscope; picture-in-picture; web-share\" allowfullscreen><\/iframe><\/p>\n<p>&nbsp;<\/p>\n","protected":false},"excerpt":{"rendered":"<p>IC Factory ONE STEP -laminointij\u00e4rjestelm\u00e4 on ainutlaatuinen huipputuote, j\u00e4rjestelm\u00e4, joka tekee aaltoja maailmassa. Maailman nopein ripsien laminointi: ensimm\u00e4ist\u00e4 kertaa tarvitaan vain kaksi emulsiota kolmen sijasta!<\/p>\n<p>&nbsp;<\/p>\n<p><strong>Tuotteet myyd\u00e4\u00e4n settin\u00e4:<\/strong><\/p>\n<p>One Step 01 5ml<\/p>\n<p>One Step 03 5ml<\/p>\n","protected":false},"featured_media":22904,"comment_status":"open","ping_status":"closed","template":"","meta":{"_monsterinsights_skip_tracking":false,"_monsterinsights_sitenote_active":false,"_monsterinsights_sitenote_note":"","_monsterinsights_sitenote_category":0},"product_cat":[517,516,475],"product_tag":[],"class_list":{"0":"post-23968","1":"product","2":"type-product","3":"status-publish","4":"has-post-thumbnail","6":"product_cat-emulsiot","7":"product_cat-lash-lift-fi","8":"product_cat-ripset","9":"pa_brand-ic-factory-fi","11":"first","12":"instock","13":"taxable","14":"shipping-taxable","15":"purchasable","16":"product-type-simple"},"_links":{"self":[{"href":"https:\/\/prelive2.pomello.ee\/fi\/wp-json\/wp\/v2\/product\/23968","targetHints":{"allow":["GET"]}}],"collection":[{"href":"https:\/\/prelive2.pomello.ee\/fi\/wp-json\/wp\/v2\/product"}],"about":[{"href":"https:\/\/prelive2.pomello.ee\/fi\/wp-json\/wp\/v2\/types\/product"}],"replies":[{"embeddable":true,"href":"https:\/\/prelive2.pomello.ee\/fi\/wp-json\/wp\/v2\/comments?post=23968"}],"version-history":[{"count":0,"href":"https:\/\/prelive2.pomello.ee\/fi\/wp-json\/wp\/v2\/product\/23968\/revisions"}],"wp:featuredmedia":[{"embeddable":true,"href":"https:\/\/prelive2.pomello.ee\/fi\/wp-json\/wp\/v2\/media\/22904"}],"wp:attachment":[{"href":"https:\/\/prelive2.pomello.ee\/fi\/wp-json\/wp\/v2\/media?parent=23968"}],"wp:term":[{"taxonomy":"product_cat","embeddable":true,"href":"https:\/\/prelive2.pomello.ee\/fi\/wp-json\/wp\/v2\/product_cat?post=23968"},{"taxonomy":"product_tag","embeddable":true,"href":"https:\/\/prelive2.pomello.ee\/fi\/wp-json\/wp\/v2\/product_tag?post=23968"}],"curies":[{"name":"wp","href":"https:\/\/api.w.org\/{rel}","templated":true}]}}