{"id":23961,"date":"2023-10-28T15:12:38","date_gmt":"2023-10-28T12:12:38","guid":{"rendered":"https:\/\/prelive2.pomello.ee\/toode\/mia-pro-lashes-lamistrip\/"},"modified":"2023-10-28T15:12:38","modified_gmt":"2023-10-28T12:12:38","slug":"mia-pro-lashes-lamistrip","status":"publish","type":"product","link":"https:\/\/prelive2.pomello.ee\/fi\/toode\/mia-pro-lashes-lamistrip\/","title":{"rendered":"MIA PRO Lashes Lamistrip"},"content":{"rendered":"","protected":false},"excerpt":{"rendered":"<p>MIA PRO Lashes Lamistrip -silikoniliuskojen avulla emulsiolinjasta tulee sile\u00e4 ja kirkas!<\/p>\n<p>&nbsp;<\/p>\n<p>Nauhat pysyv\u00e4t p\u00e4\u00e4ll\u00e4 ilman liimaa, eritt\u00e4in kevyit\u00e4 ja joustavia.<\/p>\n<p>&nbsp;<\/p>\n<p>Nauhat est\u00e4v\u00e4t emulsioiden levi\u00e4misen sinne, miss\u00e4 sit\u00e4 ei tarvita, ne est\u00e4v\u00e4t hyvinkin nestem\u00e4isten emulsioiden levi\u00e4misen.<\/p>\n<p>&nbsp;<\/p>\n<p>Valmistettu korkealaatuisesta silikonista.<\/p>\n<p>&nbsp;<\/p>\n<p><strong>Sarja sis\u00e4lt\u00e4\u00e4 4 paria, paksuusero, 2 ohuempaa paria ja 2 hieman paksumpaa paria.<\/strong><\/p>\n<p>Valinta on musta ja pinkki kompakti.<\/p>\n","protected":false},"featured_media":22913,"comment_status":"open","ping_status":"closed","template":"","meta":{"_monsterinsights_skip_tracking":false,"_monsterinsights_sitenote_active":false,"_monsterinsights_sitenote_note":"","_monsterinsights_sitenote_category":0},"product_cat":[516,521,475,544],"product_tag":[],"class_list":{"0":"post-23961","1":"product","2":"type-product","3":"status-publish","4":"has-post-thumbnail","6":"product_cat-lash-lift-fi","7":"product_cat-silikonityynyt","8":"product_cat-ripset","9":"product_cat-tarvikkeet-fi","10":"pa_brand-mia-pro-fi","11":"pa_varv-must-fi","12":"pa_varv-roosa-fi","14":"first","15":"instock","16":"taxable","17":"shipping-taxable","18":"purchasable","19":"product-type-variable"},"_links":{"self":[{"href":"https:\/\/prelive2.pomello.ee\/fi\/wp-json\/wp\/v2\/product\/23961","targetHints":{"allow":["GET"]}}],"collection":[{"href":"https:\/\/prelive2.pomello.ee\/fi\/wp-json\/wp\/v2\/product"}],"about":[{"href":"https:\/\/prelive2.pomello.ee\/fi\/wp-json\/wp\/v2\/types\/product"}],"replies":[{"embeddable":true,"href":"https:\/\/prelive2.pomello.ee\/fi\/wp-json\/wp\/v2\/comments?post=23961"}],"version-history":[{"count":0,"href":"https:\/\/prelive2.pomello.ee\/fi\/wp-json\/wp\/v2\/product\/23961\/revisions"}],"wp:featuredmedia":[{"embeddable":true,"href":"https:\/\/prelive2.pomello.ee\/fi\/wp-json\/wp\/v2\/media\/22913"}],"wp:attachment":[{"href":"https:\/\/prelive2.pomello.ee\/fi\/wp-json\/wp\/v2\/media?parent=23961"}],"wp:term":[{"taxonomy":"product_cat","embeddable":true,"href":"https:\/\/prelive2.pomello.ee\/fi\/wp-json\/wp\/v2\/product_cat?post=23961"},{"taxonomy":"product_tag","embeddable":true,"href":"https:\/\/prelive2.pomello.ee\/fi\/wp-json\/wp\/v2\/product_tag?post=23961"}],"curies":[{"name":"wp","href":"https:\/\/api.w.org\/{rel}","templated":true}]}}