{"id":23957,"date":"2023-10-29T10:54:40","date_gmt":"2023-10-29T07:54:40","guid":{"rendered":"https:\/\/prelive2.pomello.ee\/toode\/katya-vinog-reusable-eye-patches-silmalaput-sininen\/"},"modified":"2023-10-29T10:54:40","modified_gmt":"2023-10-29T07:54:40","slug":"katya-vinog-reusable-eye-patches-silmalaput-sininen","status":"publish","type":"product","link":"https:\/\/prelive2.pomello.ee\/fi\/toode\/katya-vinog-reusable-eye-patches-silmalaput-sininen\/","title":{"rendered":"KATYA VINOG Reusable Eye Patches silm\u00e4laput sininen"},"content":{"rendered":"<p>Materiaali: silikoni<\/p>\n<p>Ihotyyppi: Kaikki ihotyypit<\/p>\n<p>Mitat: 85x60x3 mm<\/p>\n<p>Pakkauksen sis\u00e4lt\u00f6: 1 pari (2 kpl)<\/p>\n<p>Valmistusmaa: Ven\u00e4j\u00e4<\/p>\n","protected":false},"excerpt":{"rendered":"<p><strong>UUSI!<\/strong><\/p>\n<p>&nbsp;<\/p>\n<p>KATYA VINOG silikoniset reusable eye patches silm\u00e4laput ovat vaaleansinisi\u00e4 silkkikiilt\u00e4v\u00e4ll\u00e4 vaikutuksella ja ovat uudelleenk\u00e4ytett\u00e4vi\u00e4.<\/p>\n<p>N\u00e4m\u00e4 silikonit soveltuvat k\u00e4ytett\u00e4v\u00e4ksi seuraavissa toimenpiteiss\u00e4:<\/p>\n<p>&nbsp;<\/p>\n<ul>\n<li>ripsien pidennykset (alaripsien erist\u00e4miseksi)<\/li>\n<li>ripsien laminointi (alaripsien erist\u00e4miseen ja v\u00e4rj\u00e4\u00e4miseen)<\/li>\n<li>ripsien v\u00e4rj\u00e4ys (yl\u00e4- ja alaripsien v\u00e4rj\u00e4\u00e4miseen)<\/li>\n<li>ihonhoitoon kotona (voiteen kanssa)<\/li>\n<li>meikkiin (auttaa luomaan t\u00e4ydellisi\u00e4 linjoja)<\/li>\n<\/ul>\n<p>&nbsp;<\/p>\n<p>Ainutlaatuinen korkealaatuisen silikonin ja silkkisen kiillon yhdistelm\u00e4 luo arkuuden ja mukavuuden tunteen. Sopii sek\u00e4 ammatti- ett\u00e4 kotik\u00e4ytt\u00f6\u00f6n. Kotik\u00e4ytt\u00f6\u00e4 varten levit\u00e4 suosikkivoidettasi ja kiinnit\u00e4 se laastarin kanssa 10 minuuttia. Laastareilla voiteen imeytyminen ja kosteuttaminen lis\u00e4\u00e4ntyv\u00e4t, ryppyjen ja tummien silm\u00e4nalusten poisto on tehokkaampaa. Laastarien ainutlaatuinen muoto mahdollistaa niiden k\u00e4yt\u00f6n kaikenkokoisille silmille sek\u00e4 ammatti- ett\u00e4 kotihoidossa.<\/p>\n<p>&nbsp;<\/p>\n","protected":false},"featured_media":22919,"comment_status":"open","ping_status":"closed","template":"","meta":{"_monsterinsights_skip_tracking":false,"_monsterinsights_sitenote_active":false,"_monsterinsights_sitenote_note":"","_monsterinsights_sitenote_category":0},"product_cat":[516,521,475],"product_tag":[],"class_list":{"0":"post-23957","1":"product","2":"type-product","3":"status-publish","4":"has-post-thumbnail","6":"product_cat-lash-lift-fi","7":"product_cat-silikonityynyt","8":"product_cat-ripset","9":"pa_brand-katya-vinog-fi","10":"pa_varv-sinine-fi","12":"first","13":"instock","14":"taxable","15":"shipping-taxable","16":"purchasable","17":"product-type-simple"},"_links":{"self":[{"href":"https:\/\/prelive2.pomello.ee\/fi\/wp-json\/wp\/v2\/product\/23957","targetHints":{"allow":["GET"]}}],"collection":[{"href":"https:\/\/prelive2.pomello.ee\/fi\/wp-json\/wp\/v2\/product"}],"about":[{"href":"https:\/\/prelive2.pomello.ee\/fi\/wp-json\/wp\/v2\/types\/product"}],"replies":[{"embeddable":true,"href":"https:\/\/prelive2.pomello.ee\/fi\/wp-json\/wp\/v2\/comments?post=23957"}],"version-history":[{"count":0,"href":"https:\/\/prelive2.pomello.ee\/fi\/wp-json\/wp\/v2\/product\/23957\/revisions"}],"wp:featuredmedia":[{"embeddable":true,"href":"https:\/\/prelive2.pomello.ee\/fi\/wp-json\/wp\/v2\/media\/22919"}],"wp:attachment":[{"href":"https:\/\/prelive2.pomello.ee\/fi\/wp-json\/wp\/v2\/media?parent=23957"}],"wp:term":[{"taxonomy":"product_cat","embeddable":true,"href":"https:\/\/prelive2.pomello.ee\/fi\/wp-json\/wp\/v2\/product_cat?post=23957"},{"taxonomy":"product_tag","embeddable":true,"href":"https:\/\/prelive2.pomello.ee\/fi\/wp-json\/wp\/v2\/product_tag?post=23957"}],"curies":[{"name":"wp","href":"https:\/\/api.w.org\/{rel}","templated":true}]}}