{"id":23955,"date":"2023-10-29T11:23:55","date_gmt":"2023-10-29T08:23:55","guid":{"rendered":"https:\/\/prelive2.pomello.ee\/toode\/katya-vinog-kompensaattorit\/"},"modified":"2023-10-29T11:23:55","modified_gmt":"2023-10-29T08:23:55","slug":"katya-vinog-kompensaattorit","status":"publish","type":"product","link":"https:\/\/prelive2.pomello.ee\/fi\/toode\/katya-vinog-kompensaattorit\/","title":{"rendered":"KATYA VINOG kompensaattorit"},"content":{"rendered":"","protected":false},"excerpt":{"rendered":"<p>KATYA VINOG -kompensaattorit ovat silikonikiinnitysaineita, jotka auttavat saavuttamaan ihanteellisen ripsien kohotustuloksen. Kompensaattorit auttavat varmistamaan, ett\u00e4 ripset eiv\u00e4t irtoa silikonityynyst\u00e4 toimenpiteen aikana. Kompensaattorit on maustettu kuvioilla ja sis\u00e4lt\u00e4v\u00e4t 3 paria silikonikompensaattoreita.<\/p>\n<p>&nbsp;<\/p>\n<p>N\u00e4m\u00e4 uudelleenk\u00e4ytett\u00e4v\u00e4t kompensaattorit on suunniteltu ripsien laminointiin: ne sopivat kaikkiin silikonityynyihin ja niit\u00e4 on saatavana kolmessa eri v\u00e4riss\u00e4. Vaaleanpunainen v\u00e4ri sopii ensimm\u00e4iseen Step 1 -emulsioon, l\u00e4pin\u00e4kyv\u00e4 toiseen Step 2 -emulsioon ja musta v\u00e4ri maalaukseen. Kompensaattorit stabiloivat emulsion toimintaa.<\/p>\n<p>&nbsp;<\/p>\n<p>Kuvio: Kuvan mukainen<\/p>\n<p>Materiaali: silikoni<\/p>\n<p>Pakkauksen sis\u00e4lt\u00f6: 3 paria (6 kpl)<\/p>\n<p>Valmistusmaa: Ven\u00e4j\u00e4.<\/p>\n<p>&nbsp;<\/p>\n<p><strong>SAAPUU HELMIKUN LOPUSSA<\/strong><\/p>\n","protected":false},"featured_media":24113,"comment_status":"open","ping_status":"closed","template":"","meta":{"_monsterinsights_skip_tracking":false,"_monsterinsights_sitenote_active":false,"_monsterinsights_sitenote_note":"","_monsterinsights_sitenote_category":0},"product_cat":[516,521,475],"product_tag":[],"class_list":{"0":"post-23955","1":"product","2":"type-product","3":"status-publish","4":"has-post-thumbnail","6":"product_cat-lash-lift-fi","7":"product_cat-silikonityynyt","8":"product_cat-ripset","9":"pa_brand-katya-vinog-fi","11":"first","12":"instock","13":"taxable","14":"shipping-taxable","15":"purchasable","16":"product-type-simple"},"_links":{"self":[{"href":"https:\/\/prelive2.pomello.ee\/fi\/wp-json\/wp\/v2\/product\/23955","targetHints":{"allow":["GET"]}}],"collection":[{"href":"https:\/\/prelive2.pomello.ee\/fi\/wp-json\/wp\/v2\/product"}],"about":[{"href":"https:\/\/prelive2.pomello.ee\/fi\/wp-json\/wp\/v2\/types\/product"}],"replies":[{"embeddable":true,"href":"https:\/\/prelive2.pomello.ee\/fi\/wp-json\/wp\/v2\/comments?post=23955"}],"version-history":[{"count":0,"href":"https:\/\/prelive2.pomello.ee\/fi\/wp-json\/wp\/v2\/product\/23955\/revisions"}],"wp:featuredmedia":[{"embeddable":true,"href":"https:\/\/prelive2.pomello.ee\/fi\/wp-json\/wp\/v2\/media\/24113"}],"wp:attachment":[{"href":"https:\/\/prelive2.pomello.ee\/fi\/wp-json\/wp\/v2\/media?parent=23955"}],"wp:term":[{"taxonomy":"product_cat","embeddable":true,"href":"https:\/\/prelive2.pomello.ee\/fi\/wp-json\/wp\/v2\/product_cat?post=23955"},{"taxonomy":"product_tag","embeddable":true,"href":"https:\/\/prelive2.pomello.ee\/fi\/wp-json\/wp\/v2\/product_tag?post=23955"}],"curies":[{"name":"wp","href":"https:\/\/api.w.org\/{rel}","templated":true}]}}