{"id":23951,"date":"2023-10-31T18:05:13","date_gmt":"2023-10-31T15:05:13","guid":{"rendered":"https:\/\/prelive2.pomello.ee\/toode\/elan-flash-tint-ripsi-ja-kulmavari\/"},"modified":"2023-10-31T18:05:13","modified_gmt":"2023-10-31T15:05:13","slug":"elan-flash-tint-ripsi-ja-kulmavari","status":"publish","type":"product","link":"https:\/\/prelive2.pomello.ee\/fi\/toode\/elan-flash-tint-ripsi-ja-kulmavari\/","title":{"rendered":"ELAN FLASH TINT ripsi- ja kulmav\u00e4ri"},"content":{"rendered":"<p><strong>Huomaa<\/strong>: <strong>ELAN FLASH TINT<\/strong> ripsien ja kulmakarvojen v\u00e4rit &#8221;09 l\u00e4mmin ruskea&#8221;, &#8221;10 kylm\u00e4 ruskea&#8221; ja &#8221;11 vaaleanruskea&#8221; ovat puhtaita ja kirkkaita v\u00e4rej\u00e4. Saadaksesi muita s\u00e4vyj\u00e4, n\u00e4iden v\u00e4rien lis\u00e4ksi lis\u00e4\u00e4 v\u00e4ri\u00e4 &#8221;08 musta&#8221; vastaava m\u00e4\u00e4r\u00e4.<\/p>\n<p>&nbsp;<\/p>\n<p>VAIN AMMATTIMAISEEN K\u00c4YTT\u00d6\u00d6N!<\/p>\n<p>&nbsp;<\/p>\n<p><strong>ELAN FLASH TINT Ripsi- ja kulmakarvav\u00e4rit edut:<\/strong><\/p>\n<ol>\n<li>Ainutlaatuinen ainesosaluettelo:<\/li>\n<\/ol>\n<p>New age -v\u00e4rin kaava on kehitetty okkluusiovaikutuksen mukaan suurella m\u00e4\u00e4r\u00e4ll\u00e4 polysakkarideja, jotka syv\u00e4kosteuttavat hiuksia ja ihoa ilman liiallista haihtumista. Okkluusio varmistaa v\u00e4rien, hiusten ja ihon v\u00e4lisen suoran vuorovaikutuksen varmistaen tasaisen intensiivisen v\u00e4rin.<\/p>\n<p>Vaikuttavien ainesosien hoitoyhdistelm\u00e4 kosteuttaa ja ravitsee turkkia:<\/p>\n<ul>\n<li>Arginiini on aminohappo, joka palauttaa hiusten ja ihon proteiinirakenteen. Se palauttaa, poistaa mikrovaurioita, tasoittaa hiuksia ja ihon rakennetta;<\/li>\n<li>Hyaluronihappo kosteuttaa syv\u00e4sti kulmakarvojen ja ripsien karvoja, vet\u00e4\u00e4 puoleensa vesimolekyylej\u00e4 ja pit\u00e4\u00e4 ne karvoissa ja ihossa est\u00e4en n\u00e4in kuivumista;<\/li>\n<li>Hydrolysoidut kollageenimolekyylit tunkeutuvat hiuksen rakenteeseen, pit\u00e4v\u00e4t p\u00e4\u00e4llekk\u00e4iset kerrokset yhdess\u00e4, suojaavat aivokuorta ja luovat kalvon, joka antaa hiuksille lis\u00e4\u00e4 voimaa, volyymia, joustavuutta ja kiiltoa sek\u00e4 helpottaa niiden hallintaa.<\/li>\n<li>V\u00e4ri\u00e4 on rikastettu jojoba-, mustikka-, soija-, seesaminsiemen- ja ryp\u00e4leensiemenist\u00e4 koostuvalla \u00f6ljyjen ja uutteiden kompleksilla, jotka palauttavat hiusten solukalvokompleksin.<\/li>\n<\/ul>\n<p>&nbsp;<\/p>\n<p>FLASH TINT on ensimm\u00e4inen v\u00e4ri kulmakarvoille ja ripsille, jonka luonnollinen pH ei muutu v\u00e4rj\u00e4yksen aikana.<\/p>\n<p>&nbsp;<\/p>\n<div class=\"flex flex-1 gap-4 text-base mx-auto md:gap-6 gizmo:gap-3 gizmo:md:px-5 gizmo:lg:px-1 gizmo:xl:px-5 md:max-w-2xl lg:max-w-[38rem] gizmo:md:max-w-3xl gizmo:lg:max-w-[40rem] gizmo:xl:max-w-[48rem] xl:max-w-3xl }\">\n<div class=\"relative flex w-[calc(100%-50px)] flex-col gizmo:w-full lg:w-[calc(100%-115px)] agent-turn\">\n<div class=\"flex-col gap-1 md:gap-3\">\n<div class=\"flex flex-grow flex-col gap-3 max-w-full\">\n<div class=\"min-h-[20px] flex flex-col items-start gap-3 whitespace-pre-wrap break-words overflow-x-auto\" data-message-author-role=\"assistant\" data-message-id=\"cd6d87f6-3117-452b-807e-d660eb6b2e61\">\n<div class=\"markdown prose w-full break-words dark:prose-invert light\">\n<ol start=\"2\">\n<li>Maali ei sis\u00e4ll\u00e4 PPD:t\u00e4, ammoniakkia, etanoliamiinia tai niiden korvikkeita:<\/li>\n<\/ol>\n<ul>\n<li>V\u00e4rikaava ei sis\u00e4ll\u00e4 perinteisi\u00e4 em\u00e4ksi\u00e4 tai niiden analogeja, koska v\u00e4riaineen ja alkalisen ymp\u00e4rist\u00f6n v\u00e4lill\u00e4 ei ole tarvetta suoralle vuorovaikutukselle.<\/li>\n<li>PPD ja sen analogit korvataan suorilla v\u00e4riaineilla, jotka eiv\u00e4t vaadi alkalista ymp\u00e4rist\u00f6\u00e4.<\/li>\n<li>Suoran v\u00e4riaineen k\u00e4ytt\u00f6 hapettavien pigmenttien sijaan mahdollistaa allergisen reaktion mahdollisen riskin v\u00e4hent\u00e4misen.<\/li>\n<\/ul>\n<ol start=\"3\">\n<li>V\u00e4ri tarjoaa v\u00e4litt\u00f6m\u00e4n vaikutuksen: New age -v\u00e4ri takaa kirkkaan turkin muutamassa minuutissa ja tuloksena intensiivisen ja tasaisen ihon v\u00e4rj\u00e4yksen luoden pysyv\u00e4n kulmakarvojen meikkivaikutelman.<\/li>\n<li>Pitk\u00e4kestoinen v\u00e4ri:<\/li>\n<\/ol>\n<ul>\n<li>ihon v\u00e4rj\u00e4ys kest\u00e4\u00e4 pitk\u00e4\u00e4n (jopa 10 p\u00e4iv\u00e4\u00e4) ja hiusten (jopa 14 p\u00e4iv\u00e4\u00e4). Se riippuu ihotyypist\u00e4 ja hiusten rakenteesta.<\/li>\n<\/ul>\n<ul>\n<li>Perustuu TM ELAN -ammattiteknologioiden suorittamien v\u00e4rinkestotestien tuloksiin.<\/li>\n<\/ul>\n<ol start=\"5\">\n<li>Miellytt\u00e4v\u00e4 tuoksu tarkoittaa, ett\u00e4 v\u00e4rj\u00e4ys on mukavampaa asiakkaille.<\/li>\n<\/ol>\n<p>&nbsp;<\/p>\n<p>S\u00e4ilyvyys: 36 kuukautta pakkauksessa ilmoitetusta valmistusp\u00e4iv\u00e4st\u00e4.<\/p>\n<\/div>\n<\/div>\n<\/div>\n<\/div>\n<\/div>\n<\/div>\n","protected":false},"excerpt":{"rendered":"<p>ELAN FLASH TINT on innovatiivinen ripsi- ja kulmakarvav\u00e4rit, joka on okkluusiokulumisv\u00e4rj\u00e4ysj\u00e4rjestelm\u00e4.<\/p>\n<p>Se koostuu nelj\u00e4st\u00e4 v\u00e4rist\u00e4, joita voidaan yhdist\u00e4\u00e4 ja sekoittaa. Maali on k\u00e4tev\u00e4sti pakattu ja k\u00e4ytt\u00f6valmis (vety\u00e4 ei tarvitse lis\u00e4t\u00e4 erikseen).<\/p>\n<p>Vaikutusaika on 1-15 min, mik\u00e4 on mahdollista maalin ainutlaatuisen koostumuksen ansiosta. Maali sis\u00e4lt\u00e4\u00e4 hoitokompleksin, joka kosteuttaa hiuksia eik\u00e4 kuivata ihoa.<\/p>\n<p>V\u00e4rill\u00e4 on luonnollinen pH, joka s\u00e4ilyy koko v\u00e4rj\u00e4ysprosessin ajan.<\/p>\n<p>&nbsp;<\/p>\n<p><strong>\u00c4\u00e4nen valinta:<\/strong><\/p>\n<ol>\n<li>08 musta (intensiivinen musta)<\/li>\n<li>09 l\u00e4mmin ruskea (l\u00e4mmin ruskea punaisilla s\u00e4vyill\u00e4)<\/li>\n<li>10 kylm\u00e4n ruskeaa (kylm\u00e4nruskea vihre\u00e4ll\u00e4 pohjas\u00e4vyll\u00e4)<\/li>\n<li>11 vaaleanruskeaa (vaaleanruskea keltaisella pohjas\u00e4vyll\u00e4)<\/li>\n<\/ol>\n<p>&nbsp;<\/p>\n<p>Tilavuus: 10 ml<\/p>\n<p>Avaamisen j\u00e4lkeen v\u00e4ri s\u00e4ilyy 2 kuukautta.<\/p>\n","protected":false},"featured_media":22924,"comment_status":"open","ping_status":"closed","template":"","meta":{"_monsterinsights_skip_tracking":false,"_monsterinsights_sitenote_active":false,"_monsterinsights_sitenote_note":"","_monsterinsights_sitenote_category":0},"product_cat":[909,476,475,478,479],"product_tag":[],"class_list":{"0":"post-23951","1":"product","2":"type-product","3":"status-publish","4":"has-post-thumbnail","6":"product_cat-kestovari","7":"product_cat-kulmakarvat","8":"product_cat-ripset","9":"product_cat-ripsien-ja-kulmakarvojen-varit","10":"product_cat-ripsien-ja-kulmakarvojen-varit-fi","11":"pa_brand-elan-fi","12":"pa_suurus-10-ml-fi","13":"pa_varv-08-black-fi","14":"pa_varv-09-warm-brown-fi","15":"pa_varv-10-cold-brown-fi","16":"pa_varv-11-light-brown-fi","18":"first","19":"instock","20":"taxable","21":"shipping-taxable","22":"purchasable","23":"product-type-variable"},"_links":{"self":[{"href":"https:\/\/prelive2.pomello.ee\/fi\/wp-json\/wp\/v2\/product\/23951","targetHints":{"allow":["GET"]}}],"collection":[{"href":"https:\/\/prelive2.pomello.ee\/fi\/wp-json\/wp\/v2\/product"}],"about":[{"href":"https:\/\/prelive2.pomello.ee\/fi\/wp-json\/wp\/v2\/types\/product"}],"replies":[{"embeddable":true,"href":"https:\/\/prelive2.pomello.ee\/fi\/wp-json\/wp\/v2\/comments?post=23951"}],"version-history":[{"count":0,"href":"https:\/\/prelive2.pomello.ee\/fi\/wp-json\/wp\/v2\/product\/23951\/revisions"}],"wp:featuredmedia":[{"embeddable":true,"href":"https:\/\/prelive2.pomello.ee\/fi\/wp-json\/wp\/v2\/media\/22924"}],"wp:attachment":[{"href":"https:\/\/prelive2.pomello.ee\/fi\/wp-json\/wp\/v2\/media?parent=23951"}],"wp:term":[{"taxonomy":"product_cat","embeddable":true,"href":"https:\/\/prelive2.pomello.ee\/fi\/wp-json\/wp\/v2\/product_cat?post=23951"},{"taxonomy":"product_tag","embeddable":true,"href":"https:\/\/prelive2.pomello.ee\/fi\/wp-json\/wp\/v2\/product_tag?post=23951"}],"curies":[{"name":"wp","href":"https:\/\/api.w.org\/{rel}","templated":true}]}}