{"id":23949,"date":"2023-11-05T21:39:04","date_gmt":"2023-11-05T18:39:04","guid":{"rendered":"https:\/\/prelive2.pomello.ee\/toode\/italwax-pour-homme-film-wax\/"},"modified":"2023-11-05T21:39:04","modified_gmt":"2023-11-05T18:39:04","slug":"italwax-pour-homme-film-wax","status":"publish","type":"product","link":"https:\/\/prelive2.pomello.ee\/fi\/toode\/italwax-pour-homme-film-wax\/","title":{"rendered":"ITALWAX Pour Homme Film Wax"},"content":{"rendered":"","protected":false},"excerpt":{"rendered":"<p>ITALWAX Pour Homme Film Wax sis\u00e4lt\u00e4\u00e4 erikoiskomponentteja, jotka on lis\u00e4tty varmistamaan vahan paremman tarttuvuuden, mik\u00e4 puolestaan \u200b\u200bvarmistaa paksujen ja tukkien miesten hiusten nopean ja tehokkaan poiston.<\/p>\n<p>&nbsp;<\/p>\n<p>Miesten hiukset ovat yleens\u00e4 vahvempia, kun taas iho voi olla eritt\u00e4in herkk\u00e4.<\/p>\n<p>&nbsp;<\/p>\n<p>T\u00e4m\u00e4 tuote on suunniteltu erityisesti miehille, jotta yhdell\u00e4 k\u00e4ytt\u00f6kerralla on mahdollista poistaa 100% ei-toivotut karvat vahingoittamatta ihoa.<\/p>\n<p>&nbsp;<\/p>\n<p>ITALWAX &#8221;Pour Homme&#8221; on t\u00e4ydellinen miesten kampaamoihin ja ihanteellinen kasvojen vahaukseen.<\/p>\n<p>&nbsp;<\/p>\n<p>Lis\u00e4ksi se toimii erinomaisesti muilla kehon osilla, kuten rinnassa, sel\u00e4ss\u00e4 ja kainaloissa.<\/p>\n<p>&nbsp;<\/p>\n<p>Koko: 1kg<\/p>\n","protected":false},"featured_media":22933,"comment_status":"open","ping_status":"closed","template":"","meta":{"_monsterinsights_skip_tracking":false,"_monsterinsights_sitenote_active":false,"_monsterinsights_sitenote_note":"","_monsterinsights_sitenote_category":0},"product_cat":[507,542,555],"product_tag":[],"class_list":{"0":"post-23949","1":"product","2":"type-product","3":"status-publish","4":"has-post-thumbnail","6":"product_cat-karvanpoisto","7":"product_cat-karvanpoisto-tarvikkeet-fi","8":"product_cat-vahat","9":"pa_brand-italwax-fi","10":"pa_suurus-1-kg-fi","12":"first","13":"instock","14":"taxable","15":"shipping-taxable","16":"purchasable","17":"product-type-simple"},"_links":{"self":[{"href":"https:\/\/prelive2.pomello.ee\/fi\/wp-json\/wp\/v2\/product\/23949","targetHints":{"allow":["GET"]}}],"collection":[{"href":"https:\/\/prelive2.pomello.ee\/fi\/wp-json\/wp\/v2\/product"}],"about":[{"href":"https:\/\/prelive2.pomello.ee\/fi\/wp-json\/wp\/v2\/types\/product"}],"replies":[{"embeddable":true,"href":"https:\/\/prelive2.pomello.ee\/fi\/wp-json\/wp\/v2\/comments?post=23949"}],"version-history":[{"count":0,"href":"https:\/\/prelive2.pomello.ee\/fi\/wp-json\/wp\/v2\/product\/23949\/revisions"}],"wp:featuredmedia":[{"embeddable":true,"href":"https:\/\/prelive2.pomello.ee\/fi\/wp-json\/wp\/v2\/media\/22933"}],"wp:attachment":[{"href":"https:\/\/prelive2.pomello.ee\/fi\/wp-json\/wp\/v2\/media?parent=23949"}],"wp:term":[{"taxonomy":"product_cat","embeddable":true,"href":"https:\/\/prelive2.pomello.ee\/fi\/wp-json\/wp\/v2\/product_cat?post=23949"},{"taxonomy":"product_tag","embeddable":true,"href":"https:\/\/prelive2.pomello.ee\/fi\/wp-json\/wp\/v2\/product_tag?post=23949"}],"curies":[{"name":"wp","href":"https:\/\/api.w.org\/{rel}","templated":true}]}}