{"id":23945,"date":"2023-11-05T21:53:40","date_gmt":"2023-11-05T18:53:40","guid":{"rendered":"https:\/\/prelive2.pomello.ee\/toode\/iwax-diamond-tech-400ml-black-vahalammitin\/"},"modified":"2023-11-05T21:53:40","modified_gmt":"2023-11-05T18:53:40","slug":"iwax-diamond-tech-400ml-black-vahalammitin","status":"publish","type":"product","link":"https:\/\/prelive2.pomello.ee\/fi\/toode\/iwax-diamond-tech-400ml-black-vahalammitin\/","title":{"rendered":"iWAX Diamond Tech 400ml Black Vahal\u00e4mmitin"},"content":{"rendered":"<p><strong>Kuinka k\u00e4ytt\u00e4\u00e4 iWAX Diamond Tech 400ml Black<\/strong><\/p>\n<p>1. Aseta vahapelletit tai vahat\u00f6lkki l\u00e4mmittimeen ja kytke yksikk\u00f6 sitten pistorasiaan.<br \/>\n2. K\u00e4\u00e4nn\u00e4 nuppi ON-asentoon &#8211; punainen valo osoittaa, ett\u00e4 laite on k\u00e4ynnistynyt.<br \/>\n3. K\u00e4yt\u00f6n aikana valo sammuu ja syttyy uudelleen yll\u00e4pit\u00e4\u00e4kseen tasaisen vahal\u00e4mp\u00f6tilan.<br \/>\n4. Valitusta l\u00e4mp\u00f6tilasta ja vaham\u00e4\u00e4r\u00e4st\u00e4 riippuen vaha sulaa 10-30 minuutissa.<br \/>\n5. Tarkista aina vahan l\u00e4mp\u00f6tila ennen iholle levitt\u00e4mist\u00e4 palovammojen v\u00e4ltt\u00e4miseksi.<br \/>\n6. Kun olet valmis, sammuta laite ja odota, ett\u00e4 se j\u00e4\u00e4htyy.<br \/>\n7. Irrotettu laite voidaan puhdistaa irrottamalla s\u00e4ili\u00f6.<\/p>\n<p>&nbsp;<\/p>\n<p><strong>Tekniset tiedot:<\/strong><br \/>\nJohdon pituus 125 cm<\/p>\n<p>Malli: AX900<br \/>\nJ\u00e4nnite: 220V\/240V<br \/>\nS\u00e4hk\u00f6teho: 100W<br \/>\nTaajuus: 50\/60 Hz<\/p>\n","protected":false},"excerpt":{"rendered":"<p>iWAX Diamond Tech 400ml Black on vahanl\u00e4mmitin, jossa on n\u00e4ytt\u00f6, jonka avulla voit hallita tehokkaasti n\u00e4yt\u00f6ll\u00e4 n\u00e4kyv\u00e4\u00e4 vahan l\u00e4mp\u00f6tilaa. Sis\u00e4lt\u00e4\u00e4 alumiinis\u00e4ili\u00f6t.<\/p>\n<p>&nbsp;<\/p>\n<p><strong>Ominaisuudet:<\/strong><br \/>\n&#8211; L\u00e4pin\u00e4kyv\u00e4 kansi valvoa vahan sulamista ja est\u00e4\u00e4 ylikuumenemisen ja p\u00f6lyn ker\u00e4\u00e4ntymisen.<br \/>\n&#8211; S\u00e4\u00e4dett\u00e4v\u00e4 l\u00e4mp\u00f6tila-alue 35\u00b0 &#8211; 120\u00b0C.<br \/>\n&#8211; Digitaalinen n\u00e4ytt\u00f6.<br \/>\n&#8211; Soveltuu tavalliselle vahalle, rakeille ja parafiinille.<\/p>\n","protected":false},"featured_media":22940,"comment_status":"open","ping_status":"closed","template":"","meta":{"_monsterinsights_skip_tracking":false,"_monsterinsights_sitenote_active":false,"_monsterinsights_sitenote_note":"","_monsterinsights_sitenote_category":0},"product_cat":[925,507,542,559,555],"product_tag":[],"class_list":{"0":"post-23945","1":"product","2":"type-product","3":"status-publish","4":"has-post-thumbnail","6":"product_cat-vahan-lammittajat","7":"product_cat-karvanpoisto","8":"product_cat-karvanpoisto-tarvikkeet-fi","9":"product_cat-laitteita","10":"product_cat-vahat","11":"pa_brand-iwax-fi","12":"pa_suurus-400-ml-fi","14":"first","15":"instock","16":"taxable","17":"shipping-taxable","18":"purchasable","19":"product-type-simple"},"_links":{"self":[{"href":"https:\/\/prelive2.pomello.ee\/fi\/wp-json\/wp\/v2\/product\/23945","targetHints":{"allow":["GET"]}}],"collection":[{"href":"https:\/\/prelive2.pomello.ee\/fi\/wp-json\/wp\/v2\/product"}],"about":[{"href":"https:\/\/prelive2.pomello.ee\/fi\/wp-json\/wp\/v2\/types\/product"}],"replies":[{"embeddable":true,"href":"https:\/\/prelive2.pomello.ee\/fi\/wp-json\/wp\/v2\/comments?post=23945"}],"version-history":[{"count":0,"href":"https:\/\/prelive2.pomello.ee\/fi\/wp-json\/wp\/v2\/product\/23945\/revisions"}],"wp:featuredmedia":[{"embeddable":true,"href":"https:\/\/prelive2.pomello.ee\/fi\/wp-json\/wp\/v2\/media\/22940"}],"wp:attachment":[{"href":"https:\/\/prelive2.pomello.ee\/fi\/wp-json\/wp\/v2\/media?parent=23945"}],"wp:term":[{"taxonomy":"product_cat","embeddable":true,"href":"https:\/\/prelive2.pomello.ee\/fi\/wp-json\/wp\/v2\/product_cat?post=23945"},{"taxonomy":"product_tag","embeddable":true,"href":"https:\/\/prelive2.pomello.ee\/fi\/wp-json\/wp\/v2\/product_tag?post=23945"}],"curies":[{"name":"wp","href":"https:\/\/api.w.org\/{rel}","templated":true}]}}