{"id":23941,"date":"2023-11-11T13:53:36","date_gmt":"2023-11-11T10:53:36","guid":{"rendered":"https:\/\/prelive2.pomello.ee\/toode\/noemi-lash-foam-pink\/"},"modified":"2023-11-11T13:53:36","modified_gmt":"2023-11-11T10:53:36","slug":"noemi-lash-foam-pink","status":"publish","type":"product","link":"https:\/\/prelive2.pomello.ee\/fi\/toode\/noemi-lash-foam-pink\/","title":{"rendered":"NOEMI Lash Foam Pink"},"content":{"rendered":"<p>Vaaleanpunainen puhdistusvaahto ripsille ja kulmakarvoille Noemi Lash Foam Pink<\/p>\n<p>&nbsp;<\/p>\n<p>Noemi Lash and Brow Cleansing Foam on hell\u00e4varainen v\u00e4lituote, jota k\u00e4ytet\u00e4\u00e4n luonnollisten ripsien, kulmakarvojen ja ripsienpidennysten puhdistamiseen ennen toimenpidett\u00e4 tai osana kotihoitorutiinia.<\/p>\n<p>&nbsp;<\/p>\n<p>T\u00e4m\u00e4 \u00f6ljyt\u00f6n shampoo on ihanteellinen ennen ripsien pidennyst\u00e4, ja sen turvalliset ja hell\u00e4varaiset ainesosat tekev\u00e4t siit\u00e4 erinomaisen ripsien p\u00e4ivitt\u00e4iseen puhdistukseen. Poistaa perusteellisesti meikin, lian ja \u00f6ljyn ja sopii my\u00f6s koko kasvojen puhdistukseen varmistaen puhtaan ihon luonnollisesta kosteustasosta tinkim\u00e4tt\u00e4.<\/p>\n<p>&nbsp;<\/p>\n<p>Hell\u00e4varainen vaaleanpunainen puhdistusvaahto on huolellisesti muotoiltu B12-vitamiinilla ilman v\u00e4riaineita, mik\u00e4 tekee puhdistusprosessista ylellisen kokemuksen.<\/p>\n","protected":false},"excerpt":{"rendered":"<p>Noemi Lash Foam Pink puhdistusvaahto sopii erinomaisesti silmien, ripsien ja kulmakarvojen alueen puhdistamiseen ennen toimenpidett\u00e4. Sopii k\u00e4ytett\u00e4v\u00e4ksi ennen ripsien kohotusta, kulmakarvojen hoitoa tai ripsien pidennyst\u00e4.<\/p>\n<p>&nbsp;<\/p>\n<p>Vaaleanpunainen v\u00e4ri saadaan B12-vitamiinipitoisista tuotteista, v\u00e4riaineita ei ole lis\u00e4tty.<\/p>\n","protected":false},"featured_media":22949,"comment_status":"open","ping_status":"closed","template":"","meta":{"_monsterinsights_skip_tracking":false,"_monsterinsights_sitenote_active":false,"_monsterinsights_sitenote_note":"","_monsterinsights_sitenote_category":0},"product_cat":[476,516,520,475],"product_tag":[],"class_list":{"0":"post-23941","1":"product","2":"type-product","3":"status-publish","4":"has-post-thumbnail","6":"product_cat-kulmakarvat","7":"product_cat-lash-lift-fi","8":"product_cat-puhdistustuotteet","9":"product_cat-ripset","10":"pa_brand-noemi-fi","12":"first","13":"instock","14":"taxable","15":"shipping-taxable","16":"purchasable","17":"product-type-simple"},"_links":{"self":[{"href":"https:\/\/prelive2.pomello.ee\/fi\/wp-json\/wp\/v2\/product\/23941","targetHints":{"allow":["GET"]}}],"collection":[{"href":"https:\/\/prelive2.pomello.ee\/fi\/wp-json\/wp\/v2\/product"}],"about":[{"href":"https:\/\/prelive2.pomello.ee\/fi\/wp-json\/wp\/v2\/types\/product"}],"replies":[{"embeddable":true,"href":"https:\/\/prelive2.pomello.ee\/fi\/wp-json\/wp\/v2\/comments?post=23941"}],"version-history":[{"count":0,"href":"https:\/\/prelive2.pomello.ee\/fi\/wp-json\/wp\/v2\/product\/23941\/revisions"}],"wp:featuredmedia":[{"embeddable":true,"href":"https:\/\/prelive2.pomello.ee\/fi\/wp-json\/wp\/v2\/media\/22949"}],"wp:attachment":[{"href":"https:\/\/prelive2.pomello.ee\/fi\/wp-json\/wp\/v2\/media?parent=23941"}],"wp:term":[{"taxonomy":"product_cat","embeddable":true,"href":"https:\/\/prelive2.pomello.ee\/fi\/wp-json\/wp\/v2\/product_cat?post=23941"},{"taxonomy":"product_tag","embeddable":true,"href":"https:\/\/prelive2.pomello.ee\/fi\/wp-json\/wp\/v2\/product_tag?post=23941"}],"curies":[{"name":"wp","href":"https:\/\/api.w.org\/{rel}","templated":true}]}}