{"id":23939,"date":"2023-11-11T14:53:11","date_gmt":"2023-11-11T11:53:11","guid":{"rendered":"https:\/\/prelive2.pomello.ee\/toode\/my-lamination-lash-lift-kit\/"},"modified":"2023-11-11T14:53:11","modified_gmt":"2023-11-11T11:53:11","slug":"my-lamination-lash-lift-kit","status":"publish","type":"product","link":"https:\/\/prelive2.pomello.ee\/fi\/toode\/my-lamination-lash-lift-kit\/","title":{"rendered":"My Lamination Lash lift Kit"},"content":{"rendered":"<p><strong>My Lamination Lash lift Kit<\/strong><\/p>\n<p>&nbsp;<\/p>\n<p>LIFTING CREAM (VAIHE 1):<br \/>\nMy Lamination Lifting Cream+ on tarkoitettu lash lift -toimenpiteen ensimm\u00e4iseen vaiheeseen. Vaihe 1 on suunniteltu katkaisemaan luonnollisten ripsien disulfidisidokset ja valmistamaan ne uuteen muotoon. Koostumus pehment\u00e4\u00e4 ripsi\u00e4, avaa suomuja, tunkeutuu hell\u00e4sti hiusten sis\u00e4puolelle ja valmistelee siten ripset toiseen vaiheeseen. Voimassa on pehme\u00e4 rakenne ja miellytt\u00e4v\u00e4 kukkainen tuoksu.<\/p>\n<p>Vaikutusaika 7-12 minuuttia riippuen luonnollisten ripsien tyypist\u00e4 jne.<\/p>\n<p>&nbsp;<\/p>\n<p>NEUTRALIOINTIVOIDE (VAIHE 2):<br \/>\nMy Lamination Neutralizing Cream+ on lash lift -toimenpiteen j\u00e4lkeen 2. vaiheessa. Voide sitoo katkenneet sidokset yhteen ja vahvistaa ripsien uutta muotoa.<\/p>\n<p>Vaikutusaika 5-8 minuuttia riippuen luonnollisten ripsien tyypist\u00e4 jne.<\/p>\n<p>&nbsp;<\/p>\n<p>KOSTEUTTAVA SEERUM (VAIHE 3):<br \/>\nKosteuttava seerumi+ on Lash Lift 3. kolmas vaihe tai vaihe 3. T\u00e4ll\u00e4 tehokkaalla seerumilla on kaksi teht\u00e4v\u00e4\u00e4: se sulkee kynsinauhoja ja poistaa j\u00e4\u00e4mi\u00e4. Aktiiviset ainesosat varmistavat ripsien kosteutuksen kemiallisen toimenpiteen j\u00e4lkeen.<\/p>\n<p>Seerumi, joka on rikastettu 9 funktionaalisella ainesosalla:<\/p>\n<p>&nbsp;<\/p>\n<p>\u2013 Hydrolysoitu keratiini<br \/>\n\u2013 Hydrolysoitua silkki\u00e4<br \/>\n\u2013 Pantenoli<br \/>\n\u2013 Hydrattu risiini\u00f6ljy<br \/>\n\u2013 Wild Cassia -kukkauute<br \/>\n\u2013 Aloe-uute<br \/>\n&#8211; Glyseriini<br \/>\n\u2013 Nokkosen lehtiuute<br \/>\n\u2013 kollageeni<\/p>\n<p>Vaikutusaika 5 minuuttia.<\/p>\n<p>&nbsp;<\/p>\n<p>Kuinka k\u00e4ytt\u00e4\u00e4: \u00c4l\u00e4 unohda k\u00e4ytt\u00e4\u00e4 koulutuksessa opittua tietoa menetelmist\u00e4 ja ajoituksista.<\/p>\n<p>&nbsp;<\/p>\n<p>S\u00e4ilyt\u00e4 huoneenl\u00e4mm\u00f6ss\u00e4, auringonvalolta suojattuna, pakkaus tiiviisti suljettuna.<\/p>\n<p>&nbsp;<\/p>\n<p>VAIN AMMATTIMAISEEN K\u00c4YTT\u00d6\u00d6N<\/p>\n","protected":false},"excerpt":{"rendered":"<p>My Lamination Lash lift kit on trio ripsien kohotusemulsioita. Sarja sis\u00e4lt\u00e4\u00e4 kaikki tarvittavat emulsiot ripsien taivutukseen.<\/p>\n<p>&nbsp;<\/p>\n<p>Setti sis\u00e4lt\u00e4\u00e4 6-8 ripsi\u00e4 lash lift -menettely\u00e4 varten.<\/p>\n<p>&nbsp;<\/p>\n<div class=\"markdown prose w-full break-words dark:prose-invert light\">\n<p>Valmistettu Italiassa.<\/p>\n<p>&nbsp;<\/p>\n<p>Tilavuus: 1,5 ml pusseissa<\/p>\n<p>&nbsp;<\/p>\n<p>M\u00e4\u00e4r\u00e4: 3 x 1,5 ml pussia (1x Lifting Cream+, 1x Neutralizing Cream+, 1x Hydrating Serum+)<\/p>\n<\/div>\n","protected":false},"featured_media":22951,"comment_status":"open","ping_status":"closed","template":"","meta":{"_monsterinsights_skip_tracking":false,"_monsterinsights_sitenote_active":false,"_monsterinsights_sitenote_note":"","_monsterinsights_sitenote_category":0},"product_cat":[517,516,475],"product_tag":[],"class_list":{"0":"post-23939","1":"product","2":"type-product","3":"status-publish","4":"has-post-thumbnail","6":"product_cat-emulsiot","7":"product_cat-lash-lift-fi","8":"product_cat-ripset","9":"pa_brand-my-lamination-fi","11":"first","12":"instock","13":"taxable","14":"shipping-taxable","15":"purchasable","16":"product-type-simple"},"_links":{"self":[{"href":"https:\/\/prelive2.pomello.ee\/fi\/wp-json\/wp\/v2\/product\/23939","targetHints":{"allow":["GET"]}}],"collection":[{"href":"https:\/\/prelive2.pomello.ee\/fi\/wp-json\/wp\/v2\/product"}],"about":[{"href":"https:\/\/prelive2.pomello.ee\/fi\/wp-json\/wp\/v2\/types\/product"}],"replies":[{"embeddable":true,"href":"https:\/\/prelive2.pomello.ee\/fi\/wp-json\/wp\/v2\/comments?post=23939"}],"version-history":[{"count":0,"href":"https:\/\/prelive2.pomello.ee\/fi\/wp-json\/wp\/v2\/product\/23939\/revisions"}],"wp:featuredmedia":[{"embeddable":true,"href":"https:\/\/prelive2.pomello.ee\/fi\/wp-json\/wp\/v2\/media\/22951"}],"wp:attachment":[{"href":"https:\/\/prelive2.pomello.ee\/fi\/wp-json\/wp\/v2\/media?parent=23939"}],"wp:term":[{"taxonomy":"product_cat","embeddable":true,"href":"https:\/\/prelive2.pomello.ee\/fi\/wp-json\/wp\/v2\/product_cat?post=23939"},{"taxonomy":"product_tag","embeddable":true,"href":"https:\/\/prelive2.pomello.ee\/fi\/wp-json\/wp\/v2\/product_tag?post=23939"}],"curies":[{"name":"wp","href":"https:\/\/api.w.org\/{rel}","templated":true}]}}