{"id":23937,"date":"2023-09-25T22:21:56","date_gmt":"2023-09-25T19:21:56","guid":{"rendered":"https:\/\/prelive2.pomello.ee\/toode\/oko-power-powder-henna-10g\/"},"modified":"2023-09-25T22:21:56","modified_gmt":"2023-09-25T19:21:56","slug":"oko-power-powder-henna-10g","status":"publish","type":"product","link":"https:\/\/prelive2.pomello.ee\/fi\/toode\/oko-power-powder-henna-10g\/","title":{"rendered":"OKO Power Powder Henna 10g"},"content":{"rendered":"<p><strong>Kuinka k\u00e4ytt\u00e4\u00e4 OKO Power Powder -hennaa<\/strong><\/p>\n<p>&nbsp;<\/p>\n<ol>\n<li>Poista meikki.<\/li>\n<li>Pese kulmakarvat OKO pesuvaahdolla, huuhtele vedell\u00e4. Se poistaa rasvan iholta ja auttaa varmistamaan pitk\u00e4aikaisen pysyvyyden iholla.<\/li>\n<li>Piirr\u00e4 tarvittaessa piirustus kulmakarvojen eteen k\u00e4ytt\u00e4m\u00e4ll\u00e4 OKO Paste kulmakarvatahnaa.<\/li>\n<li>Sekoita OKO-henna tislattuun veteen tai mineraaliliuokseen suhteessa 1:3 (valitusta v\u00e4rj\u00e4ystekniikasta riippuen voidaan k\u00e4ytt\u00e4\u00e4 my\u00f6s 1:5 liuosta). Sekoita seosta huolellisesti, kunnes se on t\u00e4ysin liuennut ja konsistenssi muistuttaa soijakastiketta. K\u00e4yt\u00e4 ei-metallista astiaa.<\/li>\n<li>Levit\u00e4 valmistettu hennaseos kulmakarvoille siveltimell\u00e4. Levit\u00e4 seos useaan kerrokseen saadaksesi tarkan ja tasaisen lopputuloksen. Ennen uuden kerroksen levitt\u00e4mist\u00e4 varmista, ett\u00e4 edellinen kerros on t\u00e4ysin kuiva (3-5 minuuttia).<\/li>\n<li>Vaikutusaika on 10-15 minuuttia tai kunnes henna on t\u00e4ysin kuiva.<\/li>\n<li>Poista henna kulmakarvoista kostealla vanulapulla.<\/li>\n<\/ol>\n<p>&nbsp;<\/p>\n<p>&nbsp;<\/p>\n<p><strong>Henna v\u00e4ripaletti<\/strong><\/p>\n<p>&nbsp;<\/p>\n<p>01 Vaaleanruskea &#8211; vaaleanruskea s\u00e4vy. Luotu ihmisille, joilla on vaalea, l\u00e4mpim\u00e4n s\u00e4vyinen iho ja l\u00e4mpimi\u00e4 blondeja. J\u00e4tt\u00e4\u00e4 hell\u00e4varaisen j\u00e4ljen iholle. S\u00e4vytason syvyys: 7-8<\/p>\n<p>&nbsp;<\/p>\n<p>02 Ruskea &#8211; kirkas, t\u00e4ytel\u00e4inen ruskean s\u00e4vy. L\u00e4mmin ruskea viile\u00e4ll\u00e4 pohjas\u00e4vyll\u00e4 iholla. J\u00e4tt\u00e4\u00e4 kirkkaan vaikutelman iholle. S\u00e4vytason syvyys: 7-6<\/p>\n<p>&nbsp;<\/p>\n<p>03 Tummanruskea &#8211; kaunis, t\u00e4ytel\u00e4inen neutraali ruskea v\u00e4ri. Kerroksesta riippuen se voi j\u00e4tt\u00e4\u00e4 eritt\u00e4in tiiviin vaikutelman ihoon ja t\u00e4ytel\u00e4isen hiusv\u00e4rin. S\u00e4vytason syvyys: 6<\/p>\n<p>&nbsp;<\/p>\n<p>04 Musta &#8211; Korjain. Syv\u00e4, intensiivinen musta v\u00e4ri. Suositellaan k\u00e4ytett\u00e4v\u00e4ksi seoksissa muiden s\u00e4vyjen viilent\u00e4miseksi ja v\u00e4risyvyyden lis\u00e4\u00e4miseksi. S\u00e4vytason syvyys: 3-4<\/p>\n<p>&nbsp;<\/p>\n<p>05 Keltainen &#8211; Korjain. L\u00e4mmin kelta-ruskea s\u00e4vy. Suunniteltu vaalentamaan muita paletin v\u00e4rej\u00e4. Voidaan k\u00e4ytt\u00e4\u00e4 itsen\u00e4isesti l\u00e4mpim\u00e4n s\u00e4vyisille blondeille tai punap\u00e4ille. S\u00e4vytason syvyys: 8-9<\/p>\n<p>&nbsp;<\/p>\n<p>06 Punaviini &#8211; Korjaaja. N\u00e4kyv\u00e4, kirkas kuparinruskea v\u00e4ri. Sopii k\u00e4ytett\u00e4v\u00e4ksi sellaisenaan asiakkaille, joiden hiusv\u00e4ri on kastanjanruskea. S\u00e4vytason syvyys: 7<\/p>\n<p>&nbsp;<\/p>\n<p>&nbsp;<\/p>\n","protected":false},"excerpt":{"rendered":"<p>OKO Power Powder henna kulmakarvojen v\u00e4rj\u00e4ykseen!<\/p>\n<p>&nbsp;<\/p>\n<p>OKO Henna on suunniteltu intensiiviseen kulmakarvojen v\u00e4rj\u00e4ykseen. Hennalla on hieno koostumus, joka liukenee nopeasti. Sen geelim\u00e4inen koostumus tekee hennasta helpon k\u00e4ytt\u00e4\u00e4 ja levitt\u00e4\u00e4.<\/p>\n<p>&nbsp;<\/p>\n<p>Kulmakarvojen henna OKO sis\u00e4lt\u00e4\u00e4 ainesosia, jotka s\u00e4vytt\u00e4v\u00e4t hell\u00e4sti hiuksia ja ihoa.<\/p>\n<p>&nbsp;<\/p>\n<p>OKO Power Powder hennas\u00e4vytys kest\u00e4\u00e4 iholla jopa 14 p\u00e4iv\u00e4\u00e4 ja hiuksissa jopa 1,5 kuukautta (riippuen asiakkaan ihon yksil\u00f6llisist\u00e4 ominaisuuksista).<\/p>\n<p>&nbsp;<\/p>\n<p>Ainutlaatuinen kaava, joka on kehitetty ammattilaisten tarpeita ajatellen, mahdollistaa ty\u00f6n nopeuttamisen laadusta tinkim\u00e4tt\u00e4. Henna levi\u00e4\u00e4 haluttuun koostumukseen sekunneissa.<\/p>\n<p>Geelim\u00e4inen koostumus helpottaa tuotteen levitt\u00e4mist\u00e4. Paletissa on 6 s\u00e4vy\u00e4, jotka ovat p\u00e4tevien v\u00e4riasiantuntijoiden kehitt\u00e4mi\u00e4. Jokainen s\u00e4vy tekee teht\u00e4v\u00e4ns\u00e4 t\u00e4ydellisesti. Kolmella v\u00e4rill\u00e4 ja kolmella korjausaineella voit luoda t\u00e4ydellisen s\u00e4vyn jokaiselle asiakkaalle.<\/p>\n<p>Henna valmistetaan korkealaatuisimmista komponenteista korkeimmalla puhdistustasolla. Henna on CPNP-sertifioitu ja t\u00e4ytt\u00e4\u00e4 kaikki eurooppalaiset laatuvaatimukset.<\/p>\n<p>&nbsp;<\/p>\n<p>OKO Henna s\u00e4vyvalikoima: 01 Vaaleanruskea; 02 Ruskea; 03 Tummanruskea; 04 Musta; 05 Keltainen; 06 Punaviini.<\/p>\n<p>&nbsp;<\/p>\n<p><strong>\u00c4l\u00e4 k\u00e4yt\u00e4 hennaa ripsien v\u00e4rj\u00e4\u00e4miseen!<\/strong><\/p>\n<p>&nbsp;<\/p>\n<p>S\u00e4ilyt\u00e4 avaamisen j\u00e4lkeen todellisen s\u00e4ilyvyysajan mukaan.<\/p>\n<p>Tarkista viimeinen k\u00e4ytt\u00f6p\u00e4iv\u00e4 pakkauksesta.<\/p>\n<p>&nbsp;<\/p>\n<p>Intiassa valmistettu tuote.<\/p>\n<p>&nbsp;<\/p>\n<p>Tilavuus: 10 g<\/p>\n","protected":false},"featured_media":22852,"comment_status":"open","ping_status":"closed","template":"","meta":{"_monsterinsights_skip_tracking":false,"_monsterinsights_sitenote_active":false,"_monsterinsights_sitenote_note":"","_monsterinsights_sitenote_category":0},"product_cat":[508,476,479],"product_tag":[],"class_list":{"0":"post-23937","1":"product","2":"type-product","3":"status-publish","4":"has-post-thumbnail","6":"product_cat-henna-fi","7":"product_cat-kulmakarvat","8":"product_cat-ripsien-ja-kulmakarvojen-varit-fi","9":"pa_brand-oko-fi","10":"pa_suurus-10-g-fi","11":"pa_varv-helepruun-fi","12":"pa_varv-kollane-fi","13":"pa_varv-must-fi","14":"pa_varv-pruun-fi","15":"pa_varv-punane-vein-fi","16":"pa_varv-tumepruun-fi","18":"first","19":"instock","20":"taxable","21":"shipping-taxable","22":"purchasable","23":"product-type-variable"},"_links":{"self":[{"href":"https:\/\/prelive2.pomello.ee\/fi\/wp-json\/wp\/v2\/product\/23937","targetHints":{"allow":["GET"]}}],"collection":[{"href":"https:\/\/prelive2.pomello.ee\/fi\/wp-json\/wp\/v2\/product"}],"about":[{"href":"https:\/\/prelive2.pomello.ee\/fi\/wp-json\/wp\/v2\/types\/product"}],"replies":[{"embeddable":true,"href":"https:\/\/prelive2.pomello.ee\/fi\/wp-json\/wp\/v2\/comments?post=23937"}],"version-history":[{"count":0,"href":"https:\/\/prelive2.pomello.ee\/fi\/wp-json\/wp\/v2\/product\/23937\/revisions"}],"wp:featuredmedia":[{"embeddable":true,"href":"https:\/\/prelive2.pomello.ee\/fi\/wp-json\/wp\/v2\/media\/22852"}],"wp:attachment":[{"href":"https:\/\/prelive2.pomello.ee\/fi\/wp-json\/wp\/v2\/media?parent=23937"}],"wp:term":[{"taxonomy":"product_cat","embeddable":true,"href":"https:\/\/prelive2.pomello.ee\/fi\/wp-json\/wp\/v2\/product_cat?post=23937"},{"taxonomy":"product_tag","embeddable":true,"href":"https:\/\/prelive2.pomello.ee\/fi\/wp-json\/wp\/v2\/product_tag?post=23937"}],"curies":[{"name":"wp","href":"https:\/\/api.w.org\/{rel}","templated":true}]}}