{"id":23934,"date":"2023-09-25T23:01:08","date_gmt":"2023-09-25T20:01:08","guid":{"rendered":"https:\/\/prelive2.pomello.ee\/toode\/oko-large-angled-brush-1-sivellin\/"},"modified":"2023-09-25T23:01:08","modified_gmt":"2023-09-25T20:01:08","slug":"oko-large-angled-brush-1-sivellin","status":"publish","type":"product","link":"https:\/\/prelive2.pomello.ee\/fi\/toode\/oko-large-angled-brush-1-sivellin\/","title":{"rendered":"OKO Large Angled Brush #1 sivellin"},"content":{"rendered":"","protected":false},"excerpt":{"rendered":"<p>OKO Large Angled Brush #1 sivellin on monipuolinen ammattimainen synteettinen sivellin meikkitaiteilijoille. Harja on valmistettu korkealaatuisista materiaaleista, joustavista, tiheist\u00e4 harjaksista ja kest\u00e4v\u00e4st\u00e4 rakenteesta. OKO Harja nro. 1:n avulla voit luoda eritt\u00e4in hienoja, ter\u00e4vi\u00e4 ja puhtaita linjoja muutamalla vedolla. T\u00e4ydellinen kulmakarvojen v\u00e4rien merkitsemiseen ja levitt\u00e4miseen. Suunniteltu toimimaan s\u00e4vyjen, hennan, koristekosmetiikan ja suosikkivoide- ja geelikoostumusten kanssa.<\/p>\n<p>&nbsp;<\/p>\n<p>Yksityiskohdilla on v\u00e4li\u00e4! Harjan kahva on valmistettu asiantuntijan k\u00e4den anatomiaa huomioiden, mik\u00e4 takaa paremman mukavuuden ty\u00f6skentelyss\u00e4.<\/p>\n<p>&nbsp;<\/p>\n<p>Harjasten korkeus: 4-6 mm<\/p>\n<p>Harjasten leveys: 10 mm<\/p>\n<p>Harjan pituus: 17,6 cm<\/p>\n<p>Materiaali: synteettinen, nylon<\/p>\n","protected":false},"featured_media":22856,"comment_status":"open","ping_status":"closed","template":"","meta":{"_monsterinsights_skip_tracking":false,"_monsterinsights_sitenote_active":false,"_monsterinsights_sitenote_note":"","_monsterinsights_sitenote_category":0},"product_cat":[476,511,475,546,563,540,544],"product_tag":[],"class_list":{"0":"post-23934","1":"product","2":"type-product","3":"status-publish","4":"has-post-thumbnail","6":"product_cat-kulmakarvat","7":"product_cat-kulmakarvojen-tarvikkeet","8":"product_cat-ripset","9":"product_cat-ripsien-tarvikkeet","10":"product_cat-siveltimet","11":"product_cat-tarvikkeet","12":"product_cat-tarvikkeet-fi","13":"pa_brand-oko-fi","15":"first","16":"instock","17":"taxable","18":"shipping-taxable","19":"purchasable","20":"product-type-simple"},"_links":{"self":[{"href":"https:\/\/prelive2.pomello.ee\/fi\/wp-json\/wp\/v2\/product\/23934","targetHints":{"allow":["GET"]}}],"collection":[{"href":"https:\/\/prelive2.pomello.ee\/fi\/wp-json\/wp\/v2\/product"}],"about":[{"href":"https:\/\/prelive2.pomello.ee\/fi\/wp-json\/wp\/v2\/types\/product"}],"replies":[{"embeddable":true,"href":"https:\/\/prelive2.pomello.ee\/fi\/wp-json\/wp\/v2\/comments?post=23934"}],"version-history":[{"count":0,"href":"https:\/\/prelive2.pomello.ee\/fi\/wp-json\/wp\/v2\/product\/23934\/revisions"}],"wp:featuredmedia":[{"embeddable":true,"href":"https:\/\/prelive2.pomello.ee\/fi\/wp-json\/wp\/v2\/media\/22856"}],"wp:attachment":[{"href":"https:\/\/prelive2.pomello.ee\/fi\/wp-json\/wp\/v2\/media?parent=23934"}],"wp:term":[{"taxonomy":"product_cat","embeddable":true,"href":"https:\/\/prelive2.pomello.ee\/fi\/wp-json\/wp\/v2\/product_cat?post=23934"},{"taxonomy":"product_tag","embeddable":true,"href":"https:\/\/prelive2.pomello.ee\/fi\/wp-json\/wp\/v2\/product_tag?post=23934"}],"curies":[{"name":"wp","href":"https:\/\/api.w.org\/{rel}","templated":true}]}}