{"id":23932,"date":"2023-09-25T23:01:49","date_gmt":"2023-09-25T20:01:49","guid":{"rendered":"https:\/\/prelive2.pomello.ee\/toode\/oko-mini-angled-brush-2-sivellin\/"},"modified":"2023-09-25T23:01:49","modified_gmt":"2023-09-25T20:01:49","slug":"oko-mini-angled-brush-2-sivellin","status":"publish","type":"product","link":"https:\/\/prelive2.pomello.ee\/fi\/toode\/oko-mini-angled-brush-2-sivellin\/","title":{"rendered":"OKO Mini Angled Brush #2 sivellin"},"content":{"rendered":"","protected":false},"excerpt":{"rendered":"<p>OKO Mini Angled Brush #2 sivellin<\/p>\n<p>&nbsp;<\/p>\n<p>Brush beauty &#8211; perfektionisteille! OKO-sivellin nro 2 on ihanteellinen eritt\u00e4in hienojen viivojen piirt\u00e4miseen ja asteittaiseen varjostukseen. Harjan koon ja muodon ansiosta p\u00e4\u00e4set kulmakarvojen vaikeimmin saavutettaviin alueisiin. Harja auttaa levitt\u00e4m\u00e4\u00e4n ripsien kohotusemulsioita ripsiin. Harja on valmistettu korkealaatuisista materiaaleista, joustavista, tiheist\u00e4 harjaksista ja kest\u00e4v\u00e4st\u00e4 rakenteesta. Suunniteltu toimimaan s\u00e4vyjen, hennan, koristekosmetiikan ja suosikkivoide- ja geelikoostumustesi kanssa sek\u00e4 ripsien laminointiemulsioiden levitt\u00e4miseen.<\/p>\n<p>&nbsp;<\/p>\n<p>Yksityiskohdilla on v\u00e4li\u00e4! Harjan kahva on valmistettu asiantuntijan k\u00e4den anatomiaa huomioiden, mik\u00e4 takaa paremman mukavuuden ty\u00f6skentelyss\u00e4.<\/p>\n<p>&nbsp;<\/p>\n<p>Harjasten korkeus: 4-6 mm<\/p>\n<p>Harjasten leveys: 4 mm<\/p>\n<p>Harjan pituus: 16,5 cm<\/p>\n<p>Materiaali: synteettinen, nylon<\/p>\n","protected":false},"featured_media":22857,"comment_status":"open","ping_status":"closed","template":"","meta":{"_monsterinsights_skip_tracking":false,"_monsterinsights_sitenote_active":false,"_monsterinsights_sitenote_note":"","_monsterinsights_sitenote_category":0},"product_cat":[476,511,475,546,563,540,544],"product_tag":[],"class_list":{"0":"post-23932","1":"product","2":"type-product","3":"status-publish","4":"has-post-thumbnail","6":"product_cat-kulmakarvat","7":"product_cat-kulmakarvojen-tarvikkeet","8":"product_cat-ripset","9":"product_cat-ripsien-tarvikkeet","10":"product_cat-siveltimet","11":"product_cat-tarvikkeet","12":"product_cat-tarvikkeet-fi","13":"pa_brand-oko-fi","15":"first","16":"instock","17":"taxable","18":"shipping-taxable","19":"purchasable","20":"product-type-simple"},"_links":{"self":[{"href":"https:\/\/prelive2.pomello.ee\/fi\/wp-json\/wp\/v2\/product\/23932","targetHints":{"allow":["GET"]}}],"collection":[{"href":"https:\/\/prelive2.pomello.ee\/fi\/wp-json\/wp\/v2\/product"}],"about":[{"href":"https:\/\/prelive2.pomello.ee\/fi\/wp-json\/wp\/v2\/types\/product"}],"replies":[{"embeddable":true,"href":"https:\/\/prelive2.pomello.ee\/fi\/wp-json\/wp\/v2\/comments?post=23932"}],"version-history":[{"count":0,"href":"https:\/\/prelive2.pomello.ee\/fi\/wp-json\/wp\/v2\/product\/23932\/revisions"}],"wp:featuredmedia":[{"embeddable":true,"href":"https:\/\/prelive2.pomello.ee\/fi\/wp-json\/wp\/v2\/media\/22857"}],"wp:attachment":[{"href":"https:\/\/prelive2.pomello.ee\/fi\/wp-json\/wp\/v2\/media?parent=23932"}],"wp:term":[{"taxonomy":"product_cat","embeddable":true,"href":"https:\/\/prelive2.pomello.ee\/fi\/wp-json\/wp\/v2\/product_cat?post=23932"},{"taxonomy":"product_tag","embeddable":true,"href":"https:\/\/prelive2.pomello.ee\/fi\/wp-json\/wp\/v2\/product_tag?post=23932"}],"curies":[{"name":"wp","href":"https:\/\/api.w.org\/{rel}","templated":true}]}}