{"id":23930,"date":"2023-09-25T23:07:34","date_gmt":"2023-09-25T20:07:34","guid":{"rendered":"https:\/\/prelive2.pomello.ee\/toode\/oko-angled-brush-3-sivellin\/"},"modified":"2023-09-25T23:07:34","modified_gmt":"2023-09-25T20:07:34","slug":"oko-angled-brush-3-sivellin","status":"publish","type":"product","link":"https:\/\/prelive2.pomello.ee\/fi\/toode\/oko-angled-brush-3-sivellin\/","title":{"rendered":"OKO Angled Brush #3 sivellin"},"content":{"rendered":"","protected":false},"excerpt":{"rendered":"<p>OKO Angled Brush #3 sivellin<\/p>\n<p>&nbsp;<\/p>\n<p>OkO Lash &amp; Brow on monipuolinen ammattimainen synteettinen harja kauneustaiteilijoille. OkO-harja nro 3 on valmistettu korkealaatuisista materiaaleista, elastinen, tihe\u00e4t harjakset ja kest\u00e4v\u00e4 rakenne. Voit saavuttaa eritt\u00e4in hienoja linjoja, pehmeit\u00e4 liikkeit\u00e4 ja kerroksia sek\u00e4 piirt\u00e4\u00e4 karvoja. Suunniteltu toimimaan s\u00e4vyjen, hennan, koristekosmetiikan ja suosikkivoide- ja geelikoostumusten kanssa.<\/p>\n<p>&nbsp;<\/p>\n<p>Yksityiskohdilla on v\u00e4li\u00e4! Harjan kahva on valmistettu asiantuntijan k\u00e4den anatomiaa huomioiden, mik\u00e4 takaa paremman mukavuuden ty\u00f6skentelyss\u00e4.<\/p>\n<p>&nbsp;<\/p>\n<p>Harjasten korkeus: 4-6 mm<\/p>\n<p>Harjasten leveys: 8 mm<\/p>\n<p>Harjan pituus: 16,5 cm<\/p>\n<p>Materiaali: synteettinen, nylon<\/p>\n","protected":false},"featured_media":22858,"comment_status":"open","ping_status":"closed","template":"","meta":{"_monsterinsights_skip_tracking":false,"_monsterinsights_sitenote_active":false,"_monsterinsights_sitenote_note":"","_monsterinsights_sitenote_category":0},"product_cat":[476,511,475,546,563,540,544],"product_tag":[],"class_list":{"0":"post-23930","1":"product","2":"type-product","3":"status-publish","4":"has-post-thumbnail","6":"product_cat-kulmakarvat","7":"product_cat-kulmakarvojen-tarvikkeet","8":"product_cat-ripset","9":"product_cat-ripsien-tarvikkeet","10":"product_cat-siveltimet","11":"product_cat-tarvikkeet","12":"product_cat-tarvikkeet-fi","13":"pa_brand-oko-fi","15":"first","16":"instock","17":"taxable","18":"shipping-taxable","19":"purchasable","20":"product-type-simple"},"_links":{"self":[{"href":"https:\/\/prelive2.pomello.ee\/fi\/wp-json\/wp\/v2\/product\/23930","targetHints":{"allow":["GET"]}}],"collection":[{"href":"https:\/\/prelive2.pomello.ee\/fi\/wp-json\/wp\/v2\/product"}],"about":[{"href":"https:\/\/prelive2.pomello.ee\/fi\/wp-json\/wp\/v2\/types\/product"}],"replies":[{"embeddable":true,"href":"https:\/\/prelive2.pomello.ee\/fi\/wp-json\/wp\/v2\/comments?post=23930"}],"version-history":[{"count":0,"href":"https:\/\/prelive2.pomello.ee\/fi\/wp-json\/wp\/v2\/product\/23930\/revisions"}],"wp:featuredmedia":[{"embeddable":true,"href":"https:\/\/prelive2.pomello.ee\/fi\/wp-json\/wp\/v2\/media\/22858"}],"wp:attachment":[{"href":"https:\/\/prelive2.pomello.ee\/fi\/wp-json\/wp\/v2\/media?parent=23930"}],"wp:term":[{"taxonomy":"product_cat","embeddable":true,"href":"https:\/\/prelive2.pomello.ee\/fi\/wp-json\/wp\/v2\/product_cat?post=23930"},{"taxonomy":"product_tag","embeddable":true,"href":"https:\/\/prelive2.pomello.ee\/fi\/wp-json\/wp\/v2\/product_tag?post=23930"}],"curies":[{"name":"wp","href":"https:\/\/api.w.org\/{rel}","templated":true}]}}