{"id":23925,"date":"2023-09-26T10:02:34","date_gmt":"2023-09-26T07:02:34","guid":{"rendered":"https:\/\/prelive2.pomello.ee\/toode\/oko-soft-angled-brush-5-sivellin\/"},"modified":"2024-02-26T17:39:33","modified_gmt":"2024-02-26T14:39:33","slug":"oko-soft-angled-brush-5-sivellin","status":"publish","type":"product","link":"https:\/\/prelive2.pomello.ee\/fi\/toode\/oko-soft-angled-brush-5-sivellin\/","title":{"rendered":"OKO Soft Angled Brush #5 Sivellin"},"content":{"rendered":"","protected":false},"excerpt":{"rendered":"<p>OKO Soft Angled Brush #5 sivellin on ainutlaatuinen monipuolinen ammattimainen synteettinen sivellin kauneustaiteilijoille. OkO-harja nro 5 on valmistettu korkealaatuisista materiaaleista, ja siin\u00e4 on pehme\u00e4t, tihe\u00e4t ja kest\u00e4v\u00e4t harjakset. Siveltimen pehme\u00e4 reuna mahdollistaa t\u00e4ydellisen ombre-v\u00e4rin puhtaalla pohjalinjalla. Suunniteltu toimimaan s\u00e4vyjen, hennan, koristekosmetiikan ja suosikkivoide- ja geelikoostumusten kanssa.<\/p>\n<p>&nbsp;<\/p>\n<p>Yksityiskohdilla on v\u00e4li\u00e4! Harjan kahva on valmistettu asiantuntijan k\u00e4den anatomiaa huomioiden, mik\u00e4 takaa paremman mukavuuden ty\u00f6skentelyss\u00e4.<\/p>\n<p>&nbsp;<\/p>\n<p>Harjasten korkeus: 3-7 mm<\/p>\n<p>Harjasten leveys: 6 mm<\/p>\n<p>Harjan pituus: 17,2 cm<\/p>\n<p>Materiaali: synteettinen, nylon<\/p>\n","protected":false},"featured_media":22860,"comment_status":"open","ping_status":"closed","template":"","meta":{"_monsterinsights_skip_tracking":false,"_monsterinsights_sitenote_active":false,"_monsterinsights_sitenote_note":"","_monsterinsights_sitenote_category":0},"product_cat":[476,511,475,546,563,540,544],"product_tag":[],"class_list":{"0":"post-23925","1":"product","2":"type-product","3":"status-publish","4":"has-post-thumbnail","6":"product_cat-kulmakarvat","7":"product_cat-kulmakarvojen-tarvikkeet","8":"product_cat-ripset","9":"product_cat-ripsien-tarvikkeet","10":"product_cat-siveltimet","11":"product_cat-tarvikkeet","12":"product_cat-tarvikkeet-fi","13":"pa_brand-oko-fi","15":"first","16":"instock","17":"taxable","18":"shipping-taxable","19":"purchasable","20":"product-type-simple"},"_links":{"self":[{"href":"https:\/\/prelive2.pomello.ee\/fi\/wp-json\/wp\/v2\/product\/23925","targetHints":{"allow":["GET"]}}],"collection":[{"href":"https:\/\/prelive2.pomello.ee\/fi\/wp-json\/wp\/v2\/product"}],"about":[{"href":"https:\/\/prelive2.pomello.ee\/fi\/wp-json\/wp\/v2\/types\/product"}],"replies":[{"embeddable":true,"href":"https:\/\/prelive2.pomello.ee\/fi\/wp-json\/wp\/v2\/comments?post=23925"}],"version-history":[{"count":1,"href":"https:\/\/prelive2.pomello.ee\/fi\/wp-json\/wp\/v2\/product\/23925\/revisions"}],"predecessor-version":[{"id":23926,"href":"https:\/\/prelive2.pomello.ee\/fi\/wp-json\/wp\/v2\/product\/23925\/revisions\/23926"}],"wp:featuredmedia":[{"embeddable":true,"href":"https:\/\/prelive2.pomello.ee\/fi\/wp-json\/wp\/v2\/media\/22860"}],"wp:attachment":[{"href":"https:\/\/prelive2.pomello.ee\/fi\/wp-json\/wp\/v2\/media?parent=23925"}],"wp:term":[{"taxonomy":"product_cat","embeddable":true,"href":"https:\/\/prelive2.pomello.ee\/fi\/wp-json\/wp\/v2\/product_cat?post=23925"},{"taxonomy":"product_tag","embeddable":true,"href":"https:\/\/prelive2.pomello.ee\/fi\/wp-json\/wp\/v2\/product_tag?post=23925"}],"curies":[{"name":"wp","href":"https:\/\/api.w.org\/{rel}","templated":true}]}}