{"id":23923,"date":"2023-09-26T10:16:10","date_gmt":"2023-09-26T07:16:10","guid":{"rendered":"https:\/\/prelive2.pomello.ee\/toode\/oko-01-classic-pinsetit\/"},"modified":"2023-09-26T10:16:10","modified_gmt":"2023-09-26T07:16:10","slug":"oko-01-classic-pinsetit","status":"publish","type":"product","link":"https:\/\/prelive2.pomello.ee\/fi\/toode\/oko-01-classic-pinsetit\/","title":{"rendered":"OKO 01 Classic Pinsetit"},"content":{"rendered":"","protected":false},"excerpt":{"rendered":"<p>OKO 01 Classic Pinseteiss\u00e4 on pehme\u00e4 ja hell\u00e4varainen puristus ja ne istuvat t\u00e4ydellisesti k\u00e4teen. K\u00e4sin teroitetut ja 45 astetta viistetyt reunat pit\u00e4v\u00e4t pinsetit hyvin kiinni ja poistavat lyhyimm\u00e4t ja hienoimmatkin karvat. Pinsetit on valmistettu korkealaatuisesta kulutusta kest\u00e4v\u00e4st\u00e4 ter\u00e4ksest\u00e4 ja kest\u00e4v\u00e4t hyvin p\u00e4ivitt\u00e4ist\u00e4 desinfiointia ja sterilointia.<\/p>\n<p>&nbsp;<\/p>\n","protected":false},"featured_media":22861,"comment_status":"open","ping_status":"closed","template":"","meta":{"_monsterinsights_skip_tracking":false,"_monsterinsights_sitenote_active":false,"_monsterinsights_sitenote_note":"","_monsterinsights_sitenote_category":0},"product_cat":[476,511,561,540],"product_tag":[],"class_list":{"0":"post-23923","1":"product","2":"type-product","3":"status-publish","4":"has-post-thumbnail","6":"product_cat-kulmakarvat","7":"product_cat-kulmakarvojen-tarvikkeet","8":"product_cat-pinsetit","9":"product_cat-tarvikkeet","10":"pa_brand-oko-fi","12":"first","13":"instock","14":"taxable","15":"shipping-taxable","16":"purchasable","17":"product-type-simple"},"_links":{"self":[{"href":"https:\/\/prelive2.pomello.ee\/fi\/wp-json\/wp\/v2\/product\/23923","targetHints":{"allow":["GET"]}}],"collection":[{"href":"https:\/\/prelive2.pomello.ee\/fi\/wp-json\/wp\/v2\/product"}],"about":[{"href":"https:\/\/prelive2.pomello.ee\/fi\/wp-json\/wp\/v2\/types\/product"}],"replies":[{"embeddable":true,"href":"https:\/\/prelive2.pomello.ee\/fi\/wp-json\/wp\/v2\/comments?post=23923"}],"version-history":[{"count":0,"href":"https:\/\/prelive2.pomello.ee\/fi\/wp-json\/wp\/v2\/product\/23923\/revisions"}],"wp:featuredmedia":[{"embeddable":true,"href":"https:\/\/prelive2.pomello.ee\/fi\/wp-json\/wp\/v2\/media\/22861"}],"wp:attachment":[{"href":"https:\/\/prelive2.pomello.ee\/fi\/wp-json\/wp\/v2\/media?parent=23923"}],"wp:term":[{"taxonomy":"product_cat","embeddable":true,"href":"https:\/\/prelive2.pomello.ee\/fi\/wp-json\/wp\/v2\/product_cat?post=23923"},{"taxonomy":"product_tag","embeddable":true,"href":"https:\/\/prelive2.pomello.ee\/fi\/wp-json\/wp\/v2\/product_tag?post=23923"}],"curies":[{"name":"wp","href":"https:\/\/api.w.org\/{rel}","templated":true}]}}