{"id":23921,"date":"2023-09-26T10:17:16","date_gmt":"2023-09-26T07:17:16","guid":{"rendered":"https:\/\/prelive2.pomello.ee\/toode\/oko-02-easy-touch-pinsetit\/"},"modified":"2023-09-26T10:17:16","modified_gmt":"2023-09-26T07:17:16","slug":"oko-02-easy-touch-pinsetit","status":"publish","type":"product","link":"https:\/\/prelive2.pomello.ee\/fi\/toode\/oko-02-easy-touch-pinsetit\/","title":{"rendered":"OKO 02 Easy Touch Pinsetit"},"content":{"rendered":"","protected":false},"excerpt":{"rendered":"<p>OKO 02 Easy Touch Pinsetit ovat ammattik\u00e4ytt\u00f6\u00f6n tarkoitettuja pinsettej\u00e4 niille, jotka haluavat ty\u00f6ss\u00e4\u00e4n pehmeytt\u00e4. Unohda k\u00e4den rasittaminen &#8211; n\u00e4m\u00e4 hieman perhosmaiset pinsetit auttavat sinua luomaan halutun kulmakarvojen muodon nopeammin ja paremmin.<\/p>\n<p>Easy Touch pinseteill\u00e4 on hieman pienempi muoto ja reuna kuin OKO 01 pinseteill\u00e4, mik\u00e4 auttaa tekem\u00e4\u00e4n kulmakarvojen korjauksen yksityiskohtaisemmin.<\/p>\n<p>Pinseteiss\u00e4 on eritt\u00e4in pehme\u00e4 ja pehme\u00e4 paine ja ne tuntuvat hyv\u00e4lt\u00e4 k\u00e4dess\u00e4. Manuaalisen teroituksen ja kiillotetun 45 asteen viisteen ansiosta pinsetit tarttuvat ja poistavat lyhyimm\u00e4t ja hienoimmatkin karvat rikkomatta niit\u00e4.<\/p>\n<p>Pinsetit on valmistettu korkealaatuisesta kulutusta kest\u00e4v\u00e4st\u00e4 ter\u00e4ksest\u00e4, niiden pintak\u00e4sittely on ihanteellinen, mik\u00e4 tekee tuotteesta kest\u00e4v\u00e4n p\u00e4ivitt\u00e4ist\u00e4 desinfiointia ja erilaisia \u200b\u200bsterilointeja.<\/p>\n<p>&nbsp;<\/p>\n<p>Ty\u00f6kalu on k\u00e4sin teroitettu ja kest\u00e4\u00e4 pitk\u00e4\u00e4n oikein k\u00e4ytettyn\u00e4.<\/p>\n<p>&nbsp;<\/p>\n<p>&nbsp;<\/p>\n","protected":false},"featured_media":22865,"comment_status":"open","ping_status":"closed","template":"","meta":{"_monsterinsights_skip_tracking":false,"_monsterinsights_sitenote_active":false,"_monsterinsights_sitenote_note":"","_monsterinsights_sitenote_category":0},"product_cat":[476,511,561,540],"product_tag":[],"class_list":{"0":"post-23921","1":"product","2":"type-product","3":"status-publish","4":"has-post-thumbnail","6":"product_cat-kulmakarvat","7":"product_cat-kulmakarvojen-tarvikkeet","8":"product_cat-pinsetit","9":"product_cat-tarvikkeet","10":"pa_brand-oko-fi","12":"first","13":"outofstock","14":"taxable","15":"shipping-taxable","16":"purchasable","17":"product-type-simple"},"_links":{"self":[{"href":"https:\/\/prelive2.pomello.ee\/fi\/wp-json\/wp\/v2\/product\/23921","targetHints":{"allow":["GET"]}}],"collection":[{"href":"https:\/\/prelive2.pomello.ee\/fi\/wp-json\/wp\/v2\/product"}],"about":[{"href":"https:\/\/prelive2.pomello.ee\/fi\/wp-json\/wp\/v2\/types\/product"}],"replies":[{"embeddable":true,"href":"https:\/\/prelive2.pomello.ee\/fi\/wp-json\/wp\/v2\/comments?post=23921"}],"version-history":[{"count":0,"href":"https:\/\/prelive2.pomello.ee\/fi\/wp-json\/wp\/v2\/product\/23921\/revisions"}],"wp:featuredmedia":[{"embeddable":true,"href":"https:\/\/prelive2.pomello.ee\/fi\/wp-json\/wp\/v2\/media\/22865"}],"wp:attachment":[{"href":"https:\/\/prelive2.pomello.ee\/fi\/wp-json\/wp\/v2\/media?parent=23921"}],"wp:term":[{"taxonomy":"product_cat","embeddable":true,"href":"https:\/\/prelive2.pomello.ee\/fi\/wp-json\/wp\/v2\/product_cat?post=23921"},{"taxonomy":"product_tag","embeddable":true,"href":"https:\/\/prelive2.pomello.ee\/fi\/wp-json\/wp\/v2\/product_tag?post=23921"}],"curies":[{"name":"wp","href":"https:\/\/api.w.org\/{rel}","templated":true}]}}