{"id":23919,"date":"2023-09-26T10:25:48","date_gmt":"2023-09-26T07:25:48","guid":{"rendered":"https:\/\/prelive2.pomello.ee\/toode\/oko-soft-large-angled-brush-6-sivellin\/"},"modified":"2023-09-26T10:25:48","modified_gmt":"2023-09-26T07:25:48","slug":"oko-soft-large-angled-brush-6-sivellin","status":"publish","type":"product","link":"https:\/\/prelive2.pomello.ee\/fi\/toode\/oko-soft-large-angled-brush-6-sivellin\/","title":{"rendered":"OKO Soft Large Angled Brush #6 sivellin"},"content":{"rendered":"","protected":false},"excerpt":{"rendered":"<p>OKO Soft Large Angled Brush #6 sivellin on ainutlaatuinen monipuolinen ammattimainen synteettinen sivellin kauneustaiteilijoille. OkO-sivellin nro 6 on valmistettu laadukkaista materiaaleista, ja siin\u00e4 on pehme\u00e4t, tiiviit ja kest\u00e4v\u00e4t harjakset. Siveltimen pehme\u00e4 reuna mahdollistaa t\u00e4ydellisen ombre-v\u00e4rin puhtaalla pohjalinjalla. Suuren siveltimen koon ansiosta ty\u00f6 on nopeaa ja laadukasta.<\/p>\n<p>M\u00f5eldud t\u00f6\u00f6tamiseks toonide, henna, dekoratiivkosmeetika ning lemmik kreemi- ja geeltekstuuridega. T\u00e4ll\u00e4 siveltimell\u00e4 voit levitt\u00e4\u00e4 tuotteita tasaisesti ja hell\u00e4sti.<\/p>\n<p>&nbsp;<\/p>\n<p>Yksityiskohdilla on v\u00e4li\u00e4! Harjan kahva on valmistettu asiantuntijan k\u00e4den anatomiaa huomioiden, mik\u00e4 takaa paremman mukavuuden ty\u00f6skentelyss\u00e4.<\/p>\n<p>&nbsp;<\/p>\n<p>Harjasten korkeus: 3-9 mm<\/p>\n<p>Harjasten leveys: 8 mm<\/p>\n<p>Harjan pituus: 17,8 cm<\/p>\n<p>Materiaali: synteettinen, nylon<\/p>\n","protected":false},"featured_media":22868,"comment_status":"open","ping_status":"closed","template":"","meta":{"_monsterinsights_skip_tracking":false,"_monsterinsights_sitenote_active":false,"_monsterinsights_sitenote_note":"","_monsterinsights_sitenote_category":0},"product_cat":[476,511,475,546,563,540,544],"product_tag":[],"class_list":{"0":"post-23919","1":"product","2":"type-product","3":"status-publish","4":"has-post-thumbnail","6":"product_cat-kulmakarvat","7":"product_cat-kulmakarvojen-tarvikkeet","8":"product_cat-ripset","9":"product_cat-ripsien-tarvikkeet","10":"product_cat-siveltimet","11":"product_cat-tarvikkeet","12":"product_cat-tarvikkeet-fi","13":"pa_brand-oko-fi","15":"first","16":"instock","17":"taxable","18":"shipping-taxable","19":"purchasable","20":"product-type-simple"},"_links":{"self":[{"href":"https:\/\/prelive2.pomello.ee\/fi\/wp-json\/wp\/v2\/product\/23919","targetHints":{"allow":["GET"]}}],"collection":[{"href":"https:\/\/prelive2.pomello.ee\/fi\/wp-json\/wp\/v2\/product"}],"about":[{"href":"https:\/\/prelive2.pomello.ee\/fi\/wp-json\/wp\/v2\/types\/product"}],"replies":[{"embeddable":true,"href":"https:\/\/prelive2.pomello.ee\/fi\/wp-json\/wp\/v2\/comments?post=23919"}],"version-history":[{"count":0,"href":"https:\/\/prelive2.pomello.ee\/fi\/wp-json\/wp\/v2\/product\/23919\/revisions"}],"wp:featuredmedia":[{"embeddable":true,"href":"https:\/\/prelive2.pomello.ee\/fi\/wp-json\/wp\/v2\/media\/22868"}],"wp:attachment":[{"href":"https:\/\/prelive2.pomello.ee\/fi\/wp-json\/wp\/v2\/media?parent=23919"}],"wp:term":[{"taxonomy":"product_cat","embeddable":true,"href":"https:\/\/prelive2.pomello.ee\/fi\/wp-json\/wp\/v2\/product_cat?post=23919"},{"taxonomy":"product_tag","embeddable":true,"href":"https:\/\/prelive2.pomello.ee\/fi\/wp-json\/wp\/v2\/product_tag?post=23919"}],"curies":[{"name":"wp","href":"https:\/\/api.w.org\/{rel}","templated":true}]}}