{"id":23917,"date":"2023-09-26T10:29:51","date_gmt":"2023-09-26T07:29:51","guid":{"rendered":"https:\/\/prelive2.pomello.ee\/toode\/oko-03-ultra-point-pinsetit\/"},"modified":"2023-09-26T10:29:51","modified_gmt":"2023-09-26T07:29:51","slug":"oko-03-ultra-point-pinsetit","status":"publish","type":"product","link":"https:\/\/prelive2.pomello.ee\/fi\/toode\/oko-03-ultra-point-pinsetit\/","title":{"rendered":"OKO 03 Ultra Point Pinsetit"},"content":{"rendered":"","protected":false},"excerpt":{"rendered":"<p>OKO 03 Ultra Point Pinsetit ammattipinsetit t\u00e4ydelliseen ja selke\u00e4\u00e4n kulmakarvojen korjauslinjaan. OKO 03 pinsettien reunat on k\u00e4sin teroitettu ja kohdistettu niin, ett\u00e4 levysuljin on mahdollisimman tiukka, jolloin pinsetit tarttuvat pienimpiinkin karvoihin niit\u00e4 rikkomatta. Pinsettien mukava muoto ja hell\u00e4varainen puristus takaavat t\u00e4yden hallinnan ja todellisen tarkkuuden kulmakarvojen korjauksessa sek\u00e4 mestarin ty\u00f6n mukavuuden ja nopeuden.<\/p>\n<p>&nbsp;<\/p>\n<p>OKO 03 Ultra Point pinsetit on suunniteltu viimeistelem\u00e4\u00e4n ty\u00f6: k\u00e4yt\u00e4 niit\u00e4 perusteellisen kulmakarvojen korjauksen j\u00e4lkeen OKO 01 tai OKO 02 Easy Touch kulmapinseteill\u00e4 ohuiden ja sis\u00e4\u00e4nkasvaneiden karvojen ja kulmakarvojen hoitoon.<\/p>\n<p>&nbsp;<\/p>\n<p>Pinsetit on valmistettu korkealaatuisesta kulutusta kest\u00e4v\u00e4st\u00e4 ter\u00e4ksest\u00e4, niiden pintak\u00e4sittely on ihanteellinen, mik\u00e4 tekee tuotteesta kest\u00e4v\u00e4n p\u00e4ivitt\u00e4ist\u00e4 desinfiointia ja erilaisia \u200b\u200bsterilointeja. Ty\u00f6kalu on k\u00e4sin teroitettu ja kest\u00e4\u00e4 pitk\u00e4\u00e4n oikein k\u00e4ytettyn\u00e4.<\/p>\n<p>&nbsp;<\/p>\n","protected":false},"featured_media":22869,"comment_status":"open","ping_status":"closed","template":"","meta":{"_monsterinsights_skip_tracking":false,"_monsterinsights_sitenote_active":false,"_monsterinsights_sitenote_note":"","_monsterinsights_sitenote_category":0},"product_cat":[476,511,561,540],"product_tag":[],"class_list":{"0":"post-23917","1":"product","2":"type-product","3":"status-publish","4":"has-post-thumbnail","6":"product_cat-kulmakarvat","7":"product_cat-kulmakarvojen-tarvikkeet","8":"product_cat-pinsetit","9":"product_cat-tarvikkeet","10":"pa_brand-oko-fi","12":"first","13":"outofstock","14":"taxable","15":"shipping-taxable","16":"purchasable","17":"product-type-simple"},"_links":{"self":[{"href":"https:\/\/prelive2.pomello.ee\/fi\/wp-json\/wp\/v2\/product\/23917","targetHints":{"allow":["GET"]}}],"collection":[{"href":"https:\/\/prelive2.pomello.ee\/fi\/wp-json\/wp\/v2\/product"}],"about":[{"href":"https:\/\/prelive2.pomello.ee\/fi\/wp-json\/wp\/v2\/types\/product"}],"replies":[{"embeddable":true,"href":"https:\/\/prelive2.pomello.ee\/fi\/wp-json\/wp\/v2\/comments?post=23917"}],"version-history":[{"count":0,"href":"https:\/\/prelive2.pomello.ee\/fi\/wp-json\/wp\/v2\/product\/23917\/revisions"}],"wp:featuredmedia":[{"embeddable":true,"href":"https:\/\/prelive2.pomello.ee\/fi\/wp-json\/wp\/v2\/media\/22869"}],"wp:attachment":[{"href":"https:\/\/prelive2.pomello.ee\/fi\/wp-json\/wp\/v2\/media?parent=23917"}],"wp:term":[{"taxonomy":"product_cat","embeddable":true,"href":"https:\/\/prelive2.pomello.ee\/fi\/wp-json\/wp\/v2\/product_cat?post=23917"},{"taxonomy":"product_tag","embeddable":true,"href":"https:\/\/prelive2.pomello.ee\/fi\/wp-json\/wp\/v2\/product_tag?post=23917"}],"curies":[{"name":"wp","href":"https:\/\/api.w.org\/{rel}","templated":true}]}}