{"id":23913,"date":"2023-10-08T13:04:51","date_gmt":"2023-10-08T10:04:51","guid":{"rendered":"https:\/\/prelive2.pomello.ee\/toode\/elan-detox-mousse-soft-puhdistusvaahtoa\/"},"modified":"2023-10-08T13:04:51","modified_gmt":"2023-10-08T10:04:51","slug":"elan-detox-mousse-soft-puhdistusvaahtoa","status":"publish","type":"product","link":"https:\/\/prelive2.pomello.ee\/fi\/toode\/elan-detox-mousse-soft-puhdistusvaahtoa\/","title":{"rendered":"ELAN Detox-Mousse Soft puhdistusvaahtoa"},"content":{"rendered":"<p id=\"tw-target-text\" class=\"tw-data-text tw-text-large tw-ta\" dir=\"ltr\" data-placeholder=\"Traducci\u00f3n\" data-ved=\"2ahUKEwjltKv1meaBAxXCTaQEHTN0A7MQ3ewLegQIBhAQ\"><span class=\"Y2IQFc\" lang=\"et\">Purista tarvittava m\u00e4\u00e4r\u00e4 Detox-moussea pumppuannostelijalla ja levit\u00e4 siveltimell\u00e4 ripsiin ja\/tai kulmakarvoihin. <\/span><\/p>\n<p class=\"tw-data-text tw-text-large tw-ta\" dir=\"ltr\" data-placeholder=\"Traducci\u00f3n\" data-ved=\"2ahUKEwjltKv1meaBAxXCTaQEHTN0A7MQ3ewLegQIBhAQ\"><span class=\"Y2IQFc\" lang=\"et\">Levit\u00e4 tuotetta varovasti halutulle alueelle, huuhtele sitten vanulapulla ja vedell\u00e4. Toista tarvittaessa. <\/span><\/p>\n<p class=\"tw-data-text tw-text-large tw-ta\" dir=\"ltr\" data-placeholder=\"Traducci\u00f3n\" data-ved=\"2ahUKEwjltKv1meaBAxXCTaQEHTN0A7MQ3ewLegQIBhAQ\"><span class=\"Y2IQFc\" lang=\"et\">Kasvoja puhdistettaessa on tarpeen levitt\u00e4\u00e4 detox-vaahtoa kasvoille ja levitt\u00e4\u00e4 sit\u00e4 hitaasti koko kasvoille, mink\u00e4 j\u00e4lkeen huuhdellaan vedell\u00e4. <\/span><\/p>\n<p class=\"tw-data-text tw-text-large tw-ta\" dir=\"ltr\" data-placeholder=\"Traducci\u00f3n\" data-ved=\"2ahUKEwjltKv1meaBAxXCTaQEHTN0A7MQ3ewLegQIBhAQ\"><span class=\"Y2IQFc\" lang=\"et\">Levit\u00e4 puhdistuksen j\u00e4lkeen v\u00e4riainetta ja kosteusvoidetta.<\/span><\/p>\n<p class=\"tw-data-text tw-text-large tw-ta\" dir=\"ltr\" data-placeholder=\"Traducci\u00f3n\" data-ved=\"2ahUKEwjltKv1meaBAxXCTaQEHTN0A7MQ3ewLegQIBhAQ\"><strong><span class=\"Y2IQFc\" lang=\"et\">Detox mousse on rikastettu: <\/span><\/strong><\/p>\n<ul>\n<li class=\"tw-data-text tw-text-large tw-ta\" dir=\"ltr\" data-placeholder=\"Traducci\u00f3n\" data-ved=\"2ahUKEwjltKv1meaBAxXCTaQEHTN0A7MQ3ewLegQIBhAQ\"><span class=\"Y2IQFc\" lang=\"et\">Undekyleenihappo ja verbenauute, joilla on bakteereja tappavia, fungisidisia ja antioksidanttisia ominaisuuksia; <\/span><\/li>\n<li class=\"tw-data-text tw-text-large tw-ta\" dir=\"ltr\" data-placeholder=\"Traducci\u00f3n\" data-ved=\"2ahUKEwjltKv1meaBAxXCTaQEHTN0A7MQ3ewLegQIBhAQ\"><span class=\"Y2IQFc\" lang=\"et\">Bisabololi, pantenoli ja keh\u00e4kukkauute auttavat rauhoittamaan ja syv\u00e4kosteuttamaan ihoa ja ehk\u00e4isev\u00e4t iho\u00e4rsytyst\u00e4.<\/span><\/li>\n<\/ul>\n","protected":false},"excerpt":{"rendered":"<p id=\"tw-target-text\" class=\"tw-data-text tw-text-large tw-ta\" dir=\"ltr\" data-placeholder=\"Traducci\u00f3n\" data-ved=\"2ahUKEwjltKv1meaBAxXCTaQEHTN0A7MQ3ewLegQIBhAQ\"><span class=\"Y2IQFc\" lang=\"et\">Elan Detox-Mousse Soft on ammattimainen pehme\u00e4 puhdistusvaahto sulfaatittomalla pohjalla ja se on ensimm\u00e4inen askel kulmakarvojen ja ripsien valmistuksessa kauneushoitoja varten. Tuote puhdistaa hell\u00e4varaisesti ja rasvaa kulmakarvat ja ripsien karvat varmistaen v\u00e4rin syv\u00e4n kiinnittymisen. Vaahtoa voidaan k\u00e4ytt\u00e4\u00e4 my\u00f6s kasvojen puhdistusaineena.<\/span><\/p>\n<p>&nbsp;<\/p>\n<p style=\"font-weight: 400;\">Dermatologisesti testattu.<\/p>\n<p>&nbsp;<\/p>\n<p style=\"font-weight: 400;\">S\u00e4ilyvyys: 24 kuukautta.<\/p>\n<p style=\"font-weight: 400;\">S\u00e4ilyvyys avaamisen j\u00e4lkeen 6 kuukautta.<\/p>\n<p>&nbsp;<\/p>\n<p>Made In Spain<\/p>\n","protected":false},"featured_media":22874,"comment_status":"open","ping_status":"closed","template":"","meta":{"_monsterinsights_skip_tracking":false,"_monsterinsights_sitenote_active":false,"_monsterinsights_sitenote_note":"","_monsterinsights_sitenote_category":0},"product_cat":[518,476,520,475],"product_tag":[532],"class_list":{"0":"post-23913","1":"product","2":"type-product","3":"status-publish","4":"has-post-thumbnail","6":"product_cat-jalkihoito","7":"product_cat-kulmakarvat","8":"product_cat-puhdistustuotteet","9":"product_cat-ripset","10":"product_tag-ripsien-puhdistusvaahto-fi","11":"pa_brand-elan-fi","12":"pa_suurus-100-ml-fi","14":"first","15":"instock","16":"taxable","17":"shipping-taxable","18":"purchasable","19":"product-type-simple"},"_links":{"self":[{"href":"https:\/\/prelive2.pomello.ee\/fi\/wp-json\/wp\/v2\/product\/23913","targetHints":{"allow":["GET"]}}],"collection":[{"href":"https:\/\/prelive2.pomello.ee\/fi\/wp-json\/wp\/v2\/product"}],"about":[{"href":"https:\/\/prelive2.pomello.ee\/fi\/wp-json\/wp\/v2\/types\/product"}],"replies":[{"embeddable":true,"href":"https:\/\/prelive2.pomello.ee\/fi\/wp-json\/wp\/v2\/comments?post=23913"}],"version-history":[{"count":0,"href":"https:\/\/prelive2.pomello.ee\/fi\/wp-json\/wp\/v2\/product\/23913\/revisions"}],"wp:featuredmedia":[{"embeddable":true,"href":"https:\/\/prelive2.pomello.ee\/fi\/wp-json\/wp\/v2\/media\/22874"}],"wp:attachment":[{"href":"https:\/\/prelive2.pomello.ee\/fi\/wp-json\/wp\/v2\/media?parent=23913"}],"wp:term":[{"taxonomy":"product_cat","embeddable":true,"href":"https:\/\/prelive2.pomello.ee\/fi\/wp-json\/wp\/v2\/product_cat?post=23913"},{"taxonomy":"product_tag","embeddable":true,"href":"https:\/\/prelive2.pomello.ee\/fi\/wp-json\/wp\/v2\/product_tag?post=23913"}],"curies":[{"name":"wp","href":"https:\/\/api.w.org\/{rel}","templated":true}]}}