{"id":23909,"date":"2023-10-09T21:29:07","date_gmt":"2023-10-09T18:29:07","guid":{"rendered":"https:\/\/prelive2.pomello.ee\/toode\/lami-glue-balm-powerful-20g\/"},"modified":"2024-03-19T23:56:43","modified_gmt":"2024-03-19T20:56:43","slug":"lami-glue-balm-powerful-20g","status":"publish","type":"product","link":"https:\/\/prelive2.pomello.ee\/fi\/toode\/lami-glue-balm-powerful-20g\/","title":{"rendered":"LAMI Glue Balm Powerful 20g"},"content":{"rendered":"<h4>Lami Glue Balm Powerful 20g<\/h4>\n<p>Uusi innovatiivinen tuote lash lift -liimaan, joka liimaa ripset silikonityynyyn samalla kosteuttaa ja suojata niit\u00e4.<\/p>\n<p>&nbsp;<\/p>\n<p>Ennen vaiheen 1 levitt\u00e4mist\u00e4 odota, kunnes liima on kuivunut mattapintaiseksi silikonityynyll\u00e4, \u00e4l\u00e4k\u00e4 unohda koulutuksessa oppimaasi. Vaihe 1 -emulsion vaikutusaika voi olla pidempi kuin tavallisella liimalla. Tarkista ja seuraa vaikutusaikoja tarkasti.<\/p>\n<p>&nbsp;<\/p>\n<p>Tuote sis\u00e4lt\u00e4\u00e4 3 hy\u00f6dyllist\u00e4 \u00f6ljy\u00e4:<\/p>\n<ul>\n<li>Jojoba\u00f6ljy<\/li>\n<li>Argan-\u00f6ljy<\/li>\n<li>Avokado \u00f6ljy<\/li>\n<\/ul>\n<p>&nbsp;<\/p>\n<p>Tuotteen edut:<\/p>\n<ul>\n<li>Ripsien liimaus silikonimoutit on nopeampaa<\/li>\n<li>Tuote sis\u00e4lt\u00e4\u00e4 kosteuttavia ainesosia<\/li>\n<li>Ylim\u00e4\u00e4r\u00e4ist\u00e4 liimaa ei tarvitse poistaa<\/li>\n<li>Kevyt hedelm\u00e4inen tuoksu<\/li>\n<li>Alaripset eiv\u00e4t tartu yl\u00e4ripsiin<\/li>\n<\/ul>\n<p>&nbsp;<\/p>\n<p>Ne luovat suojakerroksen ripsiin ja est\u00e4v\u00e4t kemiallisia emulsioita vahingoittamasta ripsi\u00e4 niin helposti.<\/p>\n<p>&nbsp;<\/p>\n<p>20g = 100-150 k\u00e4ytt\u00f6kertaa<\/p>\n<p>&nbsp;<\/p>\n<p>Ainesosat: Vesi, pentyleeniglykoli, glyseriini, Peg-10, avokado\u00f6ljy, argan\u00f6ljy, jojoba\u00f6ljy, tokoferoliasetaatti, fenoksietanoli, hajuvesi<\/p>\n","protected":false},"excerpt":{"rendered":"<p><strong>UUSI LAMI GLUE BALM POWERFUL<\/strong><\/p>\n<p>&nbsp;<\/p>\n<p>Kauan odotettu uudistunut Lami Glue Balm on t\u00e4\u00e4ll\u00e4 \ud83d\udc9b<\/p>\n<p>&nbsp;<\/p>\n<p>Powerful Lami Balm on joustavampi, tiiviimpi koostumus, vahvempi pito ja koostumus on viskoosimpi, mik\u00e4 tarkoittaa, ett\u00e4 liimaa on helpompi levitt\u00e4\u00e4 silikonityynylle ja se tarttuu ripsiin nopeammin ja vahvemmin.<\/p>\n<p>&nbsp;<\/p>\n<p>Lami Glue-Balm on liimaa ilman liimaa!<\/p>\n<p>&nbsp;<\/p>\n<p>Uusi innovatiivinen tuote lash lift -liimaan, joka liimaa ripset silikonityynyyn samalla kosteuttaa ja suojata niit\u00e4.<\/p>\n","protected":false},"featured_media":22879,"comment_status":"open","ping_status":"closed","template":"","meta":{"_monsterinsights_skip_tracking":false,"_monsterinsights_sitenote_active":false,"_monsterinsights_sitenote_note":"","_monsterinsights_sitenote_category":0},"product_cat":[516,519,475],"product_tag":[529,530],"class_list":{"0":"post-23909","1":"product","2":"type-product","3":"status-publish","4":"has-post-thumbnail","6":"product_cat-lash-lift-fi","7":"product_cat-liimat","8":"product_cat-ripset","9":"product_tag-lami-balm-glue-fi","10":"product_tag-lash-lift-fi","11":"pa_brand-lami-lashes-fi","12":"pa_suurus-20-g-fi","13":"pa_varv-melon-fi","14":"pa_varv-peach-fi","16":"first","17":"instock","18":"featured","19":"taxable","20":"shipping-taxable","21":"purchasable","22":"product-type-variable"},"_links":{"self":[{"href":"https:\/\/prelive2.pomello.ee\/fi\/wp-json\/wp\/v2\/product\/23909","targetHints":{"allow":["GET"]}}],"collection":[{"href":"https:\/\/prelive2.pomello.ee\/fi\/wp-json\/wp\/v2\/product"}],"about":[{"href":"https:\/\/prelive2.pomello.ee\/fi\/wp-json\/wp\/v2\/types\/product"}],"replies":[{"embeddable":true,"href":"https:\/\/prelive2.pomello.ee\/fi\/wp-json\/wp\/v2\/comments?post=23909"}],"version-history":[{"count":0,"href":"https:\/\/prelive2.pomello.ee\/fi\/wp-json\/wp\/v2\/product\/23909\/revisions"}],"wp:featuredmedia":[{"embeddable":true,"href":"https:\/\/prelive2.pomello.ee\/fi\/wp-json\/wp\/v2\/media\/22879"}],"wp:attachment":[{"href":"https:\/\/prelive2.pomello.ee\/fi\/wp-json\/wp\/v2\/media?parent=23909"}],"wp:term":[{"taxonomy":"product_cat","embeddable":true,"href":"https:\/\/prelive2.pomello.ee\/fi\/wp-json\/wp\/v2\/product_cat?post=23909"},{"taxonomy":"product_tag","embeddable":true,"href":"https:\/\/prelive2.pomello.ee\/fi\/wp-json\/wp\/v2\/product_tag?post=23909"}],"curies":[{"name":"wp","href":"https:\/\/api.w.org\/{rel}","templated":true}]}}