{"id":23905,"date":"2023-10-12T16:18:43","date_gmt":"2023-10-12T13:18:43","guid":{"rendered":"https:\/\/prelive2.pomello.ee\/toode\/vitasept-antiseptinen-05l\/"},"modified":"2023-10-12T16:18:43","modified_gmt":"2023-10-12T13:18:43","slug":"vitasept-antiseptinen-05l","status":"publish","type":"product","link":"https:\/\/prelive2.pomello.ee\/fi\/toode\/vitasept-antiseptinen-05l\/","title":{"rendered":"VITASEPT\u00ae antiseptinen 0,5L"},"content":{"rendered":"<p><strong>TUOTTEEN OMINAISUUDET<\/strong><br \/>\nnopea toimintaaika (30 s)<br \/>\npitk\u00e4kestoinen (3h)<br \/>\nsis\u00e4lt\u00e4\u00e4 ihonhoitotuotteita<br \/>\nihon normaali mikrofloora palautuu nopeasti vaikutusajan j\u00e4lkeen<br \/>\nei sis\u00e4ll\u00e4 hajusteita ja v\u00e4riaineita<br \/>\nTuotteissa k\u00e4ytetyss\u00e4 pumpussa on paluuvirtausvastusmekanismi<\/p>\n<p>&nbsp;<\/p>\n<p>&nbsp;<\/p>\n<p><strong>TEHOKKUUSAIKA<\/strong><br \/>\nHygieeninen k\u00e4sien antiseptinen aine &#8211; 30 sekuntia Kirurginen k\u00e4sien antiseptinen aine &#8211; 90 sekuntia<\/p>\n<p>&nbsp;<\/p>\n<p><strong>S\u00c4VELLYS<\/strong><br \/>\n100g tuotetta sis\u00e4lt\u00e4\u00e4 vaikuttavia aineita: propan-2-olia 60g, etanolia 15g, kvaternaarisia ammoniumyhdisteit\u00e4 0,2g<br \/>\nBiosidi-rekisterinumero: 0564\/09<br \/>\nK\u00e4yt\u00e4 biosidi\u00e4 turvallisesti! Lue aina oheiset tiedot ennen k\u00e4ytt\u00f6\u00e4!<\/p>\n","protected":false},"excerpt":{"rendered":"<p>K\u00e4sien antiseptinen aine kahdella alkoholilla<\/p>\n<p>&nbsp;<\/p>\n<p>Vitasept\u00ae on tehokas laajakirjoinen k\u00e4sien antiseptinen aine, jota k\u00e4ytet\u00e4\u00e4n sek\u00e4 l\u00e4\u00e4ketieteess\u00e4 hygieenisen\u00e4 ja kirurgisena k\u00e4sien antiseptisen\u00e4 aineena ett\u00e4 yksityisell\u00e4 sektorilla kansanterveyden suojeluun. Sopii k\u00e4ytett\u00e4v\u00e4ksi sek\u00e4 herk\u00e4lle, rasvaiselle ett\u00e4 normaalille iholle.<\/p>\n","protected":false},"featured_media":22882,"comment_status":"open","ping_status":"closed","template":"","meta":{"_monsterinsights_skip_tracking":false,"_monsterinsights_sitenote_active":false,"_monsterinsights_sitenote_note":"","_monsterinsights_sitenote_category":0},"product_cat":[509,515,476,557,475,540],"product_tag":[],"class_list":{"0":"post-23905","1":"product","2":"type-product","3":"status-publish","4":"has-post-thumbnail","6":"product_cat-hygienia","7":"product_cat-hygienia-ripset-fi","8":"product_cat-kulmakarvat","9":"product_cat-desinfiointi","10":"product_cat-ripset","11":"product_cat-tarvikkeet","12":"pa_brand-goodpoint-chemicals-fi","13":"pa_suurus-500ml-fi","15":"first","16":"instock","17":"taxable","18":"shipping-taxable","19":"purchasable","20":"product-type-simple"},"_links":{"self":[{"href":"https:\/\/prelive2.pomello.ee\/fi\/wp-json\/wp\/v2\/product\/23905","targetHints":{"allow":["GET"]}}],"collection":[{"href":"https:\/\/prelive2.pomello.ee\/fi\/wp-json\/wp\/v2\/product"}],"about":[{"href":"https:\/\/prelive2.pomello.ee\/fi\/wp-json\/wp\/v2\/types\/product"}],"replies":[{"embeddable":true,"href":"https:\/\/prelive2.pomello.ee\/fi\/wp-json\/wp\/v2\/comments?post=23905"}],"version-history":[{"count":0,"href":"https:\/\/prelive2.pomello.ee\/fi\/wp-json\/wp\/v2\/product\/23905\/revisions"}],"wp:featuredmedia":[{"embeddable":true,"href":"https:\/\/prelive2.pomello.ee\/fi\/wp-json\/wp\/v2\/media\/22882"}],"wp:attachment":[{"href":"https:\/\/prelive2.pomello.ee\/fi\/wp-json\/wp\/v2\/media?parent=23905"}],"wp:term":[{"taxonomy":"product_cat","embeddable":true,"href":"https:\/\/prelive2.pomello.ee\/fi\/wp-json\/wp\/v2\/product_cat?post=23905"},{"taxonomy":"product_tag","embeddable":true,"href":"https:\/\/prelive2.pomello.ee\/fi\/wp-json\/wp\/v2\/product_tag?post=23905"}],"curies":[{"name":"wp","href":"https:\/\/api.w.org\/{rel}","templated":true}]}}