{"id":23903,"date":"2023-10-12T16:22:07","date_gmt":"2023-10-12T13:22:07","guid":{"rendered":"https:\/\/prelive2.pomello.ee\/toode\/vitasepth-ihon-antiseptinen-aine\/"},"modified":"2023-10-12T16:22:07","modified_gmt":"2023-10-12T13:22:07","slug":"vitasepth-ihon-antiseptinen-aine","status":"publish","type":"product","link":"https:\/\/prelive2.pomello.ee\/fi\/toode\/vitasepth-ihon-antiseptinen-aine\/","title":{"rendered":"Vitasept\u00aeH Ihon antiseptinen aine"},"content":{"rendered":"<div class=\"page\" title=\"Page 1\">\n<div class=\"layoutArea\">\n<div class=\"column\">\n<p><strong>IHON ANTISEPTINEN<\/strong><\/p>\n<p>&nbsp;<\/p>\n<p>V\u00e4rit\u00f6n ihon antiseptinen aine, jota k\u00e4ytet\u00e4\u00e4n ihon valmisteluun ennen toimenpidett\u00e4 ja antiseptisen\u00e4 aineena hy\u00f6nteisten puremiin. Sopii k\u00e4ytett\u00e4v\u00e4ksi sek\u00e4 herk\u00e4lle, rasvaiselle ett\u00e4 normaalille iholle.<\/p>\n<p>&nbsp;<\/p>\n<p><strong>TUOTTEEN OMINAISUUDET<\/strong><\/p>\n<ul>\n<li>v\u00e4rit\u00f6n<\/li>\n<li>toimii nopeasti ja tehokkaasti<\/li>\n<li>viiltokalvon hyv\u00e4 tarttuvuus ihon kuivaamisen j\u00e4lkeen<\/li>\n<li>ei \u00e4rsyt\u00e4 ihoa<\/li>\n<\/ul>\n<p>&nbsp;<\/p>\n<p><strong>K\u00c4YTT\u00c4\u00c4<\/strong><\/p>\n<p>&nbsp;<\/p>\n<p><strong>Ihon antiseptiselle aineelle ennen injektiota ja verenottoa:<\/strong><br \/>\nKostuta tupsu, puhdista toimenpidealue v\u00e4hint\u00e4\u00e4n kahdesti ja anna liuoksen kuivua. Kesto 15 sek.<\/p>\n<p><strong>Ihon antiseptinen hoito ennen invasiivista toimenpidett\u00e4:<\/strong><br \/>\nK\u00e4sittele alue tuotteella v\u00e4hint\u00e4\u00e4n kahdesti. Viilto Kalvo voidaan levitt\u00e4\u00e4 vain kuivalle iholle. Kesto 90 sek.<br \/>\n<strong>Kynsien antiseptinen aine manikyyriss\u00e4:<\/strong><br \/>\nEnnen toimenpidett\u00e4 suihkuta sormille niin, ett\u00e4 kynnet peittyv\u00e4t tuotteella ja anna kuivua. Soveltuu my\u00f6s ihon antiseptiseksi aineeksi ennen parafiinihoitoa, tatuointia, kestomeikki\u00e4, kulmakarvojen mallintamista jne.<\/p>\n<p><strong>Antiseptisena aineena hy\u00f6nteisten puremiin:<\/strong><br \/>\nLevit\u00e4 tuotetta iholle ja anna kuivua.<\/p>\n<p>&nbsp;<\/p>\n<p>Huomio!<\/p>\n<p>s\u00e4hk\u00f6ty\u00f6kaluja voidaan k\u00e4ytt\u00e4\u00e4 vain, kun ihon pinta on t\u00e4ysin kuiva<\/p>\n<p>ei saa k\u00e4ytt\u00e4\u00e4 kiristyssideen alla olevalla iholla<\/p>\n<p>V\u00e4lt\u00e4 katsekontaktia<\/p>\n<p>ei sovellu avohaavoille ja limakalvoille antiseptisen\u00e4 aineena<\/p>\n<p>&nbsp;<\/p>\n<p><strong>TEHOKKUUSAIKA<\/strong><\/p>\n<p>Ihon antiseptinen aine ennen injektiota ja verenottoa &#8211; 15 sekuntia<br \/>\nIhon antiseptinen hoito ennen invasiivista toimenpidett\u00e4 &#8211; 90 sekuntia (Pysyv\u00e4 vaikutus 3 tuntia)<img decoding=\"async\" src=\"data:image\/png;base64,iVBORw0KGgoAAAANSUhEUgAAAd8AAAABCAYAAACfQ6SzAAAAAXNSR0IArs4c6QAAAHhlWElmTU0AKgAAAAgABAEaAAUAAAABAAAAPgEbAAUAAAABAAAARgEoAAMAAAABAAIAAIdpAAQAAAABAAAATgAAAAAAAmwjAAAGFwACbCMAAAYXAAOgAQADAAAAAQABAACgAgAEAAAAAQAAAd+gAwAEAAAAAQAAAAEAAAAArvWrcwAAAAlwSFlzAAAPqQAAD6kBVqdm9gAAAB1JREFUOBFjYBgFoyEwGgKjITAaAqMhMBoCdA0BAAd9AAGgBMUzAAAAAElFTkSuQmCC\" alt=\"page1image1008605248\" width=\"478.850015\" height=\"0.500079\"><\/p>\n<\/div>\n<\/div>\n<div class=\"layoutArea\">\n<div class=\"column\">\n<p>MIKROBIOLOGINEN SPEKTRI<\/p>\n<p>Tehokkaita aikoja annetaan sek\u00e4 normaalille ett\u00e4 rasvaiselle iholle<\/p>\n<p>&nbsp;<\/p>\n<\/div>\n<\/div>\n<\/div>\n<div class=\"page\" title=\"Page 2\">\n<div class=\"layoutArea\">\n<div class=\"column\">\n<p>S\u00c4ILYTYS<\/p>\n<p>Katso viimeinen k\u00e4ytt\u00f6p\u00e4iv\u00e4 pakkauksesta. Tuotteen laadun varmistamiseksi s\u00e4ilyt\u00e4 5-25\u00b0C:ssa, ei suorassa auringonvalossa.<\/p>\n<p>&nbsp;<\/p>\n<p>H\u00c4VITT\u00c4MINEN<\/p>\n<p>Tuote on ekologisesti turvallinen, kaikki vaikuttavat aineet ovat biohajoavia viem\u00e4riss\u00e4. Muoviset pakkausmateriaalit ovat kierr\u00e4tett\u00e4vi\u00e4. Ker\u00e4yst\u00e4 varten muovipakkaus on huuhdeltava vedell\u00e4 ja pullo ja korkki erotettava toisistaan. Pumppu ja suihke metalliosineen soveltuvat pakkausj\u00e4tteen ker\u00e4ykseen. Tuotteen kuljetuslaatikko ker\u00e4t\u00e4\u00e4n j\u00e4tepaperis\u00e4ili\u00f6\u00f6n. Pakkauksen ja tuotteen yhteensopivuus taataan. Nestem\u00e4inen ihon antiseptinen aine PT1.<\/p>\n<p>&nbsp;<\/p>\n<p>TURVALLISUUSTIETO<\/p>\n<p>Lis\u00e4\u00e4 turvallisuustietoja l\u00f6ytyy tuotteen k\u00e4ytt\u00f6turvallisuustiedotteesta.<\/p>\n<p>&nbsp;<\/p>\n<p>S\u00c4VELLYS<\/p>\n<p>100 g tuotetta sis\u00e4lt\u00e4\u00e4 vaikuttavia aineita: propan-2-olia 60 g, etanolia 15 g, C12-18-alkyylidimetyylibentsyyliammoniumkloridia 0,1 g, (C12-14)-alkyylidimetyyli(etyylibentsyyli)ammoniumkloridia 0,1 g<\/p>\n<p>&nbsp;<\/p>\n<p>pH ~7<br \/>\nBiotsiidi reg.nr: 0569\/09<\/p>\n<\/div>\n<\/div>\n<\/div>\n","protected":false},"excerpt":{"rendered":"<p>Vitasept<sup>\u00ae<\/sup>H v\u00e4rit\u00f6n ihon antiseptinen aine, k\u00e4ytet\u00e4\u00e4n ihon valmisteluun ennen toimenpidett\u00e4 ja antiseptisen\u00e4 aineena hy\u00f6nteisten puremiin.<\/p>\n<p>&nbsp;<\/p>\n<p><strong>TUOTTEEN OMINAISUUDET <\/strong><\/p>\n<ul>\n<li>v\u00e4rit\u00f6n<\/li>\n<li>toimii nopeasti ja tehokkaasti<\/li>\n<li>viiltokalvon hyv\u00e4 tarttuvuus ihon kuivaamisen j\u00e4lkeen<\/li>\n<li>ei \u00e4rsyt\u00e4 ihoa<\/li>\n<\/ul>\n<p>&nbsp;<\/p>\n","protected":false},"featured_media":22883,"comment_status":"open","ping_status":"closed","template":"","meta":{"_monsterinsights_skip_tracking":false,"_monsterinsights_sitenote_active":false,"_monsterinsights_sitenote_note":"","_monsterinsights_sitenote_category":0},"product_cat":[509,515,476,557,475,540],"product_tag":[],"class_list":{"0":"post-23903","1":"product","2":"type-product","3":"status-publish","4":"has-post-thumbnail","6":"product_cat-hygienia","7":"product_cat-hygienia-ripset-fi","8":"product_cat-kulmakarvat","9":"product_cat-desinfiointi","10":"product_cat-ripset","11":"product_cat-tarvikkeet","12":"pa_brand-goodpoint-chemicals-fi","13":"pa_suurus-250-ml-fi","15":"first","16":"instock","17":"taxable","18":"shipping-taxable","19":"purchasable","20":"product-type-simple"},"_links":{"self":[{"href":"https:\/\/prelive2.pomello.ee\/fi\/wp-json\/wp\/v2\/product\/23903","targetHints":{"allow":["GET"]}}],"collection":[{"href":"https:\/\/prelive2.pomello.ee\/fi\/wp-json\/wp\/v2\/product"}],"about":[{"href":"https:\/\/prelive2.pomello.ee\/fi\/wp-json\/wp\/v2\/types\/product"}],"replies":[{"embeddable":true,"href":"https:\/\/prelive2.pomello.ee\/fi\/wp-json\/wp\/v2\/comments?post=23903"}],"version-history":[{"count":0,"href":"https:\/\/prelive2.pomello.ee\/fi\/wp-json\/wp\/v2\/product\/23903\/revisions"}],"wp:featuredmedia":[{"embeddable":true,"href":"https:\/\/prelive2.pomello.ee\/fi\/wp-json\/wp\/v2\/media\/22883"}],"wp:attachment":[{"href":"https:\/\/prelive2.pomello.ee\/fi\/wp-json\/wp\/v2\/media?parent=23903"}],"wp:term":[{"taxonomy":"product_cat","embeddable":true,"href":"https:\/\/prelive2.pomello.ee\/fi\/wp-json\/wp\/v2\/product_cat?post=23903"},{"taxonomy":"product_tag","embeddable":true,"href":"https:\/\/prelive2.pomello.ee\/fi\/wp-json\/wp\/v2\/product_tag?post=23903"}],"curies":[{"name":"wp","href":"https:\/\/api.w.org\/{rel}","templated":true}]}}