{"id":23901,"date":"2023-10-15T15:22:10","date_gmt":"2023-10-15T12:22:10","guid":{"rendered":"https:\/\/prelive2.pomello.ee\/toode\/maxymova-lash-lift-y-kampa\/"},"modified":"2023-10-15T15:22:10","modified_gmt":"2023-10-15T12:22:10","slug":"maxymova-lash-lift-y-kampa","status":"publish","type":"product","link":"https:\/\/prelive2.pomello.ee\/fi\/toode\/maxymova-lash-lift-y-kampa\/","title":{"rendered":"MAXYMOVA Lash Lift Y-kampa"},"content":{"rendered":"<p>T\u00e4m\u00e4 ty\u00f6kalu on suunniteltu k\u00e4ytett\u00e4v\u00e4ksi ripsien kohotustoimenpiteiss\u00e4 ja siin\u00e4 on useita ominaisuuksia:<\/p>\n<p>&nbsp;<\/p>\n<ol>\n<li><strong>Materiaali ja kest\u00e4vyys:<\/strong> Toisin kuin tavalliset muovikammat, Maksymova lash lift Y -kampa on valmistettu kest\u00e4v\u00e4st\u00e4 metallista, mik\u00e4 varmistaa kest\u00e4vyyden ja pitk\u00e4aikaisen k\u00e4yt\u00f6n.<\/li>\n<li><strong>Kaksoiskamparakenne:<\/strong> Maksymova Y -kampa on varustettu kahdella eri tyyppisell\u00e4 tarkkuuskammalla &#8211; toisessa 15 leve\u00e4ll\u00e4 hammasv\u00e4lill\u00e4 ja toisessa 18 lyhyell\u00e4 hammasv\u00e4lill\u00e4. N\u00e4m\u00e4 kammat on suunniteltu nopeaan ja tarkkaan ripsien kampaukseen, kun ne on kiinnitetty silikonityynyyn.<\/li>\n<li><strong>Mittausviiva:<\/strong> Ty\u00f6kalu sis\u00e4lt\u00e4\u00e4 0-15 mm mittaviivaimen, jonka avulla voit mitata asiakkaasi ripset nopeammin ja tehokkaammin ja valita oikean silikonityynyn.<\/li>\n<li><strong>Ammattikokemus:<\/strong> Maksymova Y -kampa on suunniteltu tarjoamaan ammattimaisen ja ainutlaatuisen ripsien kohotuskokemuksen. Se sopii erilaisiin olosuhteisiin ja t\u00e4ytt\u00e4\u00e4 ripsien ammattilaisten tarpeet.<\/li>\n<li><strong>Helppok\u00e4ytt\u00f6inen:<\/strong> Ty\u00f6kalun mukana tulee s\u00e4ilytyspussi, joka helpottaa s\u00e4ilytt\u00e4mist\u00e4 ja mukana ottamista.<\/li>\n<\/ol>\n<p>&nbsp;<\/p>\n<p>Tuote on uudelleenk\u00e4ytett\u00e4v\u00e4.<\/p>\n<p>&nbsp;<\/p>\n<p><strong>Puhdistus:<\/strong><\/p>\n<p>1. Puhdista v\u00e4litt\u00f6m\u00e4sti jokaisen k\u00e4yt\u00f6n j\u00e4lkeen l\u00e4mpim\u00e4ll\u00e4 vedell\u00e4 ja antibakteerisella saippualla.<br \/>\n2. Desinfioi 70-prosenttisella alkoholipohjaisella tuotteella.<br \/>\n3. Huuhtele sitten vedell\u00e4 ja kuivaa.<br \/>\n4. Aseta tuote steriiliin, suljettuun astiaan.<\/p>\n","protected":false},"excerpt":{"rendered":"<p>MAXYMOVA Lash Lift Y-kampa, jota k\u00e4ytet\u00e4\u00e4n ripsien kohotusripsien kiinnitt\u00e4miseen ja erottamiseen silikonityynyll\u00e4.<\/p>\n<p>&nbsp;<\/p>\n<p>Metallinen kultainen Y-kampa on eritt\u00e4in laadukas ja tekee ripsien kampaamisesta silikonityynyll\u00e4 mukavaa.<\/p>\n<p>&nbsp;<\/p>\n<p>Mukana kultainen s\u00e4ilytyspussi.<\/p>\n","protected":false},"featured_media":22887,"comment_status":"open","ping_status":"closed","template":"","meta":{"_monsterinsights_skip_tracking":false,"_monsterinsights_sitenote_active":false,"_monsterinsights_sitenote_note":"","_monsterinsights_sitenote_category":0},"product_cat":[516,541,475,546,540,544],"product_tag":[],"class_list":{"0":"post-23901","1":"product","2":"type-product","3":"status-publish","4":"has-post-thumbnail","6":"product_cat-lash-lift-fi","7":"product_cat-muut-tyokalut-fi","8":"product_cat-ripset","9":"product_cat-ripsien-tarvikkeet","10":"product_cat-tarvikkeet","11":"product_cat-tarvikkeet-fi","12":"pa_brand-maxymova-fi","13":"pa_varv-kuldne-fi","15":"first","16":"instock","17":"taxable","18":"shipping-taxable","19":"purchasable","20":"product-type-simple"},"_links":{"self":[{"href":"https:\/\/prelive2.pomello.ee\/fi\/wp-json\/wp\/v2\/product\/23901","targetHints":{"allow":["GET"]}}],"collection":[{"href":"https:\/\/prelive2.pomello.ee\/fi\/wp-json\/wp\/v2\/product"}],"about":[{"href":"https:\/\/prelive2.pomello.ee\/fi\/wp-json\/wp\/v2\/types\/product"}],"replies":[{"embeddable":true,"href":"https:\/\/prelive2.pomello.ee\/fi\/wp-json\/wp\/v2\/comments?post=23901"}],"version-history":[{"count":0,"href":"https:\/\/prelive2.pomello.ee\/fi\/wp-json\/wp\/v2\/product\/23901\/revisions"}],"wp:featuredmedia":[{"embeddable":true,"href":"https:\/\/prelive2.pomello.ee\/fi\/wp-json\/wp\/v2\/media\/22887"}],"wp:attachment":[{"href":"https:\/\/prelive2.pomello.ee\/fi\/wp-json\/wp\/v2\/media?parent=23901"}],"wp:term":[{"taxonomy":"product_cat","embeddable":true,"href":"https:\/\/prelive2.pomello.ee\/fi\/wp-json\/wp\/v2\/product_cat?post=23901"},{"taxonomy":"product_tag","embeddable":true,"href":"https:\/\/prelive2.pomello.ee\/fi\/wp-json\/wp\/v2\/product_tag?post=23901"}],"curies":[{"name":"wp","href":"https:\/\/api.w.org\/{rel}","templated":true}]}}