{"id":23886,"date":"2023-08-30T22:51:55","date_gmt":"2023-08-30T19:51:55","guid":{"rendered":"https:\/\/prelive2.pomello.ee\/toode\/noemi-alumiiniastiat-10-kpl\/"},"modified":"2023-08-30T22:51:55","modified_gmt":"2023-08-30T19:51:55","slug":"noemi-alumiiniastiat-10-kpl","status":"publish","type":"product","link":"https:\/\/prelive2.pomello.ee\/fi\/toode\/noemi-alumiiniastiat-10-kpl\/","title":{"rendered":"NOEMI Alumiiniastiat 10 kpl"},"content":{"rendered":"<p><strong>ALUMIINIVAHAS\u00c4ILI\u00d6T 10 kpl pakkauksessa<\/strong><\/p>\n<p>&nbsp;<\/p>\n<p>Kertak\u00e4ytt\u00f6iset alumiinis\u00e4ili\u00f6t suojaavat vahaastiaa ja varmistavat sen kest\u00e4vyyden pidemp\u00e4\u00e4n.<\/p>\n<p>&nbsp;<\/p>\n<p><strong>Miksi pid\u00e4mme siit\u00e4?<\/strong><\/p>\n<ul>\n<li>L\u00e4mm\u00f6nkest\u00e4v\u00e4 materiaali;<\/li>\n<li>Kertak\u00e4ytt\u00f6inen;<\/li>\n<li>Pit\u00e4\u00e4 vahaastian puhtaana ja hygieenisen\u00e4;<\/li>\n<li>Sopii kaikkiin vahaastioihin;<\/li>\n<li>S\u00e4\u00e4st\u00e4\u00e4 aikaa, kun haluat vaihtaa erilaisia \u200b\u200bvahoja vahanl\u00e4mmittimess\u00e4.<\/li>\n<\/ul>\n","protected":false},"excerpt":{"rendered":"<div class=\"group w-full text-token-text-primary border-b border-black\/10 dark:border-gray-900\/50 bg-gray-50 dark:bg-[#444654]\" data-testid=\"conversation-turn-39\">\n<div class=\"flex p-4 gap-4 text-base md:gap-6 md:max-w-2xl lg:max-w-[38rem] xl:max-w-3xl md:py-6 lg:px-0 m-auto\">\n<div class=\"relative flex w-[calc(100%-50px)] flex-col gap-1 md:gap-3 lg:w-[calc(100%-115px)]\">\n<div class=\"flex flex-grow flex-col gap-3 max-w-full\">\n<div class=\"min-h-[20px] flex flex-col items-start gap-3 overflow-x-auto whitespace-pre-wrap break-words\">\n<div class=\"markdown prose w-full break-words dark:prose-invert light\">\n<div class=\"group w-full text-token-text-primary border-b border-black\/10 dark:border-gray-900\/50 bg-gray-50 dark:bg-[#444654]\" data-testid=\"conversation-turn-47\">\n<div class=\"flex p-4 gap-4 text-base md:gap-6 md:max-w-2xl lg:max-w-[38rem] xl:max-w-3xl md:py-6 lg:px-0 m-auto\">\n<div class=\"relative flex w-[calc(100%-50px)] flex-col gap-1 md:gap-3 lg:w-[calc(100%-115px)]\">\n<div class=\"flex flex-grow flex-col gap-3 max-w-full\">\n<div class=\"min-h-[20px] flex flex-col items-start gap-3 overflow-x-auto whitespace-pre-wrap break-words\">\n<div class=\"markdown prose w-full break-words dark:prose-invert light\">\n<p>Kertak\u00e4ytt\u00f6iset NOEMI-alumiinis\u00e4ili\u00f6t, jotka ovat ihanteellisia suojaamaan vahaastiaa ja varmistamaan sen pidemm\u00e4n k\u00e4ytt\u00f6i\u00e4n.<\/p>\n<p>&nbsp;<\/p>\n<\/div>\n<\/div>\n<\/div>\n<\/div>\n<\/div>\n<\/div>\n<p>Soveltuu kovavahavahapellettien sulattamiseen.<\/p>\n<\/div>\n<\/div>\n<\/div>\n<\/div>\n<\/div>\n<\/div>\n<p>&nbsp;<\/p>\n<p>10 kpl pakkauksessa<\/p>\n","protected":false},"featured_media":22806,"comment_status":"closed","ping_status":"closed","template":"","meta":{"_monsterinsights_skip_tracking":false,"_monsterinsights_sitenote_active":false,"_monsterinsights_sitenote_note":"","_monsterinsights_sitenote_category":0},"product_cat":[542,512],"product_tag":[],"class_list":{"0":"post-23886","1":"product","2":"type-product","3":"status-publish","4":"has-post-thumbnail","6":"product_cat-karvanpoisto-tarvikkeet-fi","7":"product_cat-parhaat-tarjoukset","8":"pa_brand-noemi-fi","9":"pa_suurus-10-tk-fi","11":"first","12":"instock","13":"sale","14":"taxable","15":"shipping-taxable","16":"purchasable","17":"product-type-simple"},"_links":{"self":[{"href":"https:\/\/prelive2.pomello.ee\/fi\/wp-json\/wp\/v2\/product\/23886","targetHints":{"allow":["GET"]}}],"collection":[{"href":"https:\/\/prelive2.pomello.ee\/fi\/wp-json\/wp\/v2\/product"}],"about":[{"href":"https:\/\/prelive2.pomello.ee\/fi\/wp-json\/wp\/v2\/types\/product"}],"replies":[{"embeddable":true,"href":"https:\/\/prelive2.pomello.ee\/fi\/wp-json\/wp\/v2\/comments?post=23886"}],"version-history":[{"count":0,"href":"https:\/\/prelive2.pomello.ee\/fi\/wp-json\/wp\/v2\/product\/23886\/revisions"}],"wp:featuredmedia":[{"embeddable":true,"href":"https:\/\/prelive2.pomello.ee\/fi\/wp-json\/wp\/v2\/media\/22806"}],"wp:attachment":[{"href":"https:\/\/prelive2.pomello.ee\/fi\/wp-json\/wp\/v2\/media?parent=23886"}],"wp:term":[{"taxonomy":"product_cat","embeddable":true,"href":"https:\/\/prelive2.pomello.ee\/fi\/wp-json\/wp\/v2\/product_cat?post=23886"},{"taxonomy":"product_tag","embeddable":true,"href":"https:\/\/prelive2.pomello.ee\/fi\/wp-json\/wp\/v2\/product_tag?post=23886"}],"curies":[{"name":"wp","href":"https:\/\/api.w.org\/{rel}","templated":true}]}}