{"id":23884,"date":"2023-08-30T23:02:18","date_gmt":"2023-08-30T20:02:18","guid":{"rendered":"https:\/\/prelive2.pomello.ee\/toode\/noemi-all-in-one-pre-post-wax-lotion-250ml\/"},"modified":"2023-08-30T23:02:18","modified_gmt":"2023-08-30T20:02:18","slug":"noemi-all-in-one-pre-post-wax-lotion-250ml","status":"publish","type":"product","link":"https:\/\/prelive2.pomello.ee\/fi\/toode\/noemi-all-in-one-pre-post-wax-lotion-250ml\/","title":{"rendered":"NOEMI ALL IN ONE Pre &amp; Post Wax Lotion 250ml"},"content":{"rendered":"","protected":false},"excerpt":{"rendered":"<div class=\"group w-full text-token-text-primary border-b border-black\/10 dark:border-gray-900\/50 bg-gray-50 dark:bg-[#444654]\" data-testid=\"conversation-turn-49\">\n<div class=\"flex p-4 gap-4 text-base md:gap-6 md:max-w-2xl lg:max-w-[38rem] xl:max-w-3xl md:py-6 lg:px-0 m-auto\">\n<div class=\"relative flex w-[calc(100%-50px)] flex-col gap-1 md:gap-3 lg:w-[calc(100%-115px)]\">\n<div class=\"flex flex-grow flex-col gap-3 max-w-full\">\n<div class=\"min-h-[20px] flex flex-col items-start gap-3 overflow-x-auto whitespace-pre-wrap break-words\">\n<div class=\"markdown prose w-full break-words dark:prose-invert light\">\n<p>NOEMI ALL IN ONE Pre &amp; Post Wax Lotion rauhoittaa ja puhdistaa ihoa tehokkaasti ja voi est\u00e4\u00e4 sis\u00e4\u00e4nkasvaneiden karvojen muodostumista.<\/p>\n<p>&nbsp;<\/p>\n<p>Yleistuote, joka on kaksi yhdess\u00e4, ennen ja j\u00e4lkeen karvanpoiston.<\/p>\n<\/div>\n<p>&nbsp;<\/p>\n<\/div>\n<\/div>\n<\/div>\n<\/div>\n<\/div>\n<ul>\n<li>Rauhoittaa ja puhdistaa ihoa tehokkaasti sen atsuleeni- ja mentoliaktiivisten ainesosien ansiosta<\/li>\n<li>Est\u00e4\u00e4 sis\u00e4\u00e4nkasvaneita karvoja<\/li>\n<li>Virkist\u00e4\u00e4<\/li>\n<li>V\u00e4hent\u00e4\u00e4 punoitusta<\/li>\n<\/ul>\n<p>&nbsp;<\/p>\n<p>Koko: 250 ml.<\/p>\n<p>&nbsp;<\/p>\n<p>Made in Italy<\/p>\n","protected":false},"featured_media":22809,"comment_status":"open","ping_status":"closed","template":"","meta":{"_monsterinsights_skip_tracking":false,"_monsterinsights_sitenote_active":false,"_monsterinsights_sitenote_note":"","_monsterinsights_sitenote_category":0},"product_cat":[915,480,552,507,542,476],"product_tag":[],"class_list":{"0":"post-23884","1":"product","2":"type-product","3":"status-publish","4":"has-post-thumbnail","6":"product_cat-esi-ja-jalkihoito","7":"product_cat-esihoito","8":"product_cat-jalkihuolto","9":"product_cat-karvanpoisto","10":"product_cat-karvanpoisto-tarvikkeet-fi","11":"product_cat-kulmakarvat","12":"pa_brand-noemi-fi","13":"pa_suurus-250-ml-fi","15":"first","16":"instock","17":"taxable","18":"shipping-taxable","19":"purchasable","20":"product-type-simple"},"_links":{"self":[{"href":"https:\/\/prelive2.pomello.ee\/fi\/wp-json\/wp\/v2\/product\/23884","targetHints":{"allow":["GET"]}}],"collection":[{"href":"https:\/\/prelive2.pomello.ee\/fi\/wp-json\/wp\/v2\/product"}],"about":[{"href":"https:\/\/prelive2.pomello.ee\/fi\/wp-json\/wp\/v2\/types\/product"}],"replies":[{"embeddable":true,"href":"https:\/\/prelive2.pomello.ee\/fi\/wp-json\/wp\/v2\/comments?post=23884"}],"version-history":[{"count":0,"href":"https:\/\/prelive2.pomello.ee\/fi\/wp-json\/wp\/v2\/product\/23884\/revisions"}],"wp:featuredmedia":[{"embeddable":true,"href":"https:\/\/prelive2.pomello.ee\/fi\/wp-json\/wp\/v2\/media\/22809"}],"wp:attachment":[{"href":"https:\/\/prelive2.pomello.ee\/fi\/wp-json\/wp\/v2\/media?parent=23884"}],"wp:term":[{"taxonomy":"product_cat","embeddable":true,"href":"https:\/\/prelive2.pomello.ee\/fi\/wp-json\/wp\/v2\/product_cat?post=23884"},{"taxonomy":"product_tag","embeddable":true,"href":"https:\/\/prelive2.pomello.ee\/fi\/wp-json\/wp\/v2\/product_tag?post=23884"}],"curies":[{"name":"wp","href":"https:\/\/api.w.org\/{rel}","templated":true}]}}