{"id":23882,"date":"2023-08-31T21:41:54","date_gmt":"2023-08-31T18:41:54","guid":{"rendered":"https:\/\/prelive2.pomello.ee\/toode\/noemi-premium-wax-vahahelmet-500g\/"},"modified":"2023-08-31T21:41:54","modified_gmt":"2023-08-31T18:41:54","slug":"noemi-premium-wax-vahahelmet-500g","status":"publish","type":"product","link":"https:\/\/prelive2.pomello.ee\/fi\/toode\/noemi-premium-wax-vahahelmet-500g\/","title":{"rendered":"NOEMI Premium Wax vahahelmet 500g"},"content":{"rendered":"<p><strong>Noemin eritt\u00e4in joustava ja hell\u00e4varainen karvanpoistovaha on kermainen koostumus.<\/strong><\/p>\n<p>&nbsp;<\/p>\n<p><strong>Manuaalinen:<\/strong><\/p>\n<ol>\n<li>Kuumenna vaha kunnolla.<\/li>\n<li>Jatka kuumentamista, kunnes vaha on t\u00e4ysin sulanut, muuttuen tasaiseksi ja l\u00e4mpim\u00e4ksi, kermaiseksi koostumukseksi.<\/li>\n<li>Ennen kuin tarkistat vahausl\u00e4mp\u00f6tilan, levit\u00e4 pieni m\u00e4\u00e4r\u00e4 vahaa lastalla ranteen sis\u00e4puolelle.<\/li>\n<li>Ota vaha kertak\u00e4ytt\u00f6isell\u00e4 puisella lastalla ja levit\u00e4 ohut kerros karvanpoistoalueelle. J\u00e4t\u00e4 vaha hieman paksummaksi levitetyn nauhan p\u00e4\u00e4h\u00e4n paremman otteen saamiseksi.<\/li>\n<li>Odota vahan j\u00e4\u00e4htymist\u00e4, nosta sitten vahakerroksen p\u00e4\u00e4 varovasti yl\u00f6s ja poista se lujalla ja tasaisella liikkeell\u00e4 kulumissuuntaan n\u00e4hden vastakkaiseen suuntaan.<\/li>\n<li>Levit\u00e4 iholle karvanpoiston j\u00e4lkeen erityist\u00e4 j\u00e4lkihoitotuotetta, joka poistaa kaikki vahaj\u00e4\u00e4m\u00e4t ja j\u00e4tt\u00e4\u00e4 ihon puhtaaksi ja pehme\u00e4ksi.<\/li>\n<\/ol>\n<p><strong>T\u00e4rke\u00e4:<\/strong><\/p>\n<ul>\n<li>\u00c4l\u00e4 koskaan k\u00e4yt\u00e4 \u00e4rtyneelle tai vaurioituneelle iholle, akneen, haavoille, viiltojen tai suonikohjujen hoitoon.<\/li>\n<li>Varmista ennen k\u00e4ytt\u00f6\u00e4, ett\u00e4 iho on kuiva ja \u00e4rtynyt.<\/li>\n<li>Pid\u00e4 poissa lasten ulottuvilta.<\/li>\n<li>Valmistettu Italiassa.<\/li>\n<\/ul>\n<p>&nbsp;<\/p>\n<p>M\u00e4\u00e4r\u00e4 500 gr<\/p>\n<p>&nbsp;<\/p>\n<p>Vahan k\u00e4ytt\u00f6l\u00e4mp\u00f6tila on +38 \u00b0C.<\/p>\n<p>&nbsp;<\/p>\n<p>Vinkkej\u00e4 kasvojen eri alueiden vahaukseen.<br \/>\nSuosituksia parempiin tuloksiin:<\/p>\n<p>&nbsp;<\/p>\n<p><strong>KULMIEN<\/strong><\/p>\n<ul>\n<li>Kulmakarvojen muotoilua varten on suositeltavaa jakaa yksi pitk\u00e4 k\u00e4ytt\u00f6kerta kahteen lyhyeen.<\/li>\n<li>Luo ter\u00e4v\u00e4, selke\u00e4 viiva pienell\u00e4 lastalla.<\/li>\n<li>Paina lastaa varovasti, t\u00e4m\u00e4 auttaa vahaa kiinnittym\u00e4\u00e4n paremmin hiuksiin.<\/li>\n<\/ul>\n<p>&nbsp;<\/p>\n<p><strong>YL\u00c4HUULI<\/strong><\/p>\n<ul>\n<li>Kirist\u00e4 yl\u00e4huuli jacand-vahan iholle.<\/li>\n<li>Yrit\u00e4 v\u00e4ltt\u00e4\u00e4 punaisten huulten aluetta, t\u00e4m\u00e4 voi johtaa ihon kirist\u00e4miseen.<\/li>\n<li>Pid\u00e4 lastaa pystyasennossa ihoa vasten, t\u00e4m\u00e4 nostaa karvoja ja vahapito on vahvempi.<\/li>\n<\/ul>\n<p>&nbsp;<\/p>\n<p><strong>SIVUPOSKET<\/strong><\/p>\n<ul>\n<li>Levit\u00e4 vahaa iholle karvojen kasvusuunnassa ja poista sis\u00e4\u00e4nkasvaneet karvat.<\/li>\n<li>Suurille kasvojen alueille voit k\u00e4ytt\u00e4\u00e4 tavallista lastaa.<\/li>\n<li>On my\u00f6s suositeltavaa k\u00e4ytt\u00e4\u00e4 talkkia.<\/li>\n<\/ul>\n","protected":false},"excerpt":{"rendered":"<p><strong>UUSI<\/strong><\/p>\n<p>&nbsp;<\/p>\n<p>Noemi Premium wax on nopeasti kovettuva vahahelmet, joka sopii erinomaisesti kulmakarvataiteilijoille ja kosmetologille. Vahahelmet sulavat nopeasti ja mahdollistavat vain tarvittavan m\u00e4\u00e4r\u00e4n, mik\u00e4 on hygieeninen ja nopea ratkaisu.<\/p>\n<p>&nbsp;<\/p>\n<p><strong>Miksi pid\u00e4mme siit\u00e4?<\/strong><\/p>\n<p>&nbsp;<\/p>\n<ul>\n<li>Helppok\u00e4ytt\u00f6inen ja joustava rakenne;<\/li>\n<li>Miellytt\u00e4v\u00e4 iholle;<\/li>\n<li>Hell\u00e4varainen ja sopii my\u00f6s herkille alueille;<\/li>\n<li>Poistaminen ilman vahapaperia;<\/li>\n<li>Hell\u00e4varainen karvanpoisto;<\/li>\n<li>Ohut kerros riitt\u00e4\u00e4 t\u00e4ydellisen tuloksen saavuttamiseen;<\/li>\n<li>Kermainen koostumus;<\/li>\n<li>Upea pinkki v\u00e4ri.<\/li>\n<\/ul>\n","protected":false},"featured_media":22810,"comment_status":"open","ping_status":"closed","template":"","meta":{"_monsterinsights_skip_tracking":false,"_monsterinsights_sitenote_active":false,"_monsterinsights_sitenote_note":"","_monsterinsights_sitenote_category":0},"product_cat":[507,542,476,555],"product_tag":[],"class_list":{"0":"post-23882","1":"product","2":"type-product","3":"status-publish","4":"has-post-thumbnail","6":"product_cat-karvanpoisto","7":"product_cat-karvanpoisto-tarvikkeet-fi","8":"product_cat-kulmakarvat","9":"product_cat-vahat","10":"pa_brand-noemi-fi","11":"pa_suurus-500-g-fi","13":"first","14":"instock","15":"taxable","16":"shipping-taxable","17":"purchasable","18":"product-type-simple"},"_links":{"self":[{"href":"https:\/\/prelive2.pomello.ee\/fi\/wp-json\/wp\/v2\/product\/23882","targetHints":{"allow":["GET"]}}],"collection":[{"href":"https:\/\/prelive2.pomello.ee\/fi\/wp-json\/wp\/v2\/product"}],"about":[{"href":"https:\/\/prelive2.pomello.ee\/fi\/wp-json\/wp\/v2\/types\/product"}],"replies":[{"embeddable":true,"href":"https:\/\/prelive2.pomello.ee\/fi\/wp-json\/wp\/v2\/comments?post=23882"}],"version-history":[{"count":0,"href":"https:\/\/prelive2.pomello.ee\/fi\/wp-json\/wp\/v2\/product\/23882\/revisions"}],"wp:featuredmedia":[{"embeddable":true,"href":"https:\/\/prelive2.pomello.ee\/fi\/wp-json\/wp\/v2\/media\/22810"}],"wp:attachment":[{"href":"https:\/\/prelive2.pomello.ee\/fi\/wp-json\/wp\/v2\/media?parent=23882"}],"wp:term":[{"taxonomy":"product_cat","embeddable":true,"href":"https:\/\/prelive2.pomello.ee\/fi\/wp-json\/wp\/v2\/product_cat?post=23882"},{"taxonomy":"product_tag","embeddable":true,"href":"https:\/\/prelive2.pomello.ee\/fi\/wp-json\/wp\/v2\/product_tag?post=23882"}],"curies":[{"name":"wp","href":"https:\/\/api.w.org\/{rel}","templated":true}]}}