{"id":23880,"date":"2023-09-02T13:57:50","date_gmt":"2023-09-02T10:57:50","guid":{"rendered":"https:\/\/prelive2.pomello.ee\/toode\/elan-icecold-toner-120ml\/"},"modified":"2023-09-02T13:57:50","modified_gmt":"2023-09-02T10:57:50","slug":"elan-icecold-toner-120ml","status":"publish","type":"product","link":"https:\/\/prelive2.pomello.ee\/fi\/toode\/elan-icecold-toner-120ml\/","title":{"rendered":"ELAN IceCold Toner 120ml"},"content":{"rendered":"<p>ELAN IceCold Toner on kehitetty kulmakarvojen taiteilijoille tekem\u00e4\u00e4n kulmakarvojen muotoilusta mukavampaa asiakkaille. Tuote sopii asiakkaille, joille kulmakarvojen vahaus ja pinseteill\u00e4 mallinnus on tuskallista.<\/p>\n<p>&nbsp;<\/p>\n<p>120 ml<\/p>\n<p>&nbsp;<\/p>\n<p>Valmistettu Ukrainassa<\/p>\n<p>&nbsp;<\/p>\n<p>S\u00e4ilyvyys: 36 kuukautta<\/p>\n<p>&nbsp;<\/p>\n<p>S\u00e4ilyvyys avaamisen j\u00e4lkeen: 12 kuukautta<\/p>\n<p>&nbsp;<\/p>\n<p><strong>Kuinka k\u00e4ytt\u00e4\u00e4:<\/strong><\/p>\n<p>&nbsp;<\/p>\n<p>Puhdista kulmakarvojen alue IceCold Tonerilla ennen kulmakarvojen muotoilua, levit\u00e4 tuotetta vanulapulle.<\/p>\n","protected":false},"excerpt":{"rendered":"<p>ELAN IceCold Toner on kehitetty kulmakarvojen taiteilijoille tekem\u00e4\u00e4n kulmakarvojen muotoilusta mukavampaa asiakkaille. Tuote sopii asiakkaille, joille kulmakarvojen vahaus ja muotoilu pinseteill\u00e4 on tuskallista, viilent\u00e4\u00e4 ja rauhoittavaa.<\/p>\n<p>&nbsp;<\/p>\n<p>Kasvojen voimakas NMF-koostumus, joka on rikastettu aloella, pantenolilla ja betaiinilla, suojaa ihoa kuivumiselta ja kuivumiselta, kun taas kamomilla- ja keh\u00e4kukkapohjainen kompleksi rauhoittaa sit\u00e4. Antiseptisella vaikuttavalla aineella klooriheksidiinidiglukonaatilla on bakteereja tappavia ominaisuuksia.<\/p>\n<p>&nbsp;<\/p>\n<p>S\u00e4ilyvyys: 36 kuukautta.<\/p>\n<p>S\u00e4ilyvyys avaamisen j\u00e4lkeen: 12 kuukautta.<\/p>\n","protected":false},"featured_media":22811,"comment_status":"open","ping_status":"closed","template":"","meta":{"_monsterinsights_skip_tracking":false,"_monsterinsights_sitenote_active":false,"_monsterinsights_sitenote_note":"","_monsterinsights_sitenote_category":0},"product_cat":[480,917,552,507,476],"product_tag":[],"class_list":{"0":"post-23880","1":"product","2":"type-product","3":"status-publish","4":"has-post-thumbnail","6":"product_cat-esihoito","7":"product_cat-jalkihoito-fi","8":"product_cat-jalkihuolto","9":"product_cat-karvanpoisto","10":"product_cat-kulmakarvat","11":"pa_brand-elan-fi","13":"first","14":"instock","15":"taxable","16":"shipping-taxable","17":"purchasable","18":"product-type-simple"},"_links":{"self":[{"href":"https:\/\/prelive2.pomello.ee\/fi\/wp-json\/wp\/v2\/product\/23880","targetHints":{"allow":["GET"]}}],"collection":[{"href":"https:\/\/prelive2.pomello.ee\/fi\/wp-json\/wp\/v2\/product"}],"about":[{"href":"https:\/\/prelive2.pomello.ee\/fi\/wp-json\/wp\/v2\/types\/product"}],"replies":[{"embeddable":true,"href":"https:\/\/prelive2.pomello.ee\/fi\/wp-json\/wp\/v2\/comments?post=23880"}],"version-history":[{"count":0,"href":"https:\/\/prelive2.pomello.ee\/fi\/wp-json\/wp\/v2\/product\/23880\/revisions"}],"wp:featuredmedia":[{"embeddable":true,"href":"https:\/\/prelive2.pomello.ee\/fi\/wp-json\/wp\/v2\/media\/22811"}],"wp:attachment":[{"href":"https:\/\/prelive2.pomello.ee\/fi\/wp-json\/wp\/v2\/media?parent=23880"}],"wp:term":[{"taxonomy":"product_cat","embeddable":true,"href":"https:\/\/prelive2.pomello.ee\/fi\/wp-json\/wp\/v2\/product_cat?post=23880"},{"taxonomy":"product_tag","embeddable":true,"href":"https:\/\/prelive2.pomello.ee\/fi\/wp-json\/wp\/v2\/product_tag?post=23880"}],"curies":[{"name":"wp","href":"https:\/\/api.w.org\/{rel}","templated":true}]}}