{"id":23878,"date":"2023-09-02T14:41:43","date_gmt":"2023-09-02T11:41:43","guid":{"rendered":"https:\/\/prelive2.pomello.ee\/toode\/nikk-mole-brow-paste-kulmakarvojen-contour-pasta\/"},"modified":"2023-09-02T14:41:43","modified_gmt":"2023-09-02T11:41:43","slug":"nikk-mole-brow-paste-kulmakarvojen-contour-pasta","status":"publish","type":"product","link":"https:\/\/prelive2.pomello.ee\/fi\/toode\/nikk-mole-brow-paste-kulmakarvojen-contour-pasta\/","title":{"rendered":"NIKK MOLE Brow Paste kulmakarvojen contour pasta"},"content":{"rendered":"<p><strong>Nikk Mole Brow Paste kulmakarvatahnaa k\u00e4ytet\u00e4\u00e4n seuraavasti:<\/strong><\/p>\n<p>&nbsp;<\/p>\n<ol>\n<li>Puhdista kulmakarvasi lempipuhdistusvaahdolla tai -v\u00e4riaineella.<\/li>\n<li>Tee tarvittavat vaiheet ennen kuin muotoilet kulmasi kulmakarvatahnalla<\/li>\n<li>Levit\u00e4 tahna kulmakarvoihin <a href=\"https:\/\/prelive2.pomello.ee\/toode\/pintslite-komplekt-3tk\/\"><strong>siveltimell\u00e4<\/strong><\/a> suunnitellun muodon \u00e4\u00e4riviivoja pitkin.<\/li>\n<li>Kulmakarvojen tahnan kontrastin ihon kanssa tulee olla hyv\u00e4, korostaen selv\u00e4sti kaikkia linjoja ja k\u00e4yri\u00e4.<\/li>\n<li>Levit\u00e4 kulmakarvav\u00e4ri\u00e4 tai hennaa levein, tiukoin vedoin kulmakarvoihin &#8211; kulmakarvatahna suojaa ihoa.<\/li>\n<li>Tahnaan kertynyt ylim\u00e4\u00e4r\u00e4inen v\u00e4riaine voidaan helposti poistaa vanupuikolla.<\/li>\n<li>Poista kulmakarvojen v\u00e4riaine ja tahna kulmakarvoista samalla kostealla vanulapulla.<\/li>\n<\/ol>\n<p>&nbsp;<\/p>\n","protected":false},"excerpt":{"rendered":"<div class=\"group w-full text-token-text-primary border-b border-black\/10 dark:border-gray-900\/50 bg-gray-50 dark:bg-[#444654]\" data-testid=\"conversation-turn-79\">\n<div class=\"flex p-4 gap-4 text-base md:gap-6 md:max-w-2xl lg:max-w-[38rem] xl:max-w-3xl md:py-6 lg:px-0 m-auto\">\n<div class=\"relative flex w-[calc(100%-50px)] flex-col gap-1 md:gap-3 lg:w-[calc(100%-115px)]\">\n<div class=\"flex flex-grow flex-col gap-3 max-w-full\">\n<div class=\"min-h-[20px] flex flex-col items-start gap-3 overflow-x-auto whitespace-pre-wrap break-words\">\n<div class=\"markdown prose w-full break-words dark:prose-invert light\">\n<p>Nikk Mole Brow Paste kulmakarvojen contour pasta varmistaa virheett\u00f6m\u00e4n muodon ja selke\u00e4n \u00e4\u00e4riviivan ennen kulmakarvojen v\u00e4rj\u00e4yst\u00e4, tahnan k\u00e4ytt\u00f6 ei riipu kosmetologin kokemuksesta. Aloitteleville kosmetologille t\u00e4m\u00e4 on mahdollisuus v\u00e4ltt\u00e4\u00e4 virheit\u00e4 muodon luomisessa, kun taas ammattilaisille se antaa mahdollisuuden s\u00e4\u00e4st\u00e4\u00e4 aikaa ja vaivaa v\u00e4rj\u00e4yksen aikana.<\/p>\n<\/div>\n<\/div>\n<\/div>\n<\/div>\n<\/div>\n<\/div>\n<p>&nbsp;<\/p>\n<p>V\u00e4ri valkoinen<\/p>\n<p>&nbsp;<\/p>\n<p>Koko 15 g<\/p>\n","protected":false},"featured_media":22814,"comment_status":"open","ping_status":"closed","template":"","meta":{"_monsterinsights_skip_tracking":false,"_monsterinsights_sitenote_active":false,"_monsterinsights_sitenote_note":"","_monsterinsights_sitenote_category":0},"product_cat":[915,476,510],"product_tag":[],"class_list":{"0":"post-23878","1":"product","2":"type-product","3":"status-publish","4":"has-post-thumbnail","6":"product_cat-esi-ja-jalkihoito","7":"product_cat-kulmakarvat","8":"product_cat-kulmakarvojen-tahna","9":"pa_brand-nikk-mole-fi","11":"first","12":"outofstock","13":"taxable","14":"shipping-taxable","15":"purchasable","16":"product-type-simple"},"_links":{"self":[{"href":"https:\/\/prelive2.pomello.ee\/fi\/wp-json\/wp\/v2\/product\/23878","targetHints":{"allow":["GET"]}}],"collection":[{"href":"https:\/\/prelive2.pomello.ee\/fi\/wp-json\/wp\/v2\/product"}],"about":[{"href":"https:\/\/prelive2.pomello.ee\/fi\/wp-json\/wp\/v2\/types\/product"}],"replies":[{"embeddable":true,"href":"https:\/\/prelive2.pomello.ee\/fi\/wp-json\/wp\/v2\/comments?post=23878"}],"version-history":[{"count":0,"href":"https:\/\/prelive2.pomello.ee\/fi\/wp-json\/wp\/v2\/product\/23878\/revisions"}],"wp:featuredmedia":[{"embeddable":true,"href":"https:\/\/prelive2.pomello.ee\/fi\/wp-json\/wp\/v2\/media\/22814"}],"wp:attachment":[{"href":"https:\/\/prelive2.pomello.ee\/fi\/wp-json\/wp\/v2\/media?parent=23878"}],"wp:term":[{"taxonomy":"product_cat","embeddable":true,"href":"https:\/\/prelive2.pomello.ee\/fi\/wp-json\/wp\/v2\/product_cat?post=23878"},{"taxonomy":"product_tag","embeddable":true,"href":"https:\/\/prelive2.pomello.ee\/fi\/wp-json\/wp\/v2\/product_tag?post=23878"}],"curies":[{"name":"wp","href":"https:\/\/api.w.org\/{rel}","templated":true}]}}