{"id":23876,"date":"2023-09-05T21:09:39","date_gmt":"2023-09-05T18:09:39","guid":{"rendered":"https:\/\/prelive2.pomello.ee\/toode\/noemi-hybrid-dye-filter\/"},"modified":"2024-04-04T20:19:26","modified_gmt":"2024-04-04T17:19:26","slug":"noemi-hybrid-dye-filter","status":"publish","type":"product","link":"https:\/\/prelive2.pomello.ee\/fi\/toode\/noemi-hybrid-dye-filter\/","title":{"rendered":"NOEMI Hybrid Dye Filter"},"content":{"rendered":"<p>Noemi Hybrid Dye Filter! Ihanteellinen niille, jotka haluavat tutustua br\u00e4ndiin ja saada k\u00e4sityksen mahdollisten v\u00e4riyhdistelmien tuloksista!<\/p>\n<p>&nbsp;<\/p>\n<p>Tai vie v\u00e4rikonsultaatiosi uudelle tasolle suodattimien avulla! Anna asiakkaasi n\u00e4hd\u00e4, mik\u00e4 v\u00e4ri sopisi heille pit\u00e4m\u00e4ll\u00e4 suodatinta kulmakarvojensa vieress\u00e4.<\/p>\n","protected":false},"excerpt":{"rendered":"<h3><strong>UUSI!<\/strong><\/h3>\n<p>&nbsp;<\/p>\n<p>NOEMI Hybrid Dye Filter<\/p>\n","protected":false},"featured_media":22816,"comment_status":"closed","ping_status":"closed","template":"","meta":{"_monsterinsights_skip_tracking":false,"_monsterinsights_sitenote_active":false,"_monsterinsights_sitenote_note":"","_monsterinsights_sitenote_category":0},"product_cat":[476,511,475,478,479],"product_tag":[],"class_list":{"0":"post-23876","1":"product","2":"type-product","3":"status-publish","4":"has-post-thumbnail","6":"product_cat-kulmakarvat","7":"product_cat-kulmakarvojen-tarvikkeet","8":"product_cat-ripset","9":"product_cat-ripsien-ja-kulmakarvojen-varit","10":"product_cat-ripsien-ja-kulmakarvojen-varit-fi","11":"pa_brand-noemi-fi","12":"pa_varv-black-fi","13":"pa_varv-blue-black-fi","14":"pa_varv-chestnut-fi","15":"pa_varv-dark-brown-fi","16":"pa_varv-golden-blond-fi","17":"pa_varv-graphite-fi","18":"pa_varv-light-brown-fi","19":"pa_varv-medium-brown-fi","21":"first","22":"instock","23":"taxable","24":"shipping-taxable","25":"purchasable","26":"product-type-variable"},"_links":{"self":[{"href":"https:\/\/prelive2.pomello.ee\/fi\/wp-json\/wp\/v2\/product\/23876","targetHints":{"allow":["GET"]}}],"collection":[{"href":"https:\/\/prelive2.pomello.ee\/fi\/wp-json\/wp\/v2\/product"}],"about":[{"href":"https:\/\/prelive2.pomello.ee\/fi\/wp-json\/wp\/v2\/types\/product"}],"replies":[{"embeddable":true,"href":"https:\/\/prelive2.pomello.ee\/fi\/wp-json\/wp\/v2\/comments?post=23876"}],"version-history":[{"count":0,"href":"https:\/\/prelive2.pomello.ee\/fi\/wp-json\/wp\/v2\/product\/23876\/revisions"}],"wp:featuredmedia":[{"embeddable":true,"href":"https:\/\/prelive2.pomello.ee\/fi\/wp-json\/wp\/v2\/media\/22816"}],"wp:attachment":[{"href":"https:\/\/prelive2.pomello.ee\/fi\/wp-json\/wp\/v2\/media?parent=23876"}],"wp:term":[{"taxonomy":"product_cat","embeddable":true,"href":"https:\/\/prelive2.pomello.ee\/fi\/wp-json\/wp\/v2\/product_cat?post=23876"},{"taxonomy":"product_tag","embeddable":true,"href":"https:\/\/prelive2.pomello.ee\/fi\/wp-json\/wp\/v2\/product_tag?post=23876"}],"curies":[{"name":"wp","href":"https:\/\/api.w.org\/{rel}","templated":true}]}}