{"id":23874,"date":"2023-09-10T19:26:18","date_gmt":"2023-09-10T16:26:18","guid":{"rendered":"https:\/\/prelive2.pomello.ee\/toode\/my-lamination-brow-lift-cream\/"},"modified":"2023-09-10T19:26:18","modified_gmt":"2023-09-10T16:26:18","slug":"my-lamination-brow-lift-cream","status":"publish","type":"product","link":"https:\/\/prelive2.pomello.ee\/fi\/toode\/my-lamination-brow-lift-cream\/","title":{"rendered":"My Lamination Brow Lift Cream"},"content":{"rendered":"<p>My Lamination Brow Lift Cream antaa kulmakarvoille uuden halutun muodon kulmakarvojen laminoinnin aikana.<\/p>\n<p>&nbsp;<\/p>\n<p>Levit\u00e4 tuotetta <strong><a href=\"https:\/\/prelive2.pomello.ee\/toode\/emulsioonide-pintsel-silikoonist\/\">siveltimell\u00e4<\/a><\/strong> asiakkaan kulmakarvojen koko pituudelle.<\/p>\n<p>&nbsp;<\/p>\n<p>Anna Brow Lift Creamin vaikuttaa kulmakarvoilla 10-15 minuuttia asiakkaan kulmakarvojen paksuudesta riippuen, k\u00e4yt\u00e4 tarvittaessa <strong><a href=\"https:\/\/prelive2.pomello.ee\/toode\/kile-kulmude-lamineerimiseks\/\">kalvoa<\/a><\/strong>.<\/p>\n<p>&nbsp;<\/p>\n<p>Vaikutusajan p\u00e4\u00e4tytty\u00e4 poista tuote kulmakarvoista vanulapulla tai vanulapulla ja kampaa karvat haluttuun muotoon. Levit\u00e4 sitten Step 2 My Lamination Neutralizing Cream -voidetta kulmakarvoille ja viimeistele Step 3 My Lamination Hydrating Serum -seerumilla.<\/p>\n<p>&nbsp;<\/p>\n<p>Tuote on tarkoitettu vain ulkoiseen k\u00e4ytt\u00f6\u00f6n.<\/p>\n<p>&nbsp;<\/p>\n<p>\u00c4l\u00e4 ylit\u00e4 valmistajan ilmoittamia k\u00e4ytt\u00f6aikoja.<\/p>\n<p>&nbsp;<\/p>\n<p>Pid\u00e4 poissa lasten ulottuvilta.<\/p>\n<p>&nbsp;<\/p>\n<p>S\u00e4ilyt\u00e4 tuote viile\u00e4ss\u00e4 paikassa (20-24\u00b0C) eik\u00e4 suorassa auringonpaisteessa.<\/p>\n","protected":false},"excerpt":{"rendered":"<p>My Lamination Brow Lift Cream on kulmakarvojen laminoinnin ensimm\u00e4inen vaihe eli Step1. Tuote antaa kulmakarvoille halutun muodon.<\/p>\n<p>&nbsp;<\/p>\n<p>5 x 1,5 ml pussia<\/p>\n","protected":false},"featured_media":22817,"comment_status":"open","ping_status":"closed","template":"","meta":{"_monsterinsights_skip_tracking":false,"_monsterinsights_sitenote_active":false,"_monsterinsights_sitenote_note":"","_monsterinsights_sitenote_category":0},"product_cat":[899,476,477],"product_tag":[],"class_list":{"0":"post-23874","1":"product","2":"type-product","3":"status-publish","4":"has-post-thumbnail","6":"product_cat-emulsiot-fi","7":"product_cat-kulmakarvat","8":"product_cat-kulmien-laminointi","9":"pa_brand-my-lamination-fi","11":"first","12":"instock","13":"taxable","14":"shipping-taxable","15":"purchasable","16":"product-type-simple"},"_links":{"self":[{"href":"https:\/\/prelive2.pomello.ee\/fi\/wp-json\/wp\/v2\/product\/23874","targetHints":{"allow":["GET"]}}],"collection":[{"href":"https:\/\/prelive2.pomello.ee\/fi\/wp-json\/wp\/v2\/product"}],"about":[{"href":"https:\/\/prelive2.pomello.ee\/fi\/wp-json\/wp\/v2\/types\/product"}],"replies":[{"embeddable":true,"href":"https:\/\/prelive2.pomello.ee\/fi\/wp-json\/wp\/v2\/comments?post=23874"}],"version-history":[{"count":0,"href":"https:\/\/prelive2.pomello.ee\/fi\/wp-json\/wp\/v2\/product\/23874\/revisions"}],"wp:featuredmedia":[{"embeddable":true,"href":"https:\/\/prelive2.pomello.ee\/fi\/wp-json\/wp\/v2\/media\/22817"}],"wp:attachment":[{"href":"https:\/\/prelive2.pomello.ee\/fi\/wp-json\/wp\/v2\/media?parent=23874"}],"wp:term":[{"taxonomy":"product_cat","embeddable":true,"href":"https:\/\/prelive2.pomello.ee\/fi\/wp-json\/wp\/v2\/product_cat?post=23874"},{"taxonomy":"product_tag","embeddable":true,"href":"https:\/\/prelive2.pomello.ee\/fi\/wp-json\/wp\/v2\/product_tag?post=23874"}],"curies":[{"name":"wp","href":"https:\/\/api.w.org\/{rel}","templated":true}]}}