{"id":23865,"date":"2023-09-10T21:50:35","date_gmt":"2023-09-10T18:50:35","guid":{"rendered":"https:\/\/prelive2.pomello.ee\/toode\/kertakayttoiset-vedenpitavat-pyyhkeet\/"},"modified":"2023-09-10T21:50:35","modified_gmt":"2023-09-10T18:50:35","slug":"kertakayttoiset-vedenpitavat-pyyhkeet","status":"publish","type":"product","link":"https:\/\/prelive2.pomello.ee\/fi\/toode\/kertakayttoiset-vedenpitavat-pyyhkeet\/","title":{"rendered":"Kertak\u00e4ytt\u00f6iset vedenpit\u00e4v\u00e4t pyyhkeet"},"content":{"rendered":"<p>Kertak\u00e4ytt\u00f6iset vedenpit\u00e4v\u00e4t pyyhkeet sopivat t\u00e4ydellisesti kauneushoitajien ty\u00f6p\u00f6yd\u00e4lle pit\u00e4m\u00e4\u00e4n ty\u00f6ymp\u00e4rist\u00f6n j\u00e4rjestyksess\u00e4. Pyyhkeet est\u00e4v\u00e4t nesteiden imeytymisen. Ylempi paperikerros on eritt\u00e4in imukykyinen ja ker\u00e4\u00e4 nesteen itseens\u00e4, alempi kalvokerros est\u00e4\u00e4 sen tihkumisen pinnalle tai vaatteille.<\/p>\n<p>&nbsp;<\/p>\n<ul>\n<li>hyv\u00e4ll\u00e4 imeytymisell\u00e4<\/li>\n<li>alempi kerros on p\u00e4\u00e4llystetty polyeteenill\u00e4<\/li>\n<li>taitettuna<\/li>\n<li>lateksiton<\/li>\n<li>33 x 45 cm<\/li>\n<li>20 kpl pakkauksessa<\/li>\n<li>v\u00e4ri: musta tai pinkki<\/li>\n<\/ul>\n<p>&nbsp;<\/p>\n<p>Soveltuu k\u00e4ytett\u00e4v\u00e4ksi kauneuspalveluissa (kestomeikki, kulmakarvojen ja ripsien teknikot, tatuoijat, kosmetologit) sek\u00e4 hammasl\u00e4\u00e4ketieteess\u00e4 potilaspyyhkein\u00e4.<\/p>\n","protected":false},"excerpt":{"rendered":"<p>Kertak\u00e4ytt\u00f6iset vedenpit\u00e4v\u00e4t pyyhkeet sopivat t\u00e4ydellisesti kauneushoitajien ty\u00f6p\u00f6yd\u00e4lle pit\u00e4m\u00e4\u00e4n ty\u00f6ymp\u00e4rist\u00f6n j\u00e4rjestyksess\u00e4. Pyyhkeet est\u00e4v\u00e4t nesteiden imeytymisen. Ylempi paperikerros on eritt\u00e4in imukykyinen ja ker\u00e4\u00e4 nesteen itseens\u00e4, alempi kalvokerros est\u00e4\u00e4 sen tihkumisen pinnalle tai vaatteille.<\/p>\n<p>&nbsp;<\/p>\n<p>20 arkkia pakkauksessa<\/p>\n","protected":false},"featured_media":22824,"comment_status":"open","ping_status":"closed","template":"","meta":{"_monsterinsights_skip_tracking":false,"_monsterinsights_sitenote_active":false,"_monsterinsights_sitenote_note":"","_monsterinsights_sitenote_category":0},"product_cat":[515,509,476,511,541,557,546,540,544],"product_tag":[],"class_list":{"0":"post-23865","1":"product","2":"type-product","3":"status-publish","4":"has-post-thumbnail","6":"product_cat-hygienia-ripset-fi","7":"product_cat-hygienia","8":"product_cat-kulmakarvat","9":"product_cat-kulmakarvojen-tarvikkeet","10":"product_cat-muut-tyokalut-fi","11":"product_cat-desinfiointi","12":"product_cat-ripsien-tarvikkeet","13":"product_cat-tarvikkeet","14":"product_cat-tarvikkeet-fi","15":"pa_brand-pomello-fi","16":"pa_varv-must-fi","17":"pa_varv-roosa-fi","19":"first","20":"instock","21":"taxable","22":"shipping-taxable","23":"purchasable","24":"product-type-variable"},"_links":{"self":[{"href":"https:\/\/prelive2.pomello.ee\/fi\/wp-json\/wp\/v2\/product\/23865","targetHints":{"allow":["GET"]}}],"collection":[{"href":"https:\/\/prelive2.pomello.ee\/fi\/wp-json\/wp\/v2\/product"}],"about":[{"href":"https:\/\/prelive2.pomello.ee\/fi\/wp-json\/wp\/v2\/types\/product"}],"replies":[{"embeddable":true,"href":"https:\/\/prelive2.pomello.ee\/fi\/wp-json\/wp\/v2\/comments?post=23865"}],"version-history":[{"count":0,"href":"https:\/\/prelive2.pomello.ee\/fi\/wp-json\/wp\/v2\/product\/23865\/revisions"}],"wp:featuredmedia":[{"embeddable":true,"href":"https:\/\/prelive2.pomello.ee\/fi\/wp-json\/wp\/v2\/media\/22824"}],"wp:attachment":[{"href":"https:\/\/prelive2.pomello.ee\/fi\/wp-json\/wp\/v2\/media?parent=23865"}],"wp:term":[{"taxonomy":"product_cat","embeddable":true,"href":"https:\/\/prelive2.pomello.ee\/fi\/wp-json\/wp\/v2\/product_cat?post=23865"},{"taxonomy":"product_tag","embeddable":true,"href":"https:\/\/prelive2.pomello.ee\/fi\/wp-json\/wp\/v2\/product_tag?post=23865"}],"curies":[{"name":"wp","href":"https:\/\/api.w.org\/{rel}","templated":true}]}}