{"id":23857,"date":"2023-09-25T19:17:35","date_gmt":"2023-09-25T16:17:35","guid":{"rendered":"https:\/\/prelive2.pomello.ee\/toode\/oko-step-2-fixvolume-1ml\/"},"modified":"2023-09-25T19:17:35","modified_gmt":"2023-09-25T16:17:35","slug":"oko-step-2-fixvolume-1ml","status":"publish","type":"product","link":"https:\/\/prelive2.pomello.ee\/fi\/toode\/oko-step-2-fixvolume-1ml\/","title":{"rendered":"OKO STEP 2 FIX&amp;VOLUME 1ml"},"content":{"rendered":"<p><strong>Kuinka k\u00e4ytt\u00e4\u00e4 OKO LASH&amp;BROW -tuotteita.<\/strong><\/p>\n<p>&nbsp;<\/p>\n<p>Ennen toimenpiteen aloittamista on t\u00e4rke\u00e4\u00e4 arvioida oikein turkin rakenne ja kunto. M\u00e4\u00e4rit\u00e4 vaikutusaika hiusten mukaan.<\/p>\n<p>&nbsp;<\/p>\n<ol>\n<li>Poista asiakkaan meikkij\u00e4\u00e4m\u00e4t silm\u00e4meikinpoistoaineella.<\/li>\n<li>Puhdista ripset\/kulmakarvat OKO pesuvaahdolla.<\/li>\n<li>Levit\u00e4 <strong>OkO LIFT Step 1<\/strong> ripsiin\/kulmakarvoihin siveltimell\u00e4. Kun suoritat ripsien kohotustoimenpiteen, levit\u00e4 tuotetta silikonityynyn korkeimpaan kohtaan. Levit\u00e4 tuote tasaisesti, yrit\u00e4 v\u00e4ltt\u00e4\u00e4 kosketusta ihoon, tarvittaessa poista tuote iholta mikroharjalla tai vanupuikolla. K\u00e4yt\u00e4 tarvittaessa vaiheen 1 aikana ripsien kihartimia, kalvoja tai silikonityynyj\u00e4 kulmakarvoissa. Vaikutusaika on <strong>6-13 minuuttia.<\/strong> Poista tuote kuivalla vanulapulla tai vanupallolla.<\/li>\n<li>Levit\u00e4 seuraavaksi <strong>OKO FIX Step 2<\/strong> varovasti kulmakarvoihin\/ripsiin. K\u00e4yt\u00e4 tarvittaessa kiinnikkeit\u00e4. Vaiheen 2 v<strong>aikutusaika on 5-12 minuuttia.<\/strong> Vaikutusajan p\u00e4\u00e4tytty\u00e4 tuote poistetaan kuivalla vanulapulla tai vanupuikolla.<\/li>\n<li>Seuraavana vaiheena voit suorittaa ripsien tai kulmakarvojen kemiallisen v\u00e4rj\u00e4yksen.<\/li>\n<li>Toimenpiteen lopuksi levit\u00e4 ripsiin\/kulmakarvoihin OKO RECOVERY&amp;CARE Step 3. Kolmatta vaihetta ei tarvitse pest\u00e4 pois, mutta se voi j\u00e4\u00e4d\u00e4 hiuksiin.<\/li>\n<\/ol>\n<p>&nbsp;<\/p>\n<p><strong>Step 1<\/strong><\/p>\n<p>Ohut 6-8 min<br \/>\nNormaali 9-11 minuuttia<br \/>\nVahva 12-13 minuuttia<\/p>\n<p>&nbsp;<\/p>\n<p><strong>Step 2<\/strong><\/p>\n<p>Ohut 5-7 minuuttia<br \/>\nNormaali 8-10 minuuttia<br \/>\nVahva 11-12 minuuttia<\/p>\n<p>&nbsp;<\/p>\n<p><strong>Huomaa<\/strong>: Noudata tuotteiden vaikutusaikoja valitun hiustyypin mukaan.<\/p>\n","protected":false},"excerpt":{"rendered":"<div class=\"flex-1 overflow-hidden\">\n<div class=\"react-scroll-to-bottom--css-iuxca-79elbk h-full dark:bg-gray-800\">\n<div class=\"react-scroll-to-bottom--css-iuxca-1n7m0yu\">\n<div class=\"flex flex-col text-sm dark:bg-gray-800\">\n<div class=\"group w-full text-token-text-primary border-b border-black\/10 gizmo:border-0 dark:border-gray-900\/50 gizmo:dark:border-0 bg-gray-50 gizmo:bg-transparent dark:bg-[#444654] gizmo:dark:bg-transparent\" data-testid=\"conversation-turn-5\">\n<div class=\"p-4 justify-center text-base md:gap-6 md:py-6 m-auto\">\n<div class=\"flex flex-1 gap-4 text-base mx-auto md:gap-6 md:max-w-2xl lg:max-w-[38rem] xl:max-w-3xl }\">\n<div class=\"relative flex w-[calc(100%-50px)] flex-col gap-1 md:gap-3 lg:w-[calc(100%-115px)]\">\n<div class=\"flex flex-grow flex-col gap-3 max-w-full\">\n<div class=\"min-h-[20px] flex flex-col items-start gap-3 overflow-x-auto whitespace-pre-wrap break-words\">\n<div class=\"markdown prose w-full break-words dark:prose-invert light\">\n<div class=\"js-store-prod-name js-product-name t-store__prod-popup__name t-typography__title t-name t-name_xl\">OKO STEP 2 FIX&amp;VOLUME ripsien kohotukseen ja kulmakarvojen laminointiin.<\/div>\n<p>&nbsp;<\/p>\n<div class=\"js-store-prod-name js-product-name t-store__prod-popup__name t-typography__title t-name t-name_xl\">OKO STEP 2 FIX&amp;VOLUME on toinen vaihe lash liftin tai kulmakarvojen laminoinnin j\u00e4lkeen. Emulsio palauttaa hiusten disulfidisidokset ja vahvistaa ripsien uutta muotoa.<\/div>\n<div><\/div>\n<p>Yksi pussi riitt\u00e4\u00e4 5-6 ripsien kohotustoimenpiteeseen tai 4-5 kulmakarvojen laminointiin.<\/p>\n<p>&nbsp;<\/p>\n<p>Valmistettu Italiassa.<\/p>\n<p>&nbsp;<\/p>\n<p>Tilavuus: 1 ml pusseissa<\/p>\n<p>&nbsp;<\/p>\n<div class=\"group w-full text-token-text-primary border-b border-black\/10 gizmo:border-0 dark:border-gray-900\/50 gizmo:dark:border-0 bg-gray-50 gizmo:bg-transparent dark:bg-[#444654] gizmo:dark:bg-transparent\" data-testid=\"conversation-turn-9\">\n<div class=\"p-4 justify-center text-base md:gap-6 md:py-6 m-auto\">\n<div class=\"flex flex-1 gap-4 text-base mx-auto md:gap-6 md:max-w-2xl lg:max-w-[38rem] xl:max-w-3xl }\">\n<div class=\"relative flex w-[calc(100%-50px)] flex-col gap-1 md:gap-3 lg:w-[calc(100%-115px)]\">\n<div class=\"flex flex-grow flex-col gap-3 max-w-full\">\n<div class=\"min-h-[20px] flex flex-col items-start gap-3 overflow-x-auto whitespace-pre-wrap break-words\">\n<div class=\"markdown prose w-full break-words dark:prose-invert light\">\n<p>M\u00e4\u00e4r\u00e4: 1 ml pussi<\/p>\n<\/div>\n<\/div>\n<\/div>\n<\/div>\n<\/div>\n<\/div>\n<\/div>\n<\/div>\n<\/div>\n<\/div>\n<\/div>\n<\/div>\n<\/div>\n<\/div>\n<\/div>\n<\/div>\n<\/div>\n<\/div>\n<div class=\"absolute bottom-0 left-0 w-full border-t md:border-t-0 dark:border-white\/20 md:border-transparent md:dark:border-transparent md:bg-vert-light-gradient bg-white dark:bg-gray-800 md:!bg-transparent dark:md:bg-vert-dark-gradient pt-2 md:pl-2 md:w-[calc(100%-.5rem)]\">\n<form class=\"stretch mx-2 flex flex-row gap-3 last:mb-2 md:mx-4 md:last:mb-6 lg:mx-auto lg:max-w-2xl xl:max-w-3xl\">\n<div class=\"relative flex h-full flex-1 items-stretch md:flex-col\">\n<div>\n<div class=\"h-full flex ml-1 md:w-full md:m-auto md:mb-4 gap-0 md:gap-2 justify-center\"><\/div>\n<\/div>\n<\/div>\n<\/form>\n<\/div>\n","protected":false},"featured_media":22836,"comment_status":"open","ping_status":"closed","template":"","meta":{"_monsterinsights_skip_tracking":false,"_monsterinsights_sitenote_active":false,"_monsterinsights_sitenote_note":"","_monsterinsights_sitenote_category":0},"product_cat":[899,517,476,477,516,475],"product_tag":[524,530],"class_list":{"0":"post-23857","1":"product","2":"type-product","3":"status-publish","4":"has-post-thumbnail","6":"product_cat-emulsiot-fi","7":"product_cat-emulsiot","8":"product_cat-kulmakarvat","9":"product_cat-kulmien-laminointi","10":"product_cat-lash-lift-fi","11":"product_cat-ripset","12":"product_tag-kulmakarvojen-laminointi","13":"product_tag-lash-lift-fi","14":"pa_brand-oko-fi","16":"first","17":"instock","18":"taxable","19":"shipping-taxable","20":"purchasable","21":"product-type-simple"},"_links":{"self":[{"href":"https:\/\/prelive2.pomello.ee\/fi\/wp-json\/wp\/v2\/product\/23857","targetHints":{"allow":["GET"]}}],"collection":[{"href":"https:\/\/prelive2.pomello.ee\/fi\/wp-json\/wp\/v2\/product"}],"about":[{"href":"https:\/\/prelive2.pomello.ee\/fi\/wp-json\/wp\/v2\/types\/product"}],"replies":[{"embeddable":true,"href":"https:\/\/prelive2.pomello.ee\/fi\/wp-json\/wp\/v2\/comments?post=23857"}],"version-history":[{"count":0,"href":"https:\/\/prelive2.pomello.ee\/fi\/wp-json\/wp\/v2\/product\/23857\/revisions"}],"wp:featuredmedia":[{"embeddable":true,"href":"https:\/\/prelive2.pomello.ee\/fi\/wp-json\/wp\/v2\/media\/22836"}],"wp:attachment":[{"href":"https:\/\/prelive2.pomello.ee\/fi\/wp-json\/wp\/v2\/media?parent=23857"}],"wp:term":[{"taxonomy":"product_cat","embeddable":true,"href":"https:\/\/prelive2.pomello.ee\/fi\/wp-json\/wp\/v2\/product_cat?post=23857"},{"taxonomy":"product_tag","embeddable":true,"href":"https:\/\/prelive2.pomello.ee\/fi\/wp-json\/wp\/v2\/product_tag?post=23857"}],"curies":[{"name":"wp","href":"https:\/\/api.w.org\/{rel}","templated":true}]}}