{"id":23851,"date":"2023-09-25T21:18:38","date_gmt":"2023-09-25T18:18:38","guid":{"rendered":"https:\/\/prelive2.pomello.ee\/toode\/oko-shampoo-cloudy-foam-3-in-1\/"},"modified":"2024-04-05T21:43:17","modified_gmt":"2024-04-05T18:43:17","slug":"oko-shampoo-cloudy-foam-3-in-1","status":"publish","type":"product","link":"https:\/\/prelive2.pomello.ee\/fi\/toode\/oko-shampoo-cloudy-foam-3-in-1\/","title":{"rendered":"OKO Shampoo Cloudy Foam 3 in 1"},"content":{"rendered":"","protected":false},"excerpt":{"rendered":"<p>OKO Shampoo Cloudy Foam 3 in 1 puhdistusvaahto kulmakarvoille, ripsille ja kasvoille. Hell\u00e4varaisesti vaahtoava vaahto sopii erinomaisesti kaikille alueille. Poistaa tehokkaasti meikin, \u00f6ljyt, lian jne. ripsist\u00e4, kulmakarvoista ja ihosta.<\/p>\n<p>&nbsp;<\/p>\n<p><strong>Ominaisuudet:<\/strong><\/p>\n<ul>\n<li>Sill\u00e4 on antioksidanttisia ja antiseptisi\u00e4 ominaisuuksia;<\/li>\n<li>Arginiini mahdollistaa tunkeutumisen ihoalueille, sill\u00e4 on positiivinen vaikutus ihoon ja my\u00f6s pehment\u00e4\u00e4;<\/li>\n<li>Aloe-uute kosteuttaa tehokkaasti ihoa ja vahvistaa solukalvoja;<\/li>\n<li>Ei aiheuta \u00e4rsytyst\u00e4 tai kuivaa ihoa.<\/li>\n<\/ul>\n<p>&nbsp;<\/p>\n<p>K\u00e4ytt\u00f6: Ravista pulloa hyvin ja paina sitten pumppua vaahdon muodostamiseksi. Levit\u00e4 tuotetta alueelle siveltimell\u00e4 tai vanulapulla ja levit\u00e4 tasaisesti. Huuhtele sitten vedell\u00e4.<\/p>\n<p>&nbsp;<\/p>\n<p>Tilavuus: 80ml<\/p>\n","protected":false},"featured_media":22841,"comment_status":"open","ping_status":"closed","template":"","meta":{"_monsterinsights_skip_tracking":false,"_monsterinsights_sitenote_active":false,"_monsterinsights_sitenote_note":"","_monsterinsights_sitenote_category":0},"product_cat":[518,915,476,520,475],"product_tag":[],"class_list":{"0":"post-23851","1":"product","2":"type-product","3":"status-publish","4":"has-post-thumbnail","6":"product_cat-jalkihoito","7":"product_cat-esi-ja-jalkihoito","8":"product_cat-kulmakarvat","9":"product_cat-puhdistustuotteet","10":"product_cat-ripset","11":"pa_brand-oko-fi","12":"pa_suurus-80-ml-fi","14":"first","15":"instock","16":"taxable","17":"shipping-taxable","18":"purchasable","19":"product-type-simple"},"_links":{"self":[{"href":"https:\/\/prelive2.pomello.ee\/fi\/wp-json\/wp\/v2\/product\/23851","targetHints":{"allow":["GET"]}}],"collection":[{"href":"https:\/\/prelive2.pomello.ee\/fi\/wp-json\/wp\/v2\/product"}],"about":[{"href":"https:\/\/prelive2.pomello.ee\/fi\/wp-json\/wp\/v2\/types\/product"}],"replies":[{"embeddable":true,"href":"https:\/\/prelive2.pomello.ee\/fi\/wp-json\/wp\/v2\/comments?post=23851"}],"version-history":[{"count":0,"href":"https:\/\/prelive2.pomello.ee\/fi\/wp-json\/wp\/v2\/product\/23851\/revisions"}],"wp:featuredmedia":[{"embeddable":true,"href":"https:\/\/prelive2.pomello.ee\/fi\/wp-json\/wp\/v2\/media\/22841"}],"wp:attachment":[{"href":"https:\/\/prelive2.pomello.ee\/fi\/wp-json\/wp\/v2\/media?parent=23851"}],"wp:term":[{"taxonomy":"product_cat","embeddable":true,"href":"https:\/\/prelive2.pomello.ee\/fi\/wp-json\/wp\/v2\/product_cat?post=23851"},{"taxonomy":"product_tag","embeddable":true,"href":"https:\/\/prelive2.pomello.ee\/fi\/wp-json\/wp\/v2\/product_tag?post=23851"}],"curies":[{"name":"wp","href":"https:\/\/api.w.org\/{rel}","templated":true}]}}