{"id":23849,"date":"2023-09-25T21:42:10","date_gmt":"2023-09-25T18:42:10","guid":{"rendered":"https:\/\/prelive2.pomello.ee\/toode\/oko-eyebrow-conture-paste\/"},"modified":"2024-04-05T21:43:16","modified_gmt":"2024-04-05T18:43:16","slug":"oko-eyebrow-conture-paste","status":"publish","type":"product","link":"https:\/\/prelive2.pomello.ee\/fi\/toode\/oko-eyebrow-conture-paste\/","title":{"rendered":"OKO Eyebrow Conture Paste"},"content":{"rendered":"<p>OKO Eyebrow Contour Paste on eritt\u00e4in hyv\u00e4 ty\u00f6kalu kulmakarvojen muotoiluun, ennen kuin aloitat ty\u00f6skentelyn kulmakarvojen v\u00e4rill\u00e4. Sopii k\u00e4ytett\u00e4v\u00e4ksi kaikkien kemiallisten v\u00e4rien ja hennan kanssa.<\/p>\n","protected":false},"excerpt":{"rendered":"<p>OKO Eyebrow Conture Paste &#8211; White Pearl on tiivis rakenne ja se suojaa ihoa kulmakarvojen v\u00e4rj\u00e4yksen aikana. Kulmakarvatahna ei hajota v\u00e4ri\u00e4 ja varmistaa ihanteellisen v\u00e4rituloksen.<\/p>\n<p>&nbsp;<\/p>\n<p>Tuotteella on pehme\u00e4 koostumus ja se on helppo levitt\u00e4\u00e4 siveltimell\u00e4. Maalauksen j\u00e4lkeen se voidaan helposti poistaa vanulapulla.<\/p>\n<p>&nbsp;<\/p>\n<p>OKO kulmakarvatahna on hypoallergeeninen ja sopii kaikille ihotyypeille.<\/p>\n<p>&nbsp;<\/p>\n<p><strong>Ominaisuudet:<\/strong><\/p>\n<ul>\n<li>Tihe\u00e4, ei-\u00f6ljyinen kermainen rakenne;<\/li>\n<li>Voidaan k\u00e4ytt\u00e4\u00e4 v\u00e4rj\u00e4\u00e4miseen sek\u00e4 kemiallisilla v\u00e4reill\u00e4 ett\u00e4 hennalla;<\/li>\n<li>Suojaa ihoa ei-toivotulta v\u00e4rj\u00e4ytymiselt\u00e4;<\/li>\n<li>Helppo levitt\u00e4\u00e4 ja poistaa maalauksen j\u00e4lkeen;<\/li>\n<li>Sopii kaikille ihotyypeille.<\/li>\n<\/ul>\n<p>&nbsp;<\/p>\n<p>VEGAN<\/p>\n<p>&nbsp;<\/p>\n<p><strong>K\u00e4ytt\u00f6:<\/strong> K\u00e4yt\u00e4 tahnaa luodaksesi ehdotetun kulmakarvojen muodon levitt\u00e4m\u00e4ll\u00e4 pieni m\u00e4\u00e4r\u00e4 \u00e4\u00e4riviivatahnaa kulmakarvojen ymp\u00e4rille siveltimell\u00e4. Sit\u00e4 voidaan k\u00e4ytt\u00e4\u00e4 my\u00f6s kulmakarvojen muotoiluun langalla. Maalauksen j\u00e4lkeen poista iholta kostealla vanulapulla.<\/p>\n<p>&nbsp;<\/p>\n<p>Tilavuus: 15ml<\/p>\n","protected":false},"featured_media":22932,"comment_status":"open","ping_status":"closed","template":"","meta":{"_monsterinsights_skip_tracking":false,"_monsterinsights_sitenote_active":false,"_monsterinsights_sitenote_note":"","_monsterinsights_sitenote_category":0},"product_cat":[476,510],"product_tag":[],"class_list":{"0":"post-23849","1":"product","2":"type-product","3":"status-publish","4":"has-post-thumbnail","6":"product_cat-kulmakarvat","7":"product_cat-kulmakarvojen-tahna","8":"pa_brand-oko-fi","9":"pa_suurus-15-ml-fi","11":"first","12":"outofstock","13":"taxable","14":"shipping-taxable","15":"purchasable","16":"product-type-simple"},"_links":{"self":[{"href":"https:\/\/prelive2.pomello.ee\/fi\/wp-json\/wp\/v2\/product\/23849","targetHints":{"allow":["GET"]}}],"collection":[{"href":"https:\/\/prelive2.pomello.ee\/fi\/wp-json\/wp\/v2\/product"}],"about":[{"href":"https:\/\/prelive2.pomello.ee\/fi\/wp-json\/wp\/v2\/types\/product"}],"replies":[{"embeddable":true,"href":"https:\/\/prelive2.pomello.ee\/fi\/wp-json\/wp\/v2\/comments?post=23849"}],"version-history":[{"count":0,"href":"https:\/\/prelive2.pomello.ee\/fi\/wp-json\/wp\/v2\/product\/23849\/revisions"}],"wp:featuredmedia":[{"embeddable":true,"href":"https:\/\/prelive2.pomello.ee\/fi\/wp-json\/wp\/v2\/media\/22932"}],"wp:attachment":[{"href":"https:\/\/prelive2.pomello.ee\/fi\/wp-json\/wp\/v2\/media?parent=23849"}],"wp:term":[{"taxonomy":"product_cat","embeddable":true,"href":"https:\/\/prelive2.pomello.ee\/fi\/wp-json\/wp\/v2\/product_cat?post=23849"},{"taxonomy":"product_tag","embeddable":true,"href":"https:\/\/prelive2.pomello.ee\/fi\/wp-json\/wp\/v2\/product_tag?post=23849"}],"curies":[{"name":"wp","href":"https:\/\/api.w.org\/{rel}","templated":true}]}}