{"id":23839,"date":"2023-07-25T22:10:45","date_gmt":"2023-07-25T19:10:45","guid":{"rendered":"https:\/\/prelive2.pomello.ee\/toode\/noemi-hybrid-dye-ripsi-ja-kulmavari\/"},"modified":"2024-04-04T20:19:26","modified_gmt":"2024-04-04T17:19:26","slug":"noemi-hybrid-dye-ripsi-ja-kulmavari","status":"publish","type":"product","link":"https:\/\/prelive2.pomello.ee\/fi\/toode\/noemi-hybrid-dye-ripsi-ja-kulmavari\/","title":{"rendered":"NOEMI Hybrid Dye ripsi- ja kulmav\u00e4ri"},"content":{"rendered":"<p>Noemin hybridiv\u00e4ri sopii k\u00e4ytett\u00e4v\u00e4ksi sek\u00e4 kulmakarvoissa ett\u00e4 ripsiss\u00e4.<\/p>\n<p>&nbsp;<\/p>\n<p>Maalin pH on 9-10, mik\u00e4 tarkoittaa, ett\u00e4 se tunkeutuu hiuksiin ja varmistaa pitk\u00e4kestoisen vaikutuksen. V\u00e4ri pysyy iholla noin <strong>8 p\u00e4iv\u00e4\u00e4<\/strong> ja hiuksissa noin 5-6 viikkoa varmistaen intensiivisen lopputuloksen.<\/p>\n<p>&nbsp;<\/p>\n<p>V\u00e4rivalikoimassa on 9 v\u00e4ri\u00e4! Niit\u00e4 kaikkia voidaan sekoittaa kesken\u00e4\u00e4n t\u00e4ydellisen s\u00e4vyn luomiseksi.<\/p>\n<p>&nbsp;<\/p>\n<p>\u2705 Ravitseva ja v\u00e4rik\u00e4s<\/p>\n<p>\u2705 J\u00e4tt\u00e4\u00e4 tatuointivaikutelman<\/p>\n<p>\u2705 Hennauute, oliivi\u00f6ljy, vihre\u00e4 tee, aloe<\/p>\n<p>\u2705 Ihanteellinen kulmakarvojen laminoinnin j\u00e4lkeen, Noemi Brow and Lash Color hoitaa hiuksia<\/p>\n<p>\u2705 9 upeaa v\u00e4ri\u00e4<\/p>\n<p>\u2705 Noem-v\u00e4rit tulee sekoittaa Noemi 3% Developer<\/p>\n<p>&nbsp;<\/p>\n<p>Henn-uute antaa pysyv\u00e4n meikinvaikutuksen samalla hoitaen ja suojaten hiusten rakennetta. Sammuti suojaa UV-s\u00e4teilylt\u00e4 ja hiusten katkeilulta ja antaa hiuksille t\u00e4ytel\u00e4isyytt\u00e4 ja kiiltoa sek\u00e4 stimuloi hiusten kasvua.<\/p>\n<p>&nbsp;<\/p>\n<p><strong>Oliivi\u00f6ljy<\/strong> suojaa kulmakarvoja ja ripsi\u00e4 kuivumiselta ja antaa niille kiiltoa.<\/p>\n<p><strong>Vihre\u00e4 tee<\/strong> vahvistaa kulmakarvoja ja ripsi\u00e4 koostumuksensa ansiosta ja stimuloi hiusten kasvua.<\/p>\n<p><strong>Aloe vera<\/strong> palauttaa kadonneen kosteuden kuiviin hiuksiin. Vahvistaa hiusten rakennetta ja elvytt\u00e4\u00e4 heikentyneet hiukset\/ripset.<\/p>\n<p>&nbsp;<\/p>\n<p><strong>K\u00e4ytt\u00f6ohje<\/strong>: Sekoita Noemi 3% Developer ja Noemi v\u00e4ri samassa suhteessa ei-metallisessa astiassa, kunnes saat tasaisen koostumuksen. Suosittelemme k\u00e4ytt\u00e4m\u00e4\u00e4n 0,5 cm maalia ja saman m\u00e4\u00e4r\u00e4n hapetinta. Levit\u00e4 saatu seos siveltimell\u00e4 haluttuun kulmakarvojen muotoon. V\u00e4ri\u00e4 on levitett\u00e4v\u00e4 ohuena kerroksena nopein liikkein ilman keskeytyksi\u00e4. Levit\u00e4 v\u00e4ri\u00e4 ripsille tasaisena kerroksena siveltimell\u00e4. Pid\u00e4 silm\u00e4si kiinni v\u00e4rj\u00e4yksen aikana.<\/p>\n<p>&nbsp;<\/p>\n<p>Kulmien v\u00e4rj\u00e4ysaika on 8-10 minuuttia luonnolliseen lopputulokseen ja 15 minuuttia vahvempaan vaikutukseen. Kulmakarvojen laminoinnin j\u00e4lkeen v\u00e4rj\u00e4ysaika on 1-3 minuuttia riippuen halutun s\u00e4vyn intensiteetist\u00e4.<\/p>\n<p>&nbsp;<\/p>\n<p>Ripsien v\u00e4rj\u00e4ysaika on 8-15 minuuttia.<\/p>\n<p>&nbsp;<\/p>\n<p>Poista halutun ajan kuluttua v\u00e4ri kulmakarvoista\/ripsist\u00e4 varovasti kostealla vanulapulla.<\/p>\n<p>&nbsp;<\/p>\n<p>Tilavuus: 15 ml | K\u00e4ytt\u00f6aika: 12 kuukautta ensimm\u00e4isest\u00e4 k\u00e4ytt\u00f6kerrasta.<\/p>\n<p>&nbsp;<\/p>\n<p>Koostumus: Henniuute, Aloe, Oliivi\u00f6ljy ja vihre\u00e4 tee. Vihre\u00e4ll\u00e4 teell\u00e4 ja aloe veralla on ihoa pehment\u00e4v\u00e4 ja hoitava vaikutus. Henn-uute sis\u00e4lt\u00e4\u00e4 fenoleja, jotka auttavat stimuloimaan karvatuppien kasvua. Se sis\u00e4lt\u00e4\u00e4 my\u00f6s proteiineja, antioksidantteja ja E-vitamiinia korjaamaan vaurioituneita hiuksia.<\/p>\n","protected":false},"excerpt":{"rendered":"<p>Noemi Hybrid Dye ripsi- ja kulmav\u00e4ri on vallankumouksellinen hybridiv\u00e4riaine, jonka hoitava koostumus on suunniteltu k\u00e4ytett\u00e4v\u00e4ksi sek\u00e4 kulmissa ett\u00e4 ripsiss\u00e4. T\u00e4m\u00e4 innovatiivinen tuote ei vain v\u00e4rj\u00e4\u00e4 turkkia, vaan j\u00e4tt\u00e4\u00e4 my\u00f6s kauniin s\u00e4vyn iholle luoden upean ilmeen. Noemin Hybrid-maali sis\u00e4lt\u00e4\u00e4 hoitavia ainesosia, jotka vahvistavat hiuksia, suojaavat sit\u00e4 vaurioilta ja jopa edist\u00e4v\u00e4t kulmakarvojen kasvua.  <\/p>\n<p>&nbsp;<\/p>\n<p>V\u00e4rej\u00e4 voidaan k\u00e4ytt\u00e4\u00e4 100 % puhtaassa muodossa ilman pelkoa ei-toivotuista keltaisista, punaisista tai vihreist\u00e4 s\u00e4vyist\u00e4. V\u00e4rit voidaan my\u00f6s sekoittaa kesken\u00e4\u00e4n erityisten s\u00e4vyyhdistelmien luomiseksi. Lis\u00e4ksi ne eiv\u00e4t tummenna kulmakarvoja, sill\u00e4 Naomin Hybrid-v\u00e4reill\u00e4 on erityinen voima vaalentaa luonnollisia karvoja 1-2 s\u00e4vyll\u00e4. Joten saat aina t\u00e4ydellisen ja halutun tuloksen.<\/p>\n","protected":false},"featured_media":22786,"comment_status":"open","ping_status":"closed","template":"","meta":{"_monsterinsights_skip_tracking":false,"_monsterinsights_sitenote_active":false,"_monsterinsights_sitenote_note":"","_monsterinsights_sitenote_category":0},"product_cat":[909,476,475,478,479],"product_tag":[],"class_list":{"0":"post-23839","1":"product","2":"type-product","3":"status-publish","4":"has-post-thumbnail","6":"product_cat-kestovari","7":"product_cat-kulmakarvat","8":"product_cat-ripset","9":"product_cat-ripsien-ja-kulmakarvojen-varit","10":"product_cat-ripsien-ja-kulmakarvojen-varit-fi","11":"pa_brand-noemi-fi","12":"pa_suurus-15-ml-fi","13":"pa_varv-black-fi","14":"pa_varv-blue-black-fi","15":"pa_varv-chestnut-fi","16":"pa_varv-dark-brown-fi","17":"pa_varv-golden-blond-fi","18":"pa_varv-graphite-fi","19":"pa_varv-light-brown-fi","20":"pa_varv-mahogany-fi","21":"pa_varv-medium-brown-fi","23":"first","24":"instock","25":"taxable","26":"shipping-taxable","27":"purchasable","28":"product-type-variable"},"_links":{"self":[{"href":"https:\/\/prelive2.pomello.ee\/fi\/wp-json\/wp\/v2\/product\/23839","targetHints":{"allow":["GET"]}}],"collection":[{"href":"https:\/\/prelive2.pomello.ee\/fi\/wp-json\/wp\/v2\/product"}],"about":[{"href":"https:\/\/prelive2.pomello.ee\/fi\/wp-json\/wp\/v2\/types\/product"}],"replies":[{"embeddable":true,"href":"https:\/\/prelive2.pomello.ee\/fi\/wp-json\/wp\/v2\/comments?post=23839"}],"version-history":[{"count":0,"href":"https:\/\/prelive2.pomello.ee\/fi\/wp-json\/wp\/v2\/product\/23839\/revisions"}],"wp:featuredmedia":[{"embeddable":true,"href":"https:\/\/prelive2.pomello.ee\/fi\/wp-json\/wp\/v2\/media\/22786"}],"wp:attachment":[{"href":"https:\/\/prelive2.pomello.ee\/fi\/wp-json\/wp\/v2\/media?parent=23839"}],"wp:term":[{"taxonomy":"product_cat","embeddable":true,"href":"https:\/\/prelive2.pomello.ee\/fi\/wp-json\/wp\/v2\/product_cat?post=23839"},{"taxonomy":"product_tag","embeddable":true,"href":"https:\/\/prelive2.pomello.ee\/fi\/wp-json\/wp\/v2\/product_tag?post=23839"}],"curies":[{"name":"wp","href":"https:\/\/api.w.org\/{rel}","templated":true}]}}