{"id":23834,"date":"2023-07-26T22:28:09","date_gmt":"2023-07-26T19:28:09","guid":{"rendered":"https:\/\/prelive2.pomello.ee\/toode\/noemi-brow-primer-50ml\/"},"modified":"2023-07-26T22:28:09","modified_gmt":"2023-07-26T19:28:09","slug":"noemi-brow-primer-50ml","status":"publish","type":"product","link":"https:\/\/prelive2.pomello.ee\/fi\/toode\/noemi-brow-primer-50ml\/","title":{"rendered":"NOEMI Brow Primer 50ml"},"content":{"rendered":"<p>Noemi Brow Primer valmistelee kulmakarvat v\u00e4rj\u00e4yst\u00e4 varten. Primer puhdistaa, ravitsee ja palauttaa hell\u00e4varaisesti eik\u00e4 j\u00e4t\u00e4 ihoa rasvaiseksi tai tahmeaksi. Sopii my\u00f6s herk\u00e4lle iholle aiheuttamatta \u00e4rsytyst\u00e4.<\/p>\n<p>&nbsp;<\/p>\n<div class=\"group w-full text-gray-800 dark:text-gray-100 border-b border-black\/10 dark:border-gray-900\/50 bg-gray-50 dark:bg-[#444654]\">\n<div class=\"flex p-4 gap-4 text-base md:gap-6 md:max-w-2xl lg:max-w-[38rem] xl:max-w-3xl md:py-6 lg:px-0 m-auto\">\n<div class=\"relative flex w-[calc(100%-50px)] flex-col gap-1 md:gap-3 lg:w-[calc(100%-115px)]\">\n<div class=\"flex flex-grow flex-col gap-3\">\n<div class=\"min-h-[20px] flex items-start overflow-x-auto whitespace-pre-wrap break-words flex-col gap-4\">\n<div class=\"markdown prose w-full break-words dark:prose-invert light\">\n<p>K\u00e4ytt\u00f6: Suihkuta kahdesti vanulappuun ja pyyhi kulmien alueelle. \u00c4l\u00e4 huuhtele.<\/p>\n<\/div>\n<\/div>\n<\/div>\n<\/div>\n<\/div>\n<\/div>\n","protected":false},"excerpt":{"rendered":"<p>Noemi Brow Primer puhdistaa hell\u00e4varaisesti, ravitsee ja valmistelee kulmien alueen kiinteytt\u00e4miseen.<\/p>\n","protected":false},"featured_media":22763,"comment_status":"open","ping_status":"closed","template":"","meta":{"_monsterinsights_skip_tracking":false,"_monsterinsights_sitenote_active":false,"_monsterinsights_sitenote_note":"","_monsterinsights_sitenote_category":0},"product_cat":[915,916,476],"product_tag":[],"class_list":{"0":"post-23834","1":"product","2":"type-product","3":"status-publish","4":"has-post-thumbnail","6":"product_cat-esi-ja-jalkihoito","7":"product_cat-esihoito-fi","8":"product_cat-kulmakarvat","9":"pa_brand-noemi-fi","10":"pa_suurus-50-ml-fi","12":"first","13":"instock","14":"taxable","15":"shipping-taxable","16":"purchasable","17":"product-type-simple"},"_links":{"self":[{"href":"https:\/\/prelive2.pomello.ee\/fi\/wp-json\/wp\/v2\/product\/23834","targetHints":{"allow":["GET"]}}],"collection":[{"href":"https:\/\/prelive2.pomello.ee\/fi\/wp-json\/wp\/v2\/product"}],"about":[{"href":"https:\/\/prelive2.pomello.ee\/fi\/wp-json\/wp\/v2\/types\/product"}],"replies":[{"embeddable":true,"href":"https:\/\/prelive2.pomello.ee\/fi\/wp-json\/wp\/v2\/comments?post=23834"}],"version-history":[{"count":0,"href":"https:\/\/prelive2.pomello.ee\/fi\/wp-json\/wp\/v2\/product\/23834\/revisions"}],"wp:featuredmedia":[{"embeddable":true,"href":"https:\/\/prelive2.pomello.ee\/fi\/wp-json\/wp\/v2\/media\/22763"}],"wp:attachment":[{"href":"https:\/\/prelive2.pomello.ee\/fi\/wp-json\/wp\/v2\/media?parent=23834"}],"wp:term":[{"taxonomy":"product_cat","embeddable":true,"href":"https:\/\/prelive2.pomello.ee\/fi\/wp-json\/wp\/v2\/product_cat?post=23834"},{"taxonomy":"product_tag","embeddable":true,"href":"https:\/\/prelive2.pomello.ee\/fi\/wp-json\/wp\/v2\/product_tag?post=23834"}],"curies":[{"name":"wp","href":"https:\/\/api.w.org\/{rel}","templated":true}]}}